{"id":953,"date":"2025-11-26T12:52:28","date_gmt":"2025-11-26T12:52:28","guid":{"rendered":"https:\/\/smartmediaagency.com\/reseaux-sociaux\/"},"modified":"2026-02-23T08:54:41","modified_gmt":"2026-02-23T08:54:41","slug":"reseaux-sociaux","status":"publish","type":"page","link":"https:\/\/smartmediaagency.com\/fr\/nos-solutions\/reseaux-sociaux\/","title":{"rendered":"R\u00e9seaux sociaux"},"content":{"rendered":"\t\t<div data-elementor-type=\"wp-page\" data-elementor-id=\"953\" class=\"elementor elementor-953 elementor-862\" data-elementor-post-type=\"page\">\n\t\t\t\t<div class=\"elementor-element elementor-element-c9a9a2e e-flex e-con-boxed e-con e-parent\" data-id=\"c9a9a2e\" data-element_type=\"container\" data-e-type=\"container\" data-settings=\"{&quot;background_background&quot;:&quot;classic&quot;,&quot;jet_parallax_layout_list&quot;:[]}\">\n\t\t\t\t\t<div class=\"e-con-inner\">\n\t\t\t\t<div class=\"elementor-element elementor-element-80b623b elementor-widget elementor-widget-heading\" data-id=\"80b623b\" data-element_type=\"widget\" data-e-type=\"widget\" data-widget_type=\"heading.default\">\n\t\t\t\t\t<h1 class=\"elementor-heading-title elementor-size-default\">R\u00e9seaux sociaux\n<\/h1>\t\t\t\t<\/div>\n\t\t\t\t\t<\/div>\n\t\t\t\t<\/div>\n\t\t<div class=\"elementor-element elementor-element-7ab76fb e-con-full e-flex e-con e-parent\" data-id=\"7ab76fb\" data-element_type=\"container\" data-e-type=\"container\" data-settings=\"{&quot;jet_parallax_layout_list&quot;:[]}\">\n\t\t<div class=\"elementor-element elementor-element-13cd942 e-con-full e-flex e-con e-child\" data-id=\"13cd942\" data-element_type=\"container\" data-e-type=\"container\" data-settings=\"{&quot;jet_parallax_layout_list&quot;:[]}\">\n\t\t\t\t<div class=\"elementor-element elementor-element-e472f91 elementor-widget__width-inherit side-img elementor-widget elementor-widget-image\" data-id=\"e472f91\" data-element_type=\"widget\" data-e-type=\"widget\" data-widget_type=\"image.default\">\n\t\t\t\t\t\t\t\t\t\t\t\t\t\t\t<img fetchpriority=\"high\" decoding=\"async\" width=\"800\" height=\"600\" src=\"https:\/\/smartmediaagency.com\/wp-content\/uploads\/2025\/11\/Social_Media_iPhone-scaled-1-1024x768.jpg\" class=\"attachment-large size-large wp-image-951\" alt=\"\" srcset=\"https:\/\/smartmediaagency.com\/wp-content\/uploads\/2025\/11\/Social_Media_iPhone-scaled-1-1024x768.jpg 1024w, https:\/\/smartmediaagency.com\/wp-content\/uploads\/2025\/11\/Social_Media_iPhone-scaled-1-300x225.jpg 300w, https:\/\/smartmediaagency.com\/wp-content\/uploads\/2025\/11\/Social_Media_iPhone-scaled-1-768x576.jpg 768w, https:\/\/smartmediaagency.com\/wp-content\/uploads\/2025\/11\/Social_Media_iPhone-scaled-1-1536x1152.jpg 1536w, https:\/\/smartmediaagency.com\/wp-content\/uploads\/2025\/11\/Social_Media_iPhone-scaled-1-2048x1536.jpg 2048w\" sizes=\"(max-width: 800px) 100vw, 800px\" \/>\t\t\t\t\t\t\t\t\t\t\t\t\t\t\t<\/div>\n\t\t\t\t<\/div>\n\t\t<div class=\"elementor-element elementor-element-8ab0d2f e-con-full e-flex e-con e-child\" data-id=\"8ab0d2f\" data-element_type=\"container\" data-e-type=\"container\" data-settings=\"{&quot;background_background&quot;:&quot;classic&quot;,&quot;jet_parallax_layout_list&quot;:[]}\">\n\t\t\t\t<div class=\"elementor-element elementor-element-6fee5c0 elementor-widget elementor-widget-heading\" data-id=\"6fee5c0\" data-element_type=\"widget\" data-e-type=\"widget\" data-widget_type=\"heading.default\">\n\t\t\t\t\t<h2 class=\"elementor-heading-title elementor-size-default\">O\u00f9 mieux positionner votre marque ?<br>\n<\/h2>\t\t\t\t<\/div>\n\t\t\t\t<div class=\"elementor-element elementor-element-dfbb607 elementor-widget elementor-widget-text-editor\" data-id=\"dfbb607\" data-element_type=\"widget\" data-e-type=\"widget\" data-widget_type=\"text-editor.default\">\n\t\t\t\t\t\t\t\t\t<p>Les r\u00e9seaux sociaux constituent aujourd\u2019hui un m\u00e9tier d\u2019expert. Comment atteindre votre groupe cible et comment engager vos fans en faveur de votre marque? Une pr\u00e9sence sur les r\u00e9seaux sociaux sans strat\u00e9gie ni plan appropri\u00e9s peut \u00eatre tout aussi dommageable pour votre entreprise que l\u2019absence totale de plan.<\/p><p>Nous sommes une \u00e9quipe d\u2019experts qui transforment votre strat\u00e9gie de marketing de contenu en un contenu attrayant pour les r\u00e9seaux sociaux et qui transforment vos followers en fans de votre marque.<br><\/p>\t\t\t\t\t\t\t\t<\/div>\n\t\t\t\t<\/div>\n\t\t\t\t<\/div>\n\t\t<div class=\"elementor-element elementor-element-14ebd9a e-con-full e-flex e-con e-parent\" data-id=\"14ebd9a\" data-element_type=\"container\" data-e-type=\"container\" data-settings=\"{&quot;jet_parallax_layout_list&quot;:[]}\">\n\t\t<div class=\"elementor-element elementor-element-557804f e-con-full e-flex e-con e-child\" data-id=\"557804f\" data-element_type=\"container\" data-e-type=\"container\" data-settings=\"{&quot;jet_parallax_layout_list&quot;:[]}\">\n\t\t\t\t<div class=\"elementor-element elementor-element-ef77915 elementor-widget__width-inherit side-img elementor-widget elementor-widget-image\" data-id=\"ef77915\" data-element_type=\"widget\" data-e-type=\"widget\" data-widget_type=\"image.default\">\n\t\t\t\t\t\t\t\t\t\t\t\t\t\t\t<img decoding=\"async\" width=\"800\" height=\"534\" src=\"https:\/\/smartmediaagency.com\/wp-content\/uploads\/2025\/11\/AdobeStock_435500539-2-1024x683.jpg\" class=\"attachment-large size-large wp-image-930\" alt=\"\" srcset=\"https:\/\/smartmediaagency.com\/wp-content\/uploads\/2025\/11\/AdobeStock_435500539-2-1024x683.jpg 1024w, https:\/\/smartmediaagency.com\/wp-content\/uploads\/2025\/11\/AdobeStock_435500539-2-300x200.jpg 300w, https:\/\/smartmediaagency.com\/wp-content\/uploads\/2025\/11\/AdobeStock_435500539-2-768x512.jpg 768w, https:\/\/smartmediaagency.com\/wp-content\/uploads\/2025\/11\/AdobeStock_435500539-2-1536x1025.jpg 1536w, https:\/\/smartmediaagency.com\/wp-content\/uploads\/2025\/11\/AdobeStock_435500539-2.jpg 2048w\" sizes=\"(max-width: 800px) 100vw, 800px\" \/>\t\t\t\t\t\t\t\t\t\t\t\t\t\t\t<\/div>\n\t\t\t\t<\/div>\n\t\t<div class=\"elementor-element elementor-element-b5c6421 e-con-full e-flex e-con e-child\" data-id=\"b5c6421\" data-element_type=\"container\" data-e-type=\"container\" data-settings=\"{&quot;background_background&quot;:&quot;classic&quot;,&quot;jet_parallax_layout_list&quot;:[]}\">\n\t\t\t\t<div class=\"elementor-element elementor-element-b1b61dd elementor-widget__width-inherit elementor-widget elementor-widget-shortcode\" data-id=\"b1b61dd\" data-element_type=\"widget\" data-e-type=\"widget\" data-widget_type=\"shortcode.default\">\n\t\t\t\t\t\t\t<div class=\"elementor-shortcode\"><style id=\"wpforms-css-vars-574\">\n\t\t\t\t#wpforms-574 {\n\t\t\t\t--wpforms-field-size-input-height: 43px;\n--wpforms-field-size-input-spacing: 15px;\n--wpforms-field-size-font-size: 16px;\n--wpforms-field-size-line-height: 19px;\n--wpforms-field-size-padding-h: 14px;\n--wpforms-field-size-checkbox-size: 16px;\n--wpforms-field-size-sublabel-spacing: 5px;\n--wpforms-field-size-icon-size: 1;\n--wpforms-label-size-font-size: 16px;\n--wpforms-label-size-line-height: 19px;\n--wpforms-label-size-sublabel-font-size: 14px;\n--wpforms-label-size-sublabel-line-height: 17px;\n--wpforms-button-size-font-size: 17px;\n--wpforms-button-size-height: 41px;\n--wpforms-button-size-padding-h: 15px;\n--wpforms-button-size-margin-top: 10px;\n--wpforms-container-shadow-size-box-shadow: none;\n\t\t\t}\n\t\t\t<\/style><div class=\"wpforms-container wpforms-container-full wpforms-render-modern\" id=\"wpforms-574\"><form id=\"wpforms-form-574\" class=\"wpforms-validate wpforms-form wpforms-ajax-form\" data-formid=\"574\" method=\"post\" enctype=\"multipart\/form-data\" action=\"\/fr\/wp-json\/wp\/v2\/pages\/953\" data-token=\"b1ad5f8afa87461a9f35ce2962cbd7e6\" data-token-time=\"1776661233\"><noscript class=\"wpforms-error-noscript\">Veuillez activer JavaScript dans votre navigateur pour remplir ce formulaire.<\/noscript><div id=\"wpforms-error-noscript\" style=\"display: none;\">Veuillez activer JavaScript dans votre navigateur pour remplir ce formulaire.<\/div><div class=\"wpforms-field-container\"><div id=\"wpforms-574-field_1-container\" class=\"wpforms-field wpforms-field-text\" data-field-id=\"1\"><label class=\"wpforms-field-label\" for=\"wpforms-574-field_1\">Nom <span class=\"wpforms-required-label\" aria-hidden=\"true\">*<\/span><\/label><input type=\"text\" id=\"wpforms-574-field_1\" class=\"wpforms-field-large wpforms-field-required\" name=\"wpforms[fields][1]\" aria-errormessage=\"wpforms-574-field_1-error\" required><\/div><div id=\"wpforms-574-field_2-container\" class=\"wpforms-field wpforms-field-email\" data-field-id=\"2\"><label class=\"wpforms-field-label\" for=\"wpforms-574-field_2\">Email <span class=\"wpforms-required-label\" aria-hidden=\"true\">*<\/span><\/label><input type=\"email\" id=\"wpforms-574-field_2\" class=\"wpforms-field-large wpforms-field-required\" name=\"wpforms[fields][2]\" spellcheck=\"false\" aria-errormessage=\"wpforms-574-field_2-error\" required><\/div><div id=\"wpforms-574-field_6-container\" class=\"wpforms-field wpforms-field-text\" data-field-id=\"6\"><label class=\"wpforms-field-label\" for=\"wpforms-574-field_6\">Num\u00e9ro de t\u00e9l\u00e9phone <\/label><input type=\"text\" id=\"wpforms-574-field_6\" class=\"wpforms-field-large\" name=\"wpforms[fields][6]\" aria-errormessage=\"wpforms-574-field_6-error\" ><\/div><div id=\"wpforms-574-field_7-container\" class=\"wpforms-field wpforms-field-textarea\" data-field-id=\"7\"><label class=\"wpforms-field-label\" for=\"wpforms-574-field_7\">Message <span class=\"wpforms-required-label\" aria-hidden=\"true\">*<\/span><\/label><textarea id=\"wpforms-574-field_7\" class=\"wpforms-field-medium wpforms-field-required\" name=\"wpforms[fields][7]\" aria-errormessage=\"wpforms-574-field_7-error\" required><\/textarea><\/div><div id=\"wpforms-574-field_9-container\" class=\"wpforms-field wpforms-field-checkbox terms-conditions\" data-field-id=\"9\"><fieldset><legend class=\"wpforms-field-label wpforms-label-hide\" aria-hidden=\"false\"> <span class=\"wpforms-required-label\" aria-hidden=\"true\">*<\/span><\/legend><ul id=\"wpforms-574-field_9\" class=\"wpforms-field-required\"><li class=\"choice-1 depth-1\"><input type=\"checkbox\" id=\"wpforms-574-field_9_1\" name=\"wpforms[fields][9][]\" value=\"J&#039;accepte les conditions g\u00e9n\u00e9rales.\" aria-errormessage=\"wpforms-574-field_9_1-error\" required ><label class=\"wpforms-field-label-inline\" for=\"wpforms-574-field_9_1\">J'accepte les conditions g\u00e9n\u00e9rales.<\/label><\/li><\/ul><\/fieldset><\/div><div id=\"wpforms-574-field_10-container\" class=\"wpforms-field wpforms-field-checkbox subscribe-newsletter\" data-field-id=\"10\"><fieldset><legend class=\"wpforms-field-label wpforms-label-hide\" aria-hidden=\"false\"><\/legend><ul id=\"wpforms-574-field_10\"><li class=\"choice-1 depth-1\"><input type=\"checkbox\" id=\"wpforms-574-field_10_1\" name=\"wpforms[fields][10][]\" value=\"Je souhaite m&#039;abonner \u00e0 la newsletter mensuelle.\" aria-errormessage=\"wpforms-574-field_10_1-error\"  ><label class=\"wpforms-field-label-inline\" for=\"wpforms-574-field_10_1\">Je souhaite m'abonner \u00e0 la newsletter mensuelle.<\/label><\/li><\/ul><\/fieldset><\/div><\/div><!-- .wpforms-field-container --><div class=\"wpforms-submit-container\" ><input type=\"hidden\" name=\"wpforms[id]\" value=\"574\"><input type=\"hidden\" name=\"page_title\" value=\"\"><input type=\"hidden\" name=\"page_url\" value=\"https:\/\/smartmediaagency.com\/fr\/wp-json\/wp\/v2\/pages\/953\"><input type=\"hidden\" name=\"url_referer\" value=\"\"><button type=\"submit\" name=\"wpforms[submit]\" id=\"wpforms-submit-574\" class=\"wpforms-submit\" data-alt-text=\"Envoi...\" data-submit-text=\"Envoyer \" aria-live=\"assertive\" value=\"wpforms-submit\">Envoyer <\/button><img decoding=\"async\" src=\"https:\/\/smartmediaagency.com\/wp-content\/plugins\/wpforms\/assets\/images\/submit-spin.svg\" class=\"wpforms-submit-spinner\" style=\"display: none;\" width=\"26\" height=\"26\" alt=\"Chargement en cours\"><\/div><\/form><\/div>  <!-- .wpforms-container --><\/div>\n\t\t\t\t\t\t<\/div>\n\t\t\t\t<\/div>\n\t\t\t\t<\/div>\n\t\t\t\t<\/div>\n\t\t","protected":false},"excerpt":{"rendered":"<p>R\u00e9seaux sociaux O\u00f9 mieux positionner votre marque ? Les r\u00e9seaux sociaux constituent aujourd\u2019hui un m\u00e9tier d\u2019expert. Comment atteindre votre groupe cible et comment engager vos fans en faveur de votre marque? Une pr\u00e9sence sur les r\u00e9seaux sociaux sans strat\u00e9gie ni plan appropri\u00e9s peut \u00eatre tout aussi dommageable pour votre entreprise que l\u2019absence totale de plan. [&hellip;]<\/p>\n","protected":false},"author":2,"featured_media":0,"parent":704,"menu_order":0,"comment_status":"closed","ping_status":"closed","template":"elementor_header_footer","meta":{"_acf_changed":false,"footnotes":""},"class_list":["post-953","page","type-page","status-publish","hentry"],"acf":[],"_links":{"self":[{"href":"https:\/\/smartmediaagency.com\/fr\/wp-json\/wp\/v2\/pages\/953","targetHints":{"allow":["GET"]}}],"collection":[{"href":"https:\/\/smartmediaagency.com\/fr\/wp-json\/wp\/v2\/pages"}],"about":[{"href":"https:\/\/smartmediaagency.com\/fr\/wp-json\/wp\/v2\/types\/page"}],"author":[{"embeddable":true,"href":"https:\/\/smartmediaagency.com\/fr\/wp-json\/wp\/v2\/users\/2"}],"replies":[{"embeddable":true,"href":"https:\/\/smartmediaagency.com\/fr\/wp-json\/wp\/v2\/comments?post=953"}],"version-history":[{"count":0,"href":"https:\/\/smartmediaagency.com\/fr\/wp-json\/wp\/v2\/pages\/953\/revisions"}],"up":[{"embeddable":true,"href":"https:\/\/smartmediaagency.com\/fr\/wp-json\/wp\/v2\/pages\/704"}],"wp:attachment":[{"href":"https:\/\/smartmediaagency.com\/fr\/wp-json\/wp\/v2\/media?parent=953"}],"curies":[{"name":"wp","href":"https:\/\/api.w.org\/{rel}","templated":true}]}}