{"id":947,"date":"2025-11-26T12:56:57","date_gmt":"2025-11-26T12:56:57","guid":{"rendered":"https:\/\/smartmediaagency.com\/image-de-marque-de-lemployeur\/"},"modified":"2026-03-02T09:17:24","modified_gmt":"2026-03-02T09:17:24","slug":"image-de-marque-de-lemployeur","status":"publish","type":"page","link":"https:\/\/smartmediaagency.com\/fr\/nos-solutions\/image-de-marque-de-lemployeur\/","title":{"rendered":"Image de marque de l\u2019employeur"},"content":{"rendered":"\t\t<div data-elementor-type=\"wp-page\" data-elementor-id=\"947\" class=\"elementor elementor-947 elementor-878\" data-elementor-post-type=\"page\">\n\t\t\t\t<div class=\"elementor-element elementor-element-04cdb04 e-flex e-con-boxed e-con e-parent\" data-id=\"04cdb04\" data-element_type=\"container\" data-e-type=\"container\" data-settings=\"{&quot;background_background&quot;:&quot;classic&quot;,&quot;jet_parallax_layout_list&quot;:[]}\">\n\t\t\t\t\t<div class=\"e-con-inner\">\n\t\t\t\t<div class=\"elementor-element elementor-element-6043453 elementor-widget elementor-widget-heading\" data-id=\"6043453\" data-element_type=\"widget\" data-e-type=\"widget\" data-widget_type=\"heading.default\">\n\t\t\t\t\t<h1 class=\"elementor-heading-title elementor-size-default\">Image de marque de l\u2019employeur\n<\/h1>\t\t\t\t<\/div>\n\t\t\t\t\t<\/div>\n\t\t\t\t<\/div>\n\t\t<div class=\"elementor-element elementor-element-7ca5a52 e-con-full e-flex e-con e-parent\" data-id=\"7ca5a52\" data-element_type=\"container\" data-e-type=\"container\" data-settings=\"{&quot;jet_parallax_layout_list&quot;:[]}\">\n\t\t<div class=\"elementor-element elementor-element-0a088bf e-con-full e-flex e-con e-child\" data-id=\"0a088bf\" data-element_type=\"container\" data-e-type=\"container\" data-settings=\"{&quot;background_background&quot;:&quot;classic&quot;,&quot;jet_parallax_layout_list&quot;:[]}\">\n\t\t\t\t<div class=\"elementor-element elementor-element-5caba45 elementor-widget elementor-widget-heading\" data-id=\"5caba45\" data-element_type=\"widget\" data-e-type=\"widget\" data-widget_type=\"heading.default\">\n\t\t\t\t\t<h2 class=\"elementor-heading-title elementor-size-default\">Cr\u00e9er une image de marque de l\u2019employeur attrayante gr\u00e2ce au marketing de contenu\n<\/h2>\t\t\t\t<\/div>\n\t\t\t\t<div class=\"elementor-element elementor-element-d1993d0 elementor-widget elementor-widget-text-editor\" data-id=\"d1993d0\" data-element_type=\"widget\" data-e-type=\"widget\" data-widget_type=\"text-editor.default\">\n\t\t\t\t\t\t\t\t\t<p>Les nombreuses ann\u00e9es de collaboration avec d\u2019excellents employeurs dans nos journaux th\u00e9matiques nous ont incit\u00e9s \u00e0 cr\u00e9er un label et une plateforme sp\u00e9cifiquement destin\u00e9s \u00e0 la valorisation de l\u2019image de marque de l\u2019employeur. Permettez-nous donc de vous pr\u00e9senter notre tout nouveau produit et label, appel\u00e9 Smart Employer. <\/p><p> <\/p>\t\t\t\t\t\t\t\t<\/div>\n\t\t\t\t<\/div>\n\t\t<div class=\"elementor-element elementor-element-56894db e-con-full e-flex e-con e-child\" data-id=\"56894db\" data-element_type=\"container\" data-e-type=\"container\" data-settings=\"{&quot;jet_parallax_layout_list&quot;:[]}\">\n\t\t\t\t<div class=\"elementor-element elementor-element-8d93381 elementor-widget__width-inherit side-img elementor-widget elementor-widget-image\" data-id=\"8d93381\" data-element_type=\"widget\" data-e-type=\"widget\" data-widget_type=\"image.default\">\n\t\t\t\t\t\t\t\t\t\t\t\t\t\t\t<img fetchpriority=\"high\" decoding=\"async\" width=\"800\" height=\"529\" src=\"https:\/\/smartmediaagency.com\/wp-content\/uploads\/2026\/03\/Mockup_Smart_Employer-1-1-1-1024x677.jpg\" class=\"attachment-large size-large wp-image-2312\" alt=\"\" srcset=\"https:\/\/smartmediaagency.com\/wp-content\/uploads\/2026\/03\/Mockup_Smart_Employer-1-1-1-1024x677.jpg 1024w, https:\/\/smartmediaagency.com\/wp-content\/uploads\/2026\/03\/Mockup_Smart_Employer-1-1-1-300x198.jpg 300w, https:\/\/smartmediaagency.com\/wp-content\/uploads\/2026\/03\/Mockup_Smart_Employer-1-1-1-768x508.jpg 768w, https:\/\/smartmediaagency.com\/wp-content\/uploads\/2026\/03\/Mockup_Smart_Employer-1-1-1.jpg 1150w\" sizes=\"(max-width: 800px) 100vw, 800px\" \/>\t\t\t\t\t\t\t\t\t\t\t\t\t\t\t<\/div>\n\t\t\t\t<\/div>\n\t\t\t\t<\/div>\n\t\t<div class=\"elementor-element elementor-element-783fa92 e-con-full e-flex e-con e-parent\" data-id=\"783fa92\" data-element_type=\"container\" data-e-type=\"container\" data-settings=\"{&quot;jet_parallax_layout_list&quot;:[]}\">\n\t\t<div class=\"elementor-element elementor-element-3d27591 e-con-full e-flex e-con e-child\" data-id=\"3d27591\" data-element_type=\"container\" data-e-type=\"container\" data-settings=\"{&quot;background_background&quot;:&quot;classic&quot;,&quot;jet_parallax_layout_list&quot;:[]}\">\n\t\t\t\t<div class=\"elementor-element elementor-element-c5b317b elementor-widget elementor-widget-heading\" data-id=\"c5b317b\" data-element_type=\"widget\" data-e-type=\"widget\" data-widget_type=\"heading.default\">\n\t\t\t\t\t<h2 class=\"elementor-heading-title elementor-size-default\">Pour une apparence \u00e9l\u00e9gante<br>\n<\/h2>\t\t\t\t<\/div>\n\t\t\t\t<div class=\"elementor-element elementor-element-f0da4c1 elementor-widget elementor-widget-text-editor\" data-id=\"f0da4c1\" data-element_type=\"widget\" data-e-type=\"widget\" data-widget_type=\"text-editor.default\">\n\t\t\t\t\t\t\t\t\t<p>Smart Employer a une mission : trouver les employeurs les plus passionnants de Suisse, les r\u00e9unir sur une m\u00eame plateforme et les aider \u00e0 raconter leurs r\u00e9ussites gr\u00e2ce \u00e0 des solutions multim\u00e9dias.<\/p><p>Afin de diffuser ces r\u00e9cits de fa\u00e7on r\u00e9guli\u00e8re, nous utilisons nos solutions num\u00e9riques et la port\u00e9e des journaux les plus renomm\u00e9s de Suisse, tels que le Tages-Anzeiger et le journal 20 Minuten.<\/p><p>En outre, tout le contenu cr\u00e9\u00e9 avec nous peut \u00eatre r\u00e9utilis\u00e9 par nos employeurs intelligents sur leurs propres canaux et campagnes \u00e0 des fins de communication.<br><\/p>\t\t\t\t\t\t\t\t<\/div>\n\t\t\t\t<\/div>\n\t\t<div class=\"elementor-element elementor-element-6a6a137 e-con-full e-flex e-con e-child\" data-id=\"6a6a137\" data-element_type=\"container\" data-e-type=\"container\" data-settings=\"{&quot;background_background&quot;:&quot;classic&quot;,&quot;jet_parallax_layout_list&quot;:[]}\">\n\t\t\t\t<div class=\"elementor-element elementor-element-a1191f1 elementor-widget elementor-widget-text-editor\" data-id=\"a1191f1\" data-element_type=\"widget\" data-e-type=\"widget\" data-widget_type=\"text-editor.default\">\n\t\t\t\t\t\t\t\t\t<p>Formez votre personnel suffisamment pour qu\u2019il puisse partir, traitez-le suffisamment bien pour qu\u2019il n\u2019en ait pas envie.<\/p>\t\t\t\t\t\t\t\t<\/div>\n\t\t\t\t<div class=\"elementor-element elementor-element-9953ff5 elementor-widget elementor-widget-text-editor\" data-id=\"9953ff5\" data-element_type=\"widget\" data-e-type=\"widget\" data-widget_type=\"text-editor.default\">\n\t\t\t\t\t\t\t\t\t<ul><li>Richard Branson<\/li><\/ul>\t\t\t\t\t\t\t\t<\/div>\n\t\t\t\t<\/div>\n\t\t\t\t<\/div>\n\t\t<div class=\"elementor-element elementor-element-7ac231c e-con-full e-flex e-con e-parent\" data-id=\"7ac231c\" data-element_type=\"container\" data-e-type=\"container\" data-settings=\"{&quot;jet_parallax_layout_list&quot;:[]}\">\n\t\t<div class=\"elementor-element elementor-element-764fc04 e-con-full e-flex e-con e-child\" data-id=\"764fc04\" data-element_type=\"container\" data-e-type=\"container\" data-settings=\"{&quot;background_background&quot;:&quot;classic&quot;,&quot;jet_parallax_layout_list&quot;:[]}\">\n\t\t\t\t<div class=\"elementor-element elementor-element-a1934e2 elementor-widget__width-inherit elementor-widget elementor-widget-shortcode\" data-id=\"a1934e2\" data-element_type=\"widget\" data-e-type=\"widget\" data-widget_type=\"shortcode.default\">\n\t\t\t\t\t\t\t<div class=\"elementor-shortcode\"><style id=\"wpforms-css-vars-574\">\n\t\t\t\t#wpforms-574 {\n\t\t\t\t--wpforms-field-size-input-height: 43px;\n--wpforms-field-size-input-spacing: 15px;\n--wpforms-field-size-font-size: 16px;\n--wpforms-field-size-line-height: 19px;\n--wpforms-field-size-padding-h: 14px;\n--wpforms-field-size-checkbox-size: 16px;\n--wpforms-field-size-sublabel-spacing: 5px;\n--wpforms-field-size-icon-size: 1;\n--wpforms-label-size-font-size: 16px;\n--wpforms-label-size-line-height: 19px;\n--wpforms-label-size-sublabel-font-size: 14px;\n--wpforms-label-size-sublabel-line-height: 17px;\n--wpforms-button-size-font-size: 17px;\n--wpforms-button-size-height: 41px;\n--wpforms-button-size-padding-h: 15px;\n--wpforms-button-size-margin-top: 10px;\n--wpforms-container-shadow-size-box-shadow: none;\n\t\t\t}\n\t\t\t<\/style><div class=\"wpforms-container wpforms-container-full wpforms-render-modern\" id=\"wpforms-574\"><form id=\"wpforms-form-574\" class=\"wpforms-validate wpforms-form wpforms-ajax-form\" data-formid=\"574\" method=\"post\" enctype=\"multipart\/form-data\" action=\"\/fr\/wp-json\/wp\/v2\/pages\/947\" data-token=\"dea4e1aca51f3edd2add5fc7b9c5f35f\" data-token-time=\"1778419102\"><noscript class=\"wpforms-error-noscript\">Veuillez activer JavaScript dans votre navigateur pour remplir ce formulaire.<\/noscript><div id=\"wpforms-error-noscript\" style=\"display: none;\">Veuillez activer JavaScript dans votre navigateur pour remplir ce formulaire.<\/div><div class=\"wpforms-field-container\"><div id=\"wpforms-574-field_1-container\" class=\"wpforms-field wpforms-field-text\" data-field-id=\"1\"><label class=\"wpforms-field-label\" for=\"wpforms-574-field_1\">Nom <span class=\"wpforms-required-label\" aria-hidden=\"true\">*<\/span><\/label><input type=\"text\" id=\"wpforms-574-field_1\" class=\"wpforms-field-large wpforms-field-required\" name=\"wpforms[fields][1]\" aria-errormessage=\"wpforms-574-field_1-error\" required><\/div><div id=\"wpforms-574-field_2-container\" class=\"wpforms-field wpforms-field-email\" data-field-id=\"2\"><label class=\"wpforms-field-label\" for=\"wpforms-574-field_2\">Email <span class=\"wpforms-required-label\" aria-hidden=\"true\">*<\/span><\/label><input type=\"email\" id=\"wpforms-574-field_2\" class=\"wpforms-field-large wpforms-field-required\" name=\"wpforms[fields][2]\" spellcheck=\"false\" aria-errormessage=\"wpforms-574-field_2-error\" required><\/div><div id=\"wpforms-574-field_6-container\" class=\"wpforms-field wpforms-field-text\" data-field-id=\"6\"><label class=\"wpforms-field-label\" for=\"wpforms-574-field_6\">Num\u00e9ro de t\u00e9l\u00e9phone <\/label><input type=\"text\" id=\"wpforms-574-field_6\" class=\"wpforms-field-large\" name=\"wpforms[fields][6]\" aria-errormessage=\"wpforms-574-field_6-error\" ><\/div><div id=\"wpforms-574-field_7-container\" class=\"wpforms-field wpforms-field-textarea\" data-field-id=\"7\"><label class=\"wpforms-field-label\" for=\"wpforms-574-field_7\">Message <span class=\"wpforms-required-label\" aria-hidden=\"true\">*<\/span><\/label><textarea id=\"wpforms-574-field_7\" class=\"wpforms-field-medium wpforms-field-required\" name=\"wpforms[fields][7]\" aria-errormessage=\"wpforms-574-field_7-error\" required><\/textarea><\/div><div id=\"wpforms-574-field_9-container\" class=\"wpforms-field wpforms-field-checkbox terms-conditions\" data-field-id=\"9\"><fieldset><legend class=\"wpforms-field-label wpforms-label-hide\" aria-hidden=\"false\"> <span class=\"wpforms-required-label\" aria-hidden=\"true\">*<\/span><\/legend><ul id=\"wpforms-574-field_9\" class=\"wpforms-field-required\"><li class=\"choice-1 depth-1\"><input type=\"checkbox\" id=\"wpforms-574-field_9_1\" name=\"wpforms[fields][9][]\" value=\"J&#039;accepte les conditions g\u00e9n\u00e9rales.\" aria-errormessage=\"wpforms-574-field_9_1-error\" required ><label class=\"wpforms-field-label-inline\" for=\"wpforms-574-field_9_1\">J'accepte les conditions g\u00e9n\u00e9rales.<\/label><\/li><\/ul><\/fieldset><\/div><div id=\"wpforms-574-field_10-container\" class=\"wpforms-field wpforms-field-checkbox subscribe-newsletter\" data-field-id=\"10\"><fieldset><legend class=\"wpforms-field-label wpforms-label-hide\" aria-hidden=\"false\"><\/legend><ul id=\"wpforms-574-field_10\"><li class=\"choice-1 depth-1\"><input type=\"checkbox\" id=\"wpforms-574-field_10_1\" name=\"wpforms[fields][10][]\" value=\"Je souhaite m&#039;abonner \u00e0 la newsletter mensuelle.\" aria-errormessage=\"wpforms-574-field_10_1-error\"  ><label class=\"wpforms-field-label-inline\" for=\"wpforms-574-field_10_1\">Je souhaite m'abonner \u00e0 la newsletter mensuelle.<\/label><\/li><\/ul><\/fieldset><\/div><\/div><!-- .wpforms-field-container --><div class=\"wpforms-submit-container\" ><input type=\"hidden\" name=\"wpforms[id]\" value=\"574\"><input type=\"hidden\" name=\"page_title\" value=\"\"><input type=\"hidden\" name=\"page_url\" value=\"https:\/\/smartmediaagency.com\/fr\/wp-json\/wp\/v2\/pages\/947\"><input type=\"hidden\" name=\"url_referer\" value=\"\"><button type=\"submit\" name=\"wpforms[submit]\" id=\"wpforms-submit-574\" class=\"wpforms-submit\" data-alt-text=\"Envoi...\" data-submit-text=\"Envoyer \" aria-live=\"assertive\" value=\"wpforms-submit\">Envoyer <\/button><img decoding=\"async\" src=\"https:\/\/smartmediaagency.com\/wp-content\/plugins\/wpforms\/assets\/images\/submit-spin.svg\" class=\"wpforms-submit-spinner\" style=\"display: none;\" width=\"26\" height=\"26\" alt=\"Chargement en cours\"><\/div><\/form><\/div>  <!-- .wpforms-container --><\/div>\n\t\t\t\t\t\t<\/div>\n\t\t\t\t<\/div>\n\t\t<div class=\"elementor-element elementor-element-8b6a262 e-con-full e-flex e-con e-child\" data-id=\"8b6a262\" data-element_type=\"container\" data-e-type=\"container\" data-settings=\"{&quot;background_background&quot;:&quot;classic&quot;,&quot;jet_parallax_layout_list&quot;:[]}\">\n\t\t\t\t<div class=\"elementor-element elementor-element-316b915 elementor-widget elementor-widget-heading\" data-id=\"316b915\" data-element_type=\"widget\" data-e-type=\"widget\" data-widget_type=\"heading.default\">\n\t\t\t\t\t<p class=\"elementor-heading-title elementor-size-default\"><a href=\"http:\/\/www.smartemployer.ch\/\" target=\"_blank\">www.smartemployer.ch<\/a><\/p>\t\t\t\t<\/div>\n\t\t\t\t<div class=\"elementor-element elementor-element-8f671a6 elementor-widget elementor-widget-text-editor\" data-id=\"8f671a6\" data-element_type=\"widget\" data-e-type=\"widget\" data-widget_type=\"text-editor.default\">\n\t\t\t\t\t\t\t\t\tSmart Employer dispose d\u2019un site pour la Suisse al\u00e9manique et la Suisse romande, lequel h\u00e9berge tout notre contenu relatif \u00e0 l\u2019image de marque de l\u2019employeur.<br>\t\t\t\t\t\t\t\t<\/div>\n\t\t\t\t<\/div>\n\t\t\t\t<\/div>\n\t\t\t\t<\/div>\n\t\t","protected":false},"excerpt":{"rendered":"<p>Image de marque de l\u2019employeur Cr\u00e9er une image de marque de l\u2019employeur attrayante gr\u00e2ce au marketing de contenu Les nombreuses ann\u00e9es de collaboration avec d\u2019excellents employeurs dans nos journaux th\u00e9matiques nous ont incit\u00e9s \u00e0 cr\u00e9er un label et une plateforme sp\u00e9cifiquement destin\u00e9s \u00e0 la valorisation de l\u2019image de marque de l\u2019employeur. Permettez-nous donc de vous [&hellip;]<\/p>\n","protected":false},"author":2,"featured_media":0,"parent":704,"menu_order":0,"comment_status":"closed","ping_status":"closed","template":"elementor_header_footer","meta":{"_acf_changed":false,"footnotes":""},"class_list":["post-947","page","type-page","status-publish","hentry"],"acf":[],"_links":{"self":[{"href":"https:\/\/smartmediaagency.com\/fr\/wp-json\/wp\/v2\/pages\/947","targetHints":{"allow":["GET"]}}],"collection":[{"href":"https:\/\/smartmediaagency.com\/fr\/wp-json\/wp\/v2\/pages"}],"about":[{"href":"https:\/\/smartmediaagency.com\/fr\/wp-json\/wp\/v2\/types\/page"}],"author":[{"embeddable":true,"href":"https:\/\/smartmediaagency.com\/fr\/wp-json\/wp\/v2\/users\/2"}],"replies":[{"embeddable":true,"href":"https:\/\/smartmediaagency.com\/fr\/wp-json\/wp\/v2\/comments?post=947"}],"version-history":[{"count":3,"href":"https:\/\/smartmediaagency.com\/fr\/wp-json\/wp\/v2\/pages\/947\/revisions"}],"predecessor-version":[{"id":2316,"href":"https:\/\/smartmediaagency.com\/fr\/wp-json\/wp\/v2\/pages\/947\/revisions\/2316"}],"up":[{"embeddable":true,"href":"https:\/\/smartmediaagency.com\/fr\/wp-json\/wp\/v2\/pages\/704"}],"wp:attachment":[{"href":"https:\/\/smartmediaagency.com\/fr\/wp-json\/wp\/v2\/media?parent=947"}],"curies":[{"name":"wp","href":"https:\/\/api.w.org\/{rel}","templated":true}]}}