{"id":941,"date":"2025-11-26T12:47:50","date_gmt":"2025-11-26T12:47:50","guid":{"rendered":"https:\/\/smartmediaagency.com\/publicite-native-en-ligne\/"},"modified":"2026-02-23T08:53:43","modified_gmt":"2026-02-23T08:53:43","slug":"publicite-native-en-ligne","status":"publish","type":"page","link":"https:\/\/smartmediaagency.com\/fr\/nos-solutions\/publicite-native-en-ligne\/","title":{"rendered":"Publicit\u00e9 native en ligne"},"content":{"rendered":"\t\t<div data-elementor-type=\"wp-page\" data-elementor-id=\"941\" class=\"elementor elementor-941 elementor-853\" data-elementor-post-type=\"page\">\n\t\t\t\t<div class=\"elementor-element elementor-element-3994b33 e-flex e-con-boxed e-con e-parent\" data-id=\"3994b33\" data-element_type=\"container\" data-e-type=\"container\" data-settings=\"{&quot;background_background&quot;:&quot;classic&quot;,&quot;jet_parallax_layout_list&quot;:[]}\">\n\t\t\t\t\t<div class=\"e-con-inner\">\n\t\t\t\t<div class=\"elementor-element elementor-element-ff27fd2 elementor-widget elementor-widget-heading\" data-id=\"ff27fd2\" data-element_type=\"widget\" data-e-type=\"widget\" data-widget_type=\"heading.default\">\n\t\t\t\t\t<h1 class=\"elementor-heading-title elementor-size-default\">Publicit\u00e9 native en ligne<br>\n<\/h1>\t\t\t\t<\/div>\n\t\t\t\t\t<\/div>\n\t\t\t\t<\/div>\n\t\t<div class=\"elementor-element elementor-element-137ac14 e-con-full e-flex e-con e-parent\" data-id=\"137ac14\" data-element_type=\"container\" data-e-type=\"container\" data-settings=\"{&quot;jet_parallax_layout_list&quot;:[]}\">\n\t\t<div class=\"elementor-element elementor-element-e6c7a34 e-con-full e-flex e-con e-child\" data-id=\"e6c7a34\" data-element_type=\"container\" data-e-type=\"container\" data-settings=\"{&quot;background_background&quot;:&quot;classic&quot;,&quot;jet_parallax_layout_list&quot;:[]}\">\n\t\t\t\t<div class=\"elementor-element elementor-element-484e057 elementor-widget elementor-widget-heading\" data-id=\"484e057\" data-element_type=\"widget\" data-e-type=\"widget\" data-widget_type=\"heading.default\">\n\t\t\t\t\t<h2 class=\"elementor-heading-title elementor-size-default\">Votre histoire, notre passion<br>\n<\/h2>\t\t\t\t<\/div>\n\t\t\t\t<div class=\"elementor-element elementor-element-b81e082 elementor-widget elementor-widget-text-editor\" data-id=\"b81e082\" data-element_type=\"widget\" data-e-type=\"widget\" data-widget_type=\"text-editor.default\">\n\t\t\t\t\t\t\t\t\t<p>N\u2019h\u00e9sitez pas \u00e0 nous qualifier de conteurs. Avec 60 \u00e0 65 campagnes de marketing de contenu par an avec des partenaires de distribution tels que De Standaard, Knack magazine, la DH, Die Welt, 24Heures, Tribune de Gen\u00e8ve, Tages Anzeiger, Bilanz\u2026 nous disposons d\u00e9j\u00e0 d\u2019un grand nombre de contenus neutres et th\u00e9matiques.<\/p>\t\t\t\t\t\t\t\t<\/div>\n\t\t\t\t<\/div>\n\t\t<div class=\"elementor-element elementor-element-ae0c84b e-con-full e-flex e-con e-child\" data-id=\"ae0c84b\" data-element_type=\"container\" data-e-type=\"container\" data-settings=\"{&quot;jet_parallax_layout_list&quot;:[]}\">\n\t\t\t\t<div class=\"elementor-element elementor-element-b957b35 elementor-widget__width-inherit side-img elementor-widget elementor-widget-image\" data-id=\"b957b35\" data-element_type=\"widget\" data-e-type=\"widget\" data-widget_type=\"image.default\">\n\t\t\t\t\t\t\t\t\t\t\t\t\t\t\t<img fetchpriority=\"high\" decoding=\"async\" width=\"800\" height=\"358\" src=\"https:\/\/smartmediaagency.com\/wp-content\/uploads\/2025\/11\/iStock-1370484158-scaled-1-1024x458.jpg\" class=\"attachment-large size-large wp-image-938\" alt=\"\" srcset=\"https:\/\/smartmediaagency.com\/wp-content\/uploads\/2025\/11\/iStock-1370484158-scaled-1-1024x458.jpg 1024w, https:\/\/smartmediaagency.com\/wp-content\/uploads\/2025\/11\/iStock-1370484158-scaled-1-300x134.jpg 300w, https:\/\/smartmediaagency.com\/wp-content\/uploads\/2025\/11\/iStock-1370484158-scaled-1-768x343.jpg 768w, https:\/\/smartmediaagency.com\/wp-content\/uploads\/2025\/11\/iStock-1370484158-scaled-1-1536x686.jpg 1536w, https:\/\/smartmediaagency.com\/wp-content\/uploads\/2025\/11\/iStock-1370484158-scaled-1-2048x915.jpg 2048w\" sizes=\"(max-width: 800px) 100vw, 800px\" \/>\t\t\t\t\t\t\t\t\t\t\t\t\t\t\t<\/div>\n\t\t\t\t<\/div>\n\t\t\t\t<\/div>\n\t\t<div class=\"elementor-element elementor-element-0380182 e-con-full e-flex e-con e-parent\" data-id=\"0380182\" data-element_type=\"container\" data-e-type=\"container\" data-settings=\"{&quot;jet_parallax_layout_list&quot;:[]}\">\n\t\t<div class=\"elementor-element elementor-element-0b17514 e-con-full e-flex e-con e-child\" data-id=\"0b17514\" data-element_type=\"container\" data-e-type=\"container\" data-settings=\"{&quot;jet_parallax_layout_list&quot;:[]}\">\n\t\t\t\t<div class=\"elementor-element elementor-element-9ce1132 elementor-widget__width-inherit side-img elementor-widget elementor-widget-image\" data-id=\"9ce1132\" data-element_type=\"widget\" data-e-type=\"widget\" data-widget_type=\"image.default\">\n\t\t\t\t\t\t\t\t\t\t\t\t\t\t\t<img decoding=\"async\" width=\"800\" height=\"600\" src=\"https:\/\/smartmediaagency.com\/wp-content\/uploads\/2025\/11\/Online_iPhone-scaled-1-1024x768.jpg\" class=\"attachment-large size-large wp-image-939\" alt=\"\" srcset=\"https:\/\/smartmediaagency.com\/wp-content\/uploads\/2025\/11\/Online_iPhone-scaled-1-1024x768.jpg 1024w, https:\/\/smartmediaagency.com\/wp-content\/uploads\/2025\/11\/Online_iPhone-scaled-1-300x225.jpg 300w, https:\/\/smartmediaagency.com\/wp-content\/uploads\/2025\/11\/Online_iPhone-scaled-1-768x576.jpg 768w, https:\/\/smartmediaagency.com\/wp-content\/uploads\/2025\/11\/Online_iPhone-scaled-1-1536x1152.jpg 1536w, https:\/\/smartmediaagency.com\/wp-content\/uploads\/2025\/11\/Online_iPhone-scaled-1-2048x1536.jpg 2048w\" sizes=\"(max-width: 800px) 100vw, 800px\" \/>\t\t\t\t\t\t\t\t\t\t\t\t\t\t\t<\/div>\n\t\t\t\t<\/div>\n\t\t<div class=\"elementor-element elementor-element-2fbb937 e-con-full e-flex e-con e-child\" data-id=\"2fbb937\" data-element_type=\"container\" data-e-type=\"container\" data-settings=\"{&quot;background_background&quot;:&quot;classic&quot;,&quot;jet_parallax_layout_list&quot;:[]}\">\n\t\t\t\t<div class=\"elementor-element elementor-element-c02390e elementor-widget elementor-widget-heading\" data-id=\"c02390e\" data-element_type=\"widget\" data-e-type=\"widget\" data-widget_type=\"heading.default\">\n\t\t\t\t\t<h2 class=\"elementor-heading-title elementor-size-default\">Plateformes num\u00e9riques<br>\n<\/h2>\t\t\t\t<\/div>\n\t\t\t\t<div class=\"elementor-element elementor-element-74888f3 elementor-widget elementor-widget-text-editor\" data-id=\"74888f3\" data-element_type=\"widget\" data-e-type=\"widget\" data-widget_type=\"text-editor.default\">\n\t\t\t\t\t\t\t\t\t<p>Permettez-nous de vous pr\u00e9senter nos plateformes num\u00e9riques constitu\u00e9es non seulement par les flux d\u00e9crits ci-dessus, mais aussi par des partenaires num\u00e9riques comme vous que nous pouvons mettre en avant avec de longs articles ou des vid\u00e9os natives.<\/p><p> <\/p>\t\t\t\t\t\t\t\t<\/div>\n\t\t\t\t<\/div>\n\t\t\t\t<\/div>\n\t\t<div class=\"elementor-element elementor-element-66b4d9f e-con-full e-flex e-con e-parent\" data-id=\"66b4d9f\" data-element_type=\"container\" data-e-type=\"container\" data-settings=\"{&quot;jet_parallax_layout_list&quot;:[]}\">\n\t\t<div class=\"elementor-element elementor-element-9338fb6 e-con-full e-flex e-con e-child\" data-id=\"9338fb6\" data-element_type=\"container\" data-e-type=\"container\" data-settings=\"{&quot;background_background&quot;:&quot;classic&quot;,&quot;jet_parallax_layout_list&quot;:[]}\">\n\t\t\t\t<div class=\"elementor-element elementor-element-b119228 elementor-widget elementor-widget-heading\" data-id=\"b119228\" data-element_type=\"widget\" data-e-type=\"widget\" data-widget_type=\"heading.default\">\n\t\t\t\t\t<h2 class=\"elementor-heading-title elementor-size-default\">Visitez nos sites<br>\n<\/h2>\t\t\t\t<\/div>\n\t\t\t\t<div class=\"elementor-element elementor-element-147ebe6 elementor-widget elementor-widget-text-editor\" data-id=\"147ebe6\" data-element_type=\"widget\" data-e-type=\"widget\" data-widget_type=\"text-editor.default\">\n\t\t\t\t\t\t\t\t\t<p><a href=\"https:\/\/fokus.swiss\/\" target=\"_blank\" rel=\"noopener\"><span class=\"elementor-icon-list-text\">fokus.swiss<\/span><\/a><br><a href=\"https:\/\/focus.swiss\/\" target=\"_blank\" rel=\"noopener\"><span class=\"elementor-icon-list-text\">focus.swiss<\/span><\/a><\/p>\t\t\t\t\t\t\t\t<\/div>\n\t\t\t\t<\/div>\n\t\t<div class=\"elementor-element elementor-element-27b8410 e-con-full e-flex e-con e-child\" data-id=\"27b8410\" data-element_type=\"container\" data-e-type=\"container\" data-settings=\"{&quot;jet_parallax_layout_list&quot;:[]}\">\n\t\t\t\t<div class=\"elementor-element elementor-element-e53737a elementor-widget__width-inherit side-img elementor-widget elementor-widget-image\" data-id=\"e53737a\" data-element_type=\"widget\" data-e-type=\"widget\" data-widget_type=\"image.default\">\n\t\t\t\t\t\t\t\t\t\t\t\t\t\t\t<img decoding=\"async\" width=\"800\" height=\"600\" src=\"https:\/\/smartmediaagency.com\/wp-content\/uploads\/2025\/11\/Online_MacBook-scaled-1-1024x768.jpg\" class=\"attachment-large size-large wp-image-940\" alt=\"\" srcset=\"https:\/\/smartmediaagency.com\/wp-content\/uploads\/2025\/11\/Online_MacBook-scaled-1-1024x768.jpg 1024w, https:\/\/smartmediaagency.com\/wp-content\/uploads\/2025\/11\/Online_MacBook-scaled-1-300x225.jpg 300w, https:\/\/smartmediaagency.com\/wp-content\/uploads\/2025\/11\/Online_MacBook-scaled-1-768x576.jpg 768w, https:\/\/smartmediaagency.com\/wp-content\/uploads\/2025\/11\/Online_MacBook-scaled-1-1536x1152.jpg 1536w, https:\/\/smartmediaagency.com\/wp-content\/uploads\/2025\/11\/Online_MacBook-scaled-1-2048x1536.jpg 2048w\" sizes=\"(max-width: 800px) 100vw, 800px\" \/>\t\t\t\t\t\t\t\t\t\t\t\t\t\t\t<\/div>\n\t\t\t\t<\/div>\n\t\t\t\t<\/div>\n\t\t<div class=\"elementor-element elementor-element-9752528 e-con-full e-flex e-con e-parent\" data-id=\"9752528\" data-element_type=\"container\" data-e-type=\"container\" data-settings=\"{&quot;jet_parallax_layout_list&quot;:[]}\">\n\t\t<div class=\"elementor-element elementor-element-f9d3a02 e-con-full e-flex e-con e-child\" data-id=\"f9d3a02\" data-element_type=\"container\" data-e-type=\"container\" data-settings=\"{&quot;jet_parallax_layout_list&quot;:[]}\">\n\t\t\t\t<div class=\"elementor-element elementor-element-a0cd6f5 elementor-widget__width-inherit side-img elementor-widget elementor-widget-image\" data-id=\"a0cd6f5\" data-element_type=\"widget\" data-e-type=\"widget\" data-widget_type=\"image.default\">\n\t\t\t\t\t\t\t\t\t\t\t\t\t\t\t<img loading=\"lazy\" decoding=\"async\" width=\"800\" height=\"534\" src=\"https:\/\/smartmediaagency.com\/wp-content\/uploads\/2025\/11\/AdobeStock_435500539-2-1024x683.jpg\" class=\"attachment-large size-large wp-image-930\" alt=\"\" srcset=\"https:\/\/smartmediaagency.com\/wp-content\/uploads\/2025\/11\/AdobeStock_435500539-2-1024x683.jpg 1024w, https:\/\/smartmediaagency.com\/wp-content\/uploads\/2025\/11\/AdobeStock_435500539-2-300x200.jpg 300w, https:\/\/smartmediaagency.com\/wp-content\/uploads\/2025\/11\/AdobeStock_435500539-2-768x512.jpg 768w, https:\/\/smartmediaagency.com\/wp-content\/uploads\/2025\/11\/AdobeStock_435500539-2-1536x1025.jpg 1536w, https:\/\/smartmediaagency.com\/wp-content\/uploads\/2025\/11\/AdobeStock_435500539-2.jpg 2048w\" sizes=\"(max-width: 800px) 100vw, 800px\" \/>\t\t\t\t\t\t\t\t\t\t\t\t\t\t\t<\/div>\n\t\t\t\t<\/div>\n\t\t<div class=\"elementor-element elementor-element-1e9b0c5 e-con-full e-flex e-con e-child\" data-id=\"1e9b0c5\" data-element_type=\"container\" data-e-type=\"container\" data-settings=\"{&quot;background_background&quot;:&quot;classic&quot;,&quot;jet_parallax_layout_list&quot;:[]}\">\n\t\t\t\t<div class=\"elementor-element elementor-element-f7c644f elementor-widget__width-inherit elementor-widget elementor-widget-shortcode\" data-id=\"f7c644f\" data-element_type=\"widget\" data-e-type=\"widget\" data-widget_type=\"shortcode.default\">\n\t\t\t\t\t\t\t<div class=\"elementor-shortcode\"><style id=\"wpforms-css-vars-574\">\n\t\t\t\t#wpforms-574 {\n\t\t\t\t--wpforms-field-size-input-height: 43px;\n--wpforms-field-size-input-spacing: 15px;\n--wpforms-field-size-font-size: 16px;\n--wpforms-field-size-line-height: 19px;\n--wpforms-field-size-padding-h: 14px;\n--wpforms-field-size-checkbox-size: 16px;\n--wpforms-field-size-sublabel-spacing: 5px;\n--wpforms-field-size-icon-size: 1;\n--wpforms-label-size-font-size: 16px;\n--wpforms-label-size-line-height: 19px;\n--wpforms-label-size-sublabel-font-size: 14px;\n--wpforms-label-size-sublabel-line-height: 17px;\n--wpforms-button-size-font-size: 17px;\n--wpforms-button-size-height: 41px;\n--wpforms-button-size-padding-h: 15px;\n--wpforms-button-size-margin-top: 10px;\n--wpforms-container-shadow-size-box-shadow: none;\n\t\t\t}\n\t\t\t<\/style><div class=\"wpforms-container wpforms-container-full wpforms-render-modern\" id=\"wpforms-574\"><form id=\"wpforms-form-574\" class=\"wpforms-validate wpforms-form wpforms-ajax-form\" data-formid=\"574\" method=\"post\" enctype=\"multipart\/form-data\" action=\"\/fr\/wp-json\/wp\/v2\/pages\/941\" data-token=\"dea4e1aca51f3edd2add5fc7b9c5f35f\" data-token-time=\"1778419018\"><noscript class=\"wpforms-error-noscript\">Veuillez activer JavaScript dans votre navigateur pour remplir ce formulaire.<\/noscript><div id=\"wpforms-error-noscript\" style=\"display: none;\">Veuillez activer JavaScript dans votre navigateur pour remplir ce formulaire.<\/div><div class=\"wpforms-field-container\"><div id=\"wpforms-574-field_1-container\" class=\"wpforms-field wpforms-field-text\" data-field-id=\"1\"><label class=\"wpforms-field-label\" for=\"wpforms-574-field_1\">Nom <span class=\"wpforms-required-label\" aria-hidden=\"true\">*<\/span><\/label><input type=\"text\" id=\"wpforms-574-field_1\" class=\"wpforms-field-large wpforms-field-required\" name=\"wpforms[fields][1]\" aria-errormessage=\"wpforms-574-field_1-error\" required><\/div><div id=\"wpforms-574-field_2-container\" class=\"wpforms-field wpforms-field-email\" data-field-id=\"2\"><label class=\"wpforms-field-label\" for=\"wpforms-574-field_2\">Email <span class=\"wpforms-required-label\" aria-hidden=\"true\">*<\/span><\/label><input type=\"email\" id=\"wpforms-574-field_2\" class=\"wpforms-field-large wpforms-field-required\" name=\"wpforms[fields][2]\" spellcheck=\"false\" aria-errormessage=\"wpforms-574-field_2-error\" required><\/div><div id=\"wpforms-574-field_6-container\" class=\"wpforms-field wpforms-field-text\" data-field-id=\"6\"><label class=\"wpforms-field-label\" for=\"wpforms-574-field_6\">Num\u00e9ro de t\u00e9l\u00e9phone <\/label><input type=\"text\" id=\"wpforms-574-field_6\" class=\"wpforms-field-large\" name=\"wpforms[fields][6]\" aria-errormessage=\"wpforms-574-field_6-error\" ><\/div><div id=\"wpforms-574-field_7-container\" class=\"wpforms-field wpforms-field-textarea\" data-field-id=\"7\"><label class=\"wpforms-field-label\" for=\"wpforms-574-field_7\">Message <span class=\"wpforms-required-label\" aria-hidden=\"true\">*<\/span><\/label><textarea id=\"wpforms-574-field_7\" class=\"wpforms-field-medium wpforms-field-required\" name=\"wpforms[fields][7]\" aria-errormessage=\"wpforms-574-field_7-error\" required><\/textarea><\/div><div id=\"wpforms-574-field_9-container\" class=\"wpforms-field wpforms-field-checkbox terms-conditions\" data-field-id=\"9\"><fieldset><legend class=\"wpforms-field-label wpforms-label-hide\" aria-hidden=\"false\"> <span class=\"wpforms-required-label\" aria-hidden=\"true\">*<\/span><\/legend><ul id=\"wpforms-574-field_9\" class=\"wpforms-field-required\"><li class=\"choice-1 depth-1\"><input type=\"checkbox\" id=\"wpforms-574-field_9_1\" name=\"wpforms[fields][9][]\" value=\"J&#039;accepte les conditions g\u00e9n\u00e9rales.\" aria-errormessage=\"wpforms-574-field_9_1-error\" required ><label class=\"wpforms-field-label-inline\" for=\"wpforms-574-field_9_1\">J'accepte les conditions g\u00e9n\u00e9rales.<\/label><\/li><\/ul><\/fieldset><\/div><div id=\"wpforms-574-field_10-container\" class=\"wpforms-field wpforms-field-checkbox subscribe-newsletter\" data-field-id=\"10\"><fieldset><legend class=\"wpforms-field-label wpforms-label-hide\" aria-hidden=\"false\"><\/legend><ul id=\"wpforms-574-field_10\"><li class=\"choice-1 depth-1\"><input type=\"checkbox\" id=\"wpforms-574-field_10_1\" name=\"wpforms[fields][10][]\" value=\"Je souhaite m&#039;abonner \u00e0 la newsletter mensuelle.\" aria-errormessage=\"wpforms-574-field_10_1-error\"  ><label class=\"wpforms-field-label-inline\" for=\"wpforms-574-field_10_1\">Je souhaite m'abonner \u00e0 la newsletter mensuelle.<\/label><\/li><\/ul><\/fieldset><\/div><\/div><!-- .wpforms-field-container --><div class=\"wpforms-submit-container\" ><input type=\"hidden\" name=\"wpforms[id]\" value=\"574\"><input type=\"hidden\" name=\"page_title\" value=\"\"><input type=\"hidden\" name=\"page_url\" value=\"https:\/\/smartmediaagency.com\/fr\/wp-json\/wp\/v2\/pages\/941\"><input type=\"hidden\" name=\"url_referer\" value=\"\"><button type=\"submit\" name=\"wpforms[submit]\" id=\"wpforms-submit-574\" class=\"wpforms-submit\" data-alt-text=\"Envoi...\" data-submit-text=\"Envoyer \" aria-live=\"assertive\" value=\"wpforms-submit\">Envoyer <\/button><img loading=\"lazy\" decoding=\"async\" src=\"https:\/\/smartmediaagency.com\/wp-content\/plugins\/wpforms\/assets\/images\/submit-spin.svg\" class=\"wpforms-submit-spinner\" style=\"display: none;\" width=\"26\" height=\"26\" alt=\"Chargement en cours\"><\/div><\/form><\/div>  <!-- .wpforms-container --><\/div>\n\t\t\t\t\t\t<\/div>\n\t\t\t\t<\/div>\n\t\t\t\t<\/div>\n\t\t\t\t<\/div>\n\t\t","protected":false},"excerpt":{"rendered":"<p>Publicit\u00e9 native en ligne Votre histoire, notre passion N\u2019h\u00e9sitez pas \u00e0 nous qualifier de conteurs. Avec 60 \u00e0 65 campagnes de marketing de contenu par an avec des partenaires de distribution tels que De Standaard, Knack magazine, la DH, Die Welt, 24Heures, Tribune de Gen\u00e8ve, Tages Anzeiger, Bilanz\u2026 nous disposons d\u00e9j\u00e0 d\u2019un grand nombre de [&hellip;]<\/p>\n","protected":false},"author":2,"featured_media":0,"parent":704,"menu_order":0,"comment_status":"closed","ping_status":"closed","template":"elementor_header_footer","meta":{"_acf_changed":false,"footnotes":""},"class_list":["post-941","page","type-page","status-publish","hentry"],"acf":[],"_links":{"self":[{"href":"https:\/\/smartmediaagency.com\/fr\/wp-json\/wp\/v2\/pages\/941","targetHints":{"allow":["GET"]}}],"collection":[{"href":"https:\/\/smartmediaagency.com\/fr\/wp-json\/wp\/v2\/pages"}],"about":[{"href":"https:\/\/smartmediaagency.com\/fr\/wp-json\/wp\/v2\/types\/page"}],"author":[{"embeddable":true,"href":"https:\/\/smartmediaagency.com\/fr\/wp-json\/wp\/v2\/users\/2"}],"replies":[{"embeddable":true,"href":"https:\/\/smartmediaagency.com\/fr\/wp-json\/wp\/v2\/comments?post=941"}],"version-history":[{"count":0,"href":"https:\/\/smartmediaagency.com\/fr\/wp-json\/wp\/v2\/pages\/941\/revisions"}],"up":[{"embeddable":true,"href":"https:\/\/smartmediaagency.com\/fr\/wp-json\/wp\/v2\/pages\/704"}],"wp:attachment":[{"href":"https:\/\/smartmediaagency.com\/fr\/wp-json\/wp\/v2\/media?parent=941"}],"curies":[{"name":"wp","href":"https:\/\/api.w.org\/{rel}","templated":true}]}}