{"id":934,"date":"2025-11-26T11:49:36","date_gmt":"2025-11-26T11:49:36","guid":{"rendered":"https:\/\/smartmediaagency.com\/imprimes\/"},"modified":"2026-02-23T08:51:37","modified_gmt":"2026-02-23T08:51:37","slug":"imprimes","status":"publish","type":"page","link":"https:\/\/smartmediaagency.com\/fr\/nos-solutions\/imprimes\/","title":{"rendered":"Imprim\u00e9s"},"content":{"rendered":"\t\t<div data-elementor-type=\"wp-page\" data-elementor-id=\"934\" class=\"elementor elementor-934 elementor-836\" data-elementor-post-type=\"page\">\n\t\t\t\t<div class=\"elementor-element elementor-element-3a97a8e e-flex e-con-boxed e-con e-parent\" data-id=\"3a97a8e\" data-element_type=\"container\" data-e-type=\"container\" data-settings=\"{&quot;background_background&quot;:&quot;classic&quot;,&quot;jet_parallax_layout_list&quot;:[]}\">\n\t\t\t\t\t<div class=\"e-con-inner\">\n\t\t\t\t<div class=\"elementor-element elementor-element-717054f elementor-widget elementor-widget-heading\" data-id=\"717054f\" data-element_type=\"widget\" data-e-type=\"widget\" data-widget_type=\"heading.default\">\n\t\t\t\t\t<h1 class=\"elementor-heading-title elementor-size-default\">Imprim\u00e9s<br><\/h1>\t\t\t\t<\/div>\n\t\t\t\t\t<\/div>\n\t\t\t\t<\/div>\n\t\t<div class=\"elementor-element elementor-element-5ca2e1c e-con-full desktop-heigh-section e-flex e-con e-parent\" data-id=\"5ca2e1c\" data-element_type=\"container\" data-e-type=\"container\" data-settings=\"{&quot;jet_parallax_layout_list&quot;:[]}\">\n\t\t<div class=\"elementor-element elementor-element-6d83ce7 e-con-full e-flex e-con e-child\" data-id=\"6d83ce7\" data-element_type=\"container\" data-e-type=\"container\" data-settings=\"{&quot;background_background&quot;:&quot;classic&quot;,&quot;jet_parallax_layout_list&quot;:[]}\">\n\t\t<div class=\"elementor-element elementor-element-cb0044d e-con-full e-flex e-con e-child\" data-id=\"cb0044d\" data-element_type=\"container\" data-e-type=\"container\" data-settings=\"{&quot;jet_parallax_layout_list&quot;:[]}\">\n\t\t\t\t<div class=\"elementor-element elementor-element-e792ff2 elementor-widget elementor-widget-image\" data-id=\"e792ff2\" data-element_type=\"widget\" data-e-type=\"widget\" data-widget_type=\"image.default\">\n\t\t\t\t\t\t\t\t\t\t\t\t\t\t\t<img fetchpriority=\"high\" decoding=\"async\" width=\"512\" height=\"121\" src=\"https:\/\/smartmediaagency.com\/wp-content\/uploads\/2025\/11\/fokus_black.svg\" class=\"attachment-large size-large wp-image-648\" alt=\"\" \/>\t\t\t\t\t\t\t\t\t\t\t\t\t\t\t<\/div>\n\t\t\t\t<div class=\"elementor-element elementor-element-d42b9fd elementor-widget elementor-widget-image\" data-id=\"d42b9fd\" data-element_type=\"widget\" data-e-type=\"widget\" data-widget_type=\"image.default\">\n\t\t\t\t\t\t\t\t\t\t\t\t\t\t\t<img decoding=\"async\" width=\"512\" height=\"121\" src=\"https:\/\/smartmediaagency.com\/wp-content\/uploads\/2025\/11\/focus_black.svg\" class=\"attachment-large size-large wp-image-649\" alt=\"\" \/>\t\t\t\t\t\t\t\t\t\t\t\t\t\t\t<\/div>\n\t\t\t\t<div class=\"elementor-element elementor-element-ee8ccf4 elementor-widget elementor-widget-image\" data-id=\"ee8ccf4\" data-element_type=\"widget\" data-e-type=\"widget\" data-widget_type=\"image.default\">\n\t\t\t\t\t\t\t\t\t\t\t\t\t\t\t<img decoding=\"async\" width=\"1\" height=\"1\" src=\"https:\/\/smartmediaagency.com\/wp-content\/uploads\/2025\/11\/smart_black.svg\" class=\"attachment-large size-large wp-image-927\" alt=\"\" \/>\t\t\t\t\t\t\t\t\t\t\t\t\t\t\t<\/div>\n\t\t\t\t<\/div>\n\t\t\t\t<div class=\"elementor-element elementor-element-1caf735 elementor-widget elementor-widget-text-editor\" data-id=\"1caf735\" data-element_type=\"widget\" data-e-type=\"widget\" data-widget_type=\"text-editor.default\">\n\t\t\t\t\t\t\t\t\t<p>Une publicit\u00e9 imprim\u00e9e m\u00e9morable cr\u00e9e une exp\u00e9rience inoubliable qui transformera votre public en clients. \u00c0 l\u2019\u00e8re du num\u00e9rique, il est essentiel d\u2019attirer l\u2019attention de votre public. L\u2019imprim\u00e9 est un art strat\u00e9gique qui met en sc\u00e8ne des histoires \u00e0 l\u2019encre. Il atteint, touche, change et, surtout, reste dans les m\u00e9moires. Nous nous concentrons sur le marketing de contenu et, par le biais des m\u00e9dias imprim\u00e9s, nous partageons \u00e9galement des histoires pr\u00e9cieuses et pertinentes.<br>     <\/p>\t\t\t\t\t\t\t\t<\/div>\n\t\t\t\t<div class=\"elementor-element elementor-element-c3e661c elementor-widget elementor-widget-text-editor\" data-id=\"c3e661c\" data-element_type=\"widget\" data-e-type=\"widget\" data-widget_type=\"text-editor.default\">\n\t\t\t\t\t\t\t\t\t<p><strong>Les avantages des m\u00e9dias imprim\u00e9s<\/strong><\/p><ul><li>Confiance \u2013 56 % des consommateurs font confiance au marketing imprim\u00e9 plus qu\u2019\u00e0 toute autre forme de publicit\u00e9<\/li><li>Produit un effet relaxant lors de la lecture<\/li><li>Exp\u00e9rience tangible \u2013 multidimensionnelle<\/li><li>Ralentit le temps<\/li><li>Absorption plus rapide de l\u2019information<\/li><li>Produit final, non \u00e9dit\u00e9<\/li><li>Impression \u00e9motionnelle<br><\/li><\/ul>\t\t\t\t\t\t\t\t<\/div>\n\t\t\t\t<div class=\"elementor-element elementor-element-6757b6d hover-shrink  top-auto elementor-align-left elementor-mobile-align-left elementor-widget elementor-widget-button\" data-id=\"6757b6d\" data-element_type=\"widget\" data-e-type=\"widget\" data-widget_type=\"button.default\">\n\t\t\t\t\t\t\t\t\t\t<a class=\"elementor-button elementor-button-link elementor-size-sm\" href=\"https:\/\/smartmediaagency.com\/fr\/contact\/\">\n\t\t\t\t\t\t<span class=\"elementor-button-content-wrapper\">\n\t\t\t\t\t\t\t\t\t<span class=\"elementor-button-text\">Restez connect\u00e9<\/span>\n\t\t\t\t\t<\/span>\n\t\t\t\t\t<\/a>\n\t\t\t\t\t\t\t\t<\/div>\n\t\t\t\t<\/div>\n\t\t<div class=\"elementor-element elementor-element-5d333ee e-con-full e-flex e-con e-child\" data-id=\"5d333ee\" data-element_type=\"container\" data-e-type=\"container\" data-settings=\"{&quot;background_background&quot;:&quot;classic&quot;,&quot;jet_parallax_layout_list&quot;:[]}\">\n\t\t\t\t<div class=\"elementor-element elementor-element-6b05a00 elementor-widget__width-inherit elementor-widget elementor-widget-heading\" data-id=\"6b05a00\" data-element_type=\"widget\" data-e-type=\"widget\" data-widget_type=\"heading.default\">\n\t\t\t\t\t<h2 class=\"elementor-heading-title elementor-size-default\">Comment pouvons-nous collaborer dans le domaine de l\u2019impression?<br>\n\n<\/h2>\t\t\t\t<\/div>\n\t\t\t\t<div class=\"elementor-element elementor-element-cad5991 elementor-widget__width-inherit elementor-widget elementor-widget-text-editor\" data-id=\"cad5991\" data-element_type=\"widget\" data-e-type=\"widget\" data-widget_type=\"text-editor.default\">\n\t\t\t\t\t\t\t\t\t<p>Notre \u00e9quipe \u00e9ditoriale poss\u00e8de des dizaines d\u2019ann\u00e9es d\u2019exp\u00e9rience sur les plus grands canaux m\u00e9diatiques d\u2019Europe. Tirez parti de la puissance d\u2019un grand r\u00e9dacteur pour vous assurer que votre contenu atteint un haut niveau d\u2019excellence \u00e9ditoriale. Utilisez nos services personnalis\u00e9s pour vous assurer que votre contenu est toujours conforme \u00e0 la marque, \u00e0 la voix, optimis\u00e9 et qu\u2019il atteint un niveau \u00e9lev\u00e9 d\u2019excellence \u00e9ditoriale.<\/p>\t\t\t\t\t\t\t\t<\/div>\n\t\t\t\t<div class=\"elementor-element elementor-element-bd9d002 hover-shrink  top-auto elementor-align-left elementor-mobile-align-left elementor-widget elementor-widget-button\" data-id=\"bd9d002\" data-element_type=\"widget\" data-e-type=\"widget\" data-widget_type=\"button.default\">\n\t\t\t\t\t\t\t\t\t\t<a class=\"elementor-button elementor-button-link elementor-size-sm\" href=\"https:\/\/smartmediaagency.com\/fr\/contact\/\">\n\t\t\t\t\t\t<span class=\"elementor-button-content-wrapper\">\n\t\t\t\t\t\t\t\t\t<span class=\"elementor-button-text\">Contactez nous<\/span>\n\t\t\t\t\t<\/span>\n\t\t\t\t\t<\/a>\n\t\t\t\t\t\t\t\t<\/div>\n\t\t\t\t<\/div>\n\t\t\t\t<\/div>\n\t\t<div class=\"elementor-element elementor-element-fa78890 e-con-full e-flex e-con e-parent\" data-id=\"fa78890\" data-element_type=\"container\" data-e-type=\"container\" data-settings=\"{&quot;jet_parallax_layout_list&quot;:[]}\">\n\t\t<div class=\"elementor-element elementor-element-37fdca0 e-con-full e-flex e-con e-child\" data-id=\"37fdca0\" data-element_type=\"container\" data-e-type=\"container\" data-settings=\"{&quot;background_background&quot;:&quot;classic&quot;,&quot;jet_parallax_layout_list&quot;:[]}\">\n\t\t\t\t<div class=\"elementor-element elementor-element-07cdcf9 elementor-widget__width-inherit elementor-widget elementor-widget-heading\" data-id=\"07cdcf9\" data-element_type=\"widget\" data-e-type=\"widget\" data-widget_type=\"heading.default\">\n\t\t\t\t\t<h2 class=\"elementor-heading-title elementor-size-default\">B2B<\/h2>\t\t\t\t<\/div>\n\t\t\t\t<div class=\"elementor-element elementor-element-c1c043e elementor-widget__width-inherit elementor-widget elementor-widget-text-editor\" data-id=\"c1c043e\" data-element_type=\"widget\" data-e-type=\"widget\" data-widget_type=\"text-editor.default\">\n\t\t\t\t\t\t\t\t\t<p>Nos \u00e9ditions B2B sont la forme la plus pure de leadership \u00e9clair\u00e9. La zone de confort des d\u00e9cideurs d\u2019aujourd\u2019hui et de demain. Qu\u2019il s\u2019agisse d\u2019affaires, d\u2019innovation, de technologie ou de sant\u00e9, nous fournissons un contenu qui fait mouche. Tendances sectorielles, interviews exclusives, un magazine sp\u00e9cialis\u00e9 avec la port\u00e9e d\u2019un m\u00e9dia national. O\u00f9 mieux positionner votre marque ?<br>    <\/p><p> <\/p>\t\t\t\t\t\t\t\t<\/div>\n\t\t\t\t<\/div>\n\t\t<div class=\"elementor-element elementor-element-c013eef e-con-full e-flex e-con e-child\" data-id=\"c013eef\" data-element_type=\"container\" data-e-type=\"container\" data-settings=\"{&quot;jet_parallax_layout_list&quot;:[]}\">\n\t\t\t\t<div class=\"elementor-element elementor-element-43f94ff elementor-widget__width-inherit side-img elementor-widget elementor-widget-image\" data-id=\"43f94ff\" data-element_type=\"widget\" data-e-type=\"widget\" data-widget_type=\"image.default\">\n\t\t\t\t\t\t\t\t\t\t\t\t\t\t\t<img loading=\"lazy\" decoding=\"async\" width=\"800\" height=\"640\" src=\"https:\/\/smartmediaagency.com\/wp-content\/uploads\/2025\/11\/Mockup_B2B-scaled-min-1024x819.jpg\" class=\"attachment-large size-large wp-image-928\" alt=\"\" srcset=\"https:\/\/smartmediaagency.com\/wp-content\/uploads\/2025\/11\/Mockup_B2B-scaled-min-1024x819.jpg 1024w, https:\/\/smartmediaagency.com\/wp-content\/uploads\/2025\/11\/Mockup_B2B-scaled-min-300x240.jpg 300w, https:\/\/smartmediaagency.com\/wp-content\/uploads\/2025\/11\/Mockup_B2B-scaled-min-768x614.jpg 768w, https:\/\/smartmediaagency.com\/wp-content\/uploads\/2025\/11\/Mockup_B2B-scaled-min-1536x1229.jpg 1536w, https:\/\/smartmediaagency.com\/wp-content\/uploads\/2025\/11\/Mockup_B2B-scaled-min-2048x1638.jpg 2048w\" sizes=\"(max-width: 800px) 100vw, 800px\" \/>\t\t\t\t\t\t\t\t\t\t\t\t\t\t\t<\/div>\n\t\t\t\t<\/div>\n\t\t\t\t<\/div>\n\t\t<div class=\"elementor-element elementor-element-e8fb6ba e-con-full e-flex e-con e-parent\" data-id=\"e8fb6ba\" data-element_type=\"container\" data-e-type=\"container\" data-settings=\"{&quot;jet_parallax_layout_list&quot;:[]}\">\n\t\t<div class=\"elementor-element elementor-element-39ba38f e-con-full e-flex e-con e-child\" data-id=\"39ba38f\" data-element_type=\"container\" data-e-type=\"container\" data-settings=\"{&quot;jet_parallax_layout_list&quot;:[]}\">\n\t\t\t\t<div class=\"elementor-element elementor-element-86048bf elementor-widget__width-inherit side-img elementor-widget elementor-widget-image\" data-id=\"86048bf\" data-element_type=\"widget\" data-e-type=\"widget\" data-widget_type=\"image.default\">\n\t\t\t\t\t\t\t\t\t\t\t\t\t\t\t<img loading=\"lazy\" decoding=\"async\" width=\"800\" height=\"640\" src=\"https:\/\/smartmediaagency.com\/wp-content\/uploads\/2025\/11\/Mockup_B2C-scaled-min-1024x819.jpg\" class=\"attachment-large size-large wp-image-929\" alt=\"\" srcset=\"https:\/\/smartmediaagency.com\/wp-content\/uploads\/2025\/11\/Mockup_B2C-scaled-min-1024x819.jpg 1024w, https:\/\/smartmediaagency.com\/wp-content\/uploads\/2025\/11\/Mockup_B2C-scaled-min-300x240.jpg 300w, https:\/\/smartmediaagency.com\/wp-content\/uploads\/2025\/11\/Mockup_B2C-scaled-min-768x614.jpg 768w, https:\/\/smartmediaagency.com\/wp-content\/uploads\/2025\/11\/Mockup_B2C-scaled-min-1536x1229.jpg 1536w, https:\/\/smartmediaagency.com\/wp-content\/uploads\/2025\/11\/Mockup_B2C-scaled-min-2048x1638.jpg 2048w\" sizes=\"(max-width: 800px) 100vw, 800px\" \/>\t\t\t\t\t\t\t\t\t\t\t\t\t\t\t<\/div>\n\t\t\t\t<\/div>\n\t\t<div class=\"elementor-element elementor-element-91c0f29 e-con-full e-flex e-con e-child\" data-id=\"91c0f29\" data-element_type=\"container\" data-e-type=\"container\" data-settings=\"{&quot;background_background&quot;:&quot;classic&quot;,&quot;jet_parallax_layout_list&quot;:[]}\">\n\t\t\t\t<div class=\"elementor-element elementor-element-06dd30f elementor-widget elementor-widget-heading\" data-id=\"06dd30f\" data-element_type=\"widget\" data-e-type=\"widget\" data-widget_type=\"heading.default\">\n\t\t\t\t\t<h2 class=\"elementor-heading-title elementor-size-default\">B2C<\/h2>\t\t\t\t<\/div>\n\t\t\t\t<div class=\"elementor-element elementor-element-4508eba elementor-widget elementor-widget-text-editor\" data-id=\"4508eba\" data-element_type=\"widget\" data-e-type=\"widget\" data-widget_type=\"text-editor.default\">\n\t\t\t\t\t\t\t\t\tImaginez que vous vous adressiez \u00e0 des centaines de milliers de consommateurs au bon endroit, au bon moment et dans le bon contexte. Sans \u00eatre d\u00e9rang\u00e9, avec une concentration totale. Pouvez-vous ressentir la puissance d\u2019un tel moment ? C\u2019est ce que nous faisons avec nos publications B2C. Nous mettons les marques en contact avec les gens, de la mani\u00e8re la moins intrusive possible : en leur donnant un contenu qu\u2019ils veulent lire.    \t\t\t\t\t\t\t\t<\/div>\n\t\t\t\t<\/div>\n\t\t\t\t<\/div>\n\t\t<div class=\"elementor-element elementor-element-a5c729f e-con-full e-flex e-con e-parent\" data-id=\"a5c729f\" data-element_type=\"container\" data-e-type=\"container\" data-settings=\"{&quot;jet_parallax_layout_list&quot;:[]}\">\n\t\t<div class=\"elementor-element elementor-element-dfd4b47 e-con-full e-flex e-con e-child\" data-id=\"dfd4b47\" data-element_type=\"container\" data-e-type=\"container\" data-settings=\"{&quot;background_background&quot;:&quot;classic&quot;,&quot;jet_parallax_layout_list&quot;:[]}\">\n\t\t\t\t<div class=\"elementor-element elementor-element-9e67524 elementor-widget__width-inherit elementor-widget elementor-widget-shortcode\" data-id=\"9e67524\" data-element_type=\"widget\" data-e-type=\"widget\" data-widget_type=\"shortcode.default\">\n\t\t\t\t\t\t\t<div class=\"elementor-shortcode\"><style id=\"wpforms-css-vars-574\">\n\t\t\t\t#wpforms-574 {\n\t\t\t\t--wpforms-field-size-input-height: 43px;\n--wpforms-field-size-input-spacing: 15px;\n--wpforms-field-size-font-size: 16px;\n--wpforms-field-size-line-height: 19px;\n--wpforms-field-size-padding-h: 14px;\n--wpforms-field-size-checkbox-size: 16px;\n--wpforms-field-size-sublabel-spacing: 5px;\n--wpforms-field-size-icon-size: 1;\n--wpforms-label-size-font-size: 16px;\n--wpforms-label-size-line-height: 19px;\n--wpforms-label-size-sublabel-font-size: 14px;\n--wpforms-label-size-sublabel-line-height: 17px;\n--wpforms-button-size-font-size: 17px;\n--wpforms-button-size-height: 41px;\n--wpforms-button-size-padding-h: 15px;\n--wpforms-button-size-margin-top: 10px;\n--wpforms-container-shadow-size-box-shadow: none;\n\t\t\t}\n\t\t\t<\/style><div class=\"wpforms-container wpforms-container-full wpforms-render-modern\" id=\"wpforms-574\"><form id=\"wpforms-form-574\" class=\"wpforms-validate wpforms-form wpforms-ajax-form\" data-formid=\"574\" method=\"post\" enctype=\"multipart\/form-data\" action=\"\/fr\/wp-json\/wp\/v2\/pages\/934\" data-token=\"dea4e1aca51f3edd2add5fc7b9c5f35f\" data-token-time=\"1778419051\"><noscript class=\"wpforms-error-noscript\">Veuillez activer JavaScript dans votre navigateur pour remplir ce formulaire.<\/noscript><div id=\"wpforms-error-noscript\" style=\"display: none;\">Veuillez activer JavaScript dans votre navigateur pour remplir ce formulaire.<\/div><div class=\"wpforms-field-container\"><div id=\"wpforms-574-field_1-container\" class=\"wpforms-field wpforms-field-text\" data-field-id=\"1\"><label class=\"wpforms-field-label\" for=\"wpforms-574-field_1\">Nom <span class=\"wpforms-required-label\" aria-hidden=\"true\">*<\/span><\/label><input type=\"text\" id=\"wpforms-574-field_1\" class=\"wpforms-field-large wpforms-field-required\" name=\"wpforms[fields][1]\" aria-errormessage=\"wpforms-574-field_1-error\" required><\/div><div id=\"wpforms-574-field_2-container\" class=\"wpforms-field wpforms-field-email\" data-field-id=\"2\"><label class=\"wpforms-field-label\" for=\"wpforms-574-field_2\">Email <span class=\"wpforms-required-label\" aria-hidden=\"true\">*<\/span><\/label><input type=\"email\" id=\"wpforms-574-field_2\" class=\"wpforms-field-large wpforms-field-required\" name=\"wpforms[fields][2]\" spellcheck=\"false\" aria-errormessage=\"wpforms-574-field_2-error\" required><\/div><div id=\"wpforms-574-field_6-container\" class=\"wpforms-field wpforms-field-text\" data-field-id=\"6\"><label class=\"wpforms-field-label\" for=\"wpforms-574-field_6\">Num\u00e9ro de t\u00e9l\u00e9phone <\/label><input type=\"text\" id=\"wpforms-574-field_6\" class=\"wpforms-field-large\" name=\"wpforms[fields][6]\" aria-errormessage=\"wpforms-574-field_6-error\" ><\/div><div id=\"wpforms-574-field_7-container\" class=\"wpforms-field wpforms-field-textarea\" data-field-id=\"7\"><label class=\"wpforms-field-label\" for=\"wpforms-574-field_7\">Message <span class=\"wpforms-required-label\" aria-hidden=\"true\">*<\/span><\/label><textarea id=\"wpforms-574-field_7\" class=\"wpforms-field-medium wpforms-field-required\" name=\"wpforms[fields][7]\" aria-errormessage=\"wpforms-574-field_7-error\" required><\/textarea><\/div><div id=\"wpforms-574-field_9-container\" class=\"wpforms-field wpforms-field-checkbox terms-conditions\" data-field-id=\"9\"><fieldset><legend class=\"wpforms-field-label wpforms-label-hide\" aria-hidden=\"false\"> <span class=\"wpforms-required-label\" aria-hidden=\"true\">*<\/span><\/legend><ul id=\"wpforms-574-field_9\" class=\"wpforms-field-required\"><li class=\"choice-1 depth-1\"><input type=\"checkbox\" id=\"wpforms-574-field_9_1\" name=\"wpforms[fields][9][]\" value=\"J&#039;accepte les conditions g\u00e9n\u00e9rales.\" aria-errormessage=\"wpforms-574-field_9_1-error\" required ><label class=\"wpforms-field-label-inline\" for=\"wpforms-574-field_9_1\">J'accepte les conditions g\u00e9n\u00e9rales.<\/label><\/li><\/ul><\/fieldset><\/div><div id=\"wpforms-574-field_10-container\" class=\"wpforms-field wpforms-field-checkbox subscribe-newsletter\" data-field-id=\"10\"><fieldset><legend class=\"wpforms-field-label wpforms-label-hide\" aria-hidden=\"false\"><\/legend><ul id=\"wpforms-574-field_10\"><li class=\"choice-1 depth-1\"><input type=\"checkbox\" id=\"wpforms-574-field_10_1\" name=\"wpforms[fields][10][]\" value=\"Je souhaite m&#039;abonner \u00e0 la newsletter mensuelle.\" aria-errormessage=\"wpforms-574-field_10_1-error\"  ><label class=\"wpforms-field-label-inline\" for=\"wpforms-574-field_10_1\">Je souhaite m'abonner \u00e0 la newsletter mensuelle.<\/label><\/li><\/ul><\/fieldset><\/div><\/div><!-- .wpforms-field-container --><div class=\"wpforms-submit-container\" ><input type=\"hidden\" name=\"wpforms[id]\" value=\"574\"><input type=\"hidden\" name=\"page_title\" value=\"\"><input type=\"hidden\" name=\"page_url\" value=\"https:\/\/smartmediaagency.com\/fr\/wp-json\/wp\/v2\/pages\/934\"><input type=\"hidden\" name=\"url_referer\" value=\"\"><button type=\"submit\" name=\"wpforms[submit]\" id=\"wpforms-submit-574\" class=\"wpforms-submit\" data-alt-text=\"Envoi...\" data-submit-text=\"Envoyer \" aria-live=\"assertive\" value=\"wpforms-submit\">Envoyer <\/button><img loading=\"lazy\" decoding=\"async\" src=\"https:\/\/smartmediaagency.com\/wp-content\/plugins\/wpforms\/assets\/images\/submit-spin.svg\" class=\"wpforms-submit-spinner\" style=\"display: none;\" width=\"26\" height=\"26\" alt=\"Chargement en cours\"><\/div><\/form><\/div>  <!-- .wpforms-container --><\/div>\n\t\t\t\t\t\t<\/div>\n\t\t\t\t<\/div>\n\t\t<div class=\"elementor-element elementor-element-5466d4e e-con-full e-flex e-con e-child\" data-id=\"5466d4e\" data-element_type=\"container\" data-e-type=\"container\" data-settings=\"{&quot;jet_parallax_layout_list&quot;:[]}\">\n\t\t\t\t<div class=\"elementor-element elementor-element-e0c827d elementor-widget__width-inherit side-img elementor-widget elementor-widget-image\" data-id=\"e0c827d\" data-element_type=\"widget\" data-e-type=\"widget\" data-widget_type=\"image.default\">\n\t\t\t\t\t\t\t\t\t\t\t\t\t\t\t<img loading=\"lazy\" decoding=\"async\" width=\"800\" height=\"534\" src=\"https:\/\/smartmediaagency.com\/wp-content\/uploads\/2025\/11\/AdobeStock_435500539-2-1024x683.jpg\" class=\"attachment-large size-large wp-image-930\" alt=\"\" srcset=\"https:\/\/smartmediaagency.com\/wp-content\/uploads\/2025\/11\/AdobeStock_435500539-2-1024x683.jpg 1024w, https:\/\/smartmediaagency.com\/wp-content\/uploads\/2025\/11\/AdobeStock_435500539-2-300x200.jpg 300w, https:\/\/smartmediaagency.com\/wp-content\/uploads\/2025\/11\/AdobeStock_435500539-2-768x512.jpg 768w, https:\/\/smartmediaagency.com\/wp-content\/uploads\/2025\/11\/AdobeStock_435500539-2-1536x1025.jpg 1536w, https:\/\/smartmediaagency.com\/wp-content\/uploads\/2025\/11\/AdobeStock_435500539-2.jpg 2048w\" sizes=\"(max-width: 800px) 100vw, 800px\" \/>\t\t\t\t\t\t\t\t\t\t\t\t\t\t\t<\/div>\n\t\t\t\t<\/div>\n\t\t\t\t<\/div>\n\t\t\t\t<\/div>\n\t\t","protected":false},"excerpt":{"rendered":"<p>Imprim\u00e9s Une publicit\u00e9 imprim\u00e9e m\u00e9morable cr\u00e9e une exp\u00e9rience inoubliable qui transformera votre public en clients. \u00c0 l\u2019\u00e8re du num\u00e9rique, il est essentiel d\u2019attirer l\u2019attention de votre public. L\u2019imprim\u00e9 est un art strat\u00e9gique qui met en sc\u00e8ne des histoires \u00e0 l\u2019encre. Il atteint, touche, change et, surtout, reste dans les m\u00e9moires. Nous nous concentrons sur le [&hellip;]<\/p>\n","protected":false},"author":2,"featured_media":0,"parent":704,"menu_order":0,"comment_status":"closed","ping_status":"closed","template":"elementor_header_footer","meta":{"_acf_changed":false,"footnotes":""},"class_list":["post-934","page","type-page","status-publish","hentry"],"acf":[],"_links":{"self":[{"href":"https:\/\/smartmediaagency.com\/fr\/wp-json\/wp\/v2\/pages\/934","targetHints":{"allow":["GET"]}}],"collection":[{"href":"https:\/\/smartmediaagency.com\/fr\/wp-json\/wp\/v2\/pages"}],"about":[{"href":"https:\/\/smartmediaagency.com\/fr\/wp-json\/wp\/v2\/types\/page"}],"author":[{"embeddable":true,"href":"https:\/\/smartmediaagency.com\/fr\/wp-json\/wp\/v2\/users\/2"}],"replies":[{"embeddable":true,"href":"https:\/\/smartmediaagency.com\/fr\/wp-json\/wp\/v2\/comments?post=934"}],"version-history":[{"count":0,"href":"https:\/\/smartmediaagency.com\/fr\/wp-json\/wp\/v2\/pages\/934\/revisions"}],"up":[{"embeddable":true,"href":"https:\/\/smartmediaagency.com\/fr\/wp-json\/wp\/v2\/pages\/704"}],"wp:attachment":[{"href":"https:\/\/smartmediaagency.com\/fr\/wp-json\/wp\/v2\/media?parent=934"}],"curies":[{"name":"wp","href":"https:\/\/api.w.org\/{rel}","templated":true}]}}