{"id":711,"date":"2025-11-12T09:02:04","date_gmt":"2025-11-12T09:02:04","guid":{"rendered":"https:\/\/smartmediaagency.com\/carriere\/"},"modified":"2026-01-26T12:29:23","modified_gmt":"2026-01-26T12:29:23","slug":"carriere","status":"publish","type":"page","link":"https:\/\/smartmediaagency.com\/fr\/carriere\/","title":{"rendered":"Carri\u00e8re"},"content":{"rendered":"\t\t<div data-elementor-type=\"wp-page\" data-elementor-id=\"711\" class=\"elementor elementor-711 elementor-39\" data-elementor-post-type=\"page\">\n\t\t\t\t<div class=\"elementor-element elementor-element-3783898 e-flex e-con-boxed e-con e-parent\" data-id=\"3783898\" data-element_type=\"container\" data-e-type=\"container\" data-settings=\"{&quot;background_background&quot;:&quot;classic&quot;,&quot;jet_parallax_layout_list&quot;:[]}\">\n\t\t\t\t\t<div class=\"e-con-inner\">\n\t\t\t\t<div class=\"elementor-element elementor-element-d304718 elementor-widget elementor-widget-heading\" data-id=\"d304718\" data-element_type=\"widget\" data-e-type=\"widget\" data-widget_type=\"heading.default\">\n\t\t\t\t\t<h1 class=\"elementor-heading-title elementor-size-default\">Faites partie de notre \u00e9quipe !\n<\/h1>\t\t\t\t<\/div>\n\t\t\t\t<div class=\"elementor-element elementor-element-fc584e3 elementor-widget elementor-widget-text-editor\" data-id=\"fc584e3\" data-element_type=\"widget\" data-e-type=\"widget\" data-widget_type=\"text-editor.default\">\n\t\t\t\t\t\t\t\t\t<p>Int\u00e9grez notre \u00e9quipe jeune et dynamique, sans hi\u00e9rarchie, et acqu\u00e9rez une exp\u00e9rience pr\u00e9cieuse dans le domaine du marketing de contenu. <br> Nous nous r\u00e9jouissons de faire votre connaissance.<\/p>\t\t\t\t\t\t\t\t<\/div>\n\t\t\t\t\t<\/div>\n\t\t\t\t<\/div>\n\t\t<div class=\"elementor-element elementor-element-7158b12 e-con-full e-flex e-con e-parent\" data-id=\"7158b12\" data-element_type=\"container\" data-e-type=\"container\" data-settings=\"{&quot;background_background&quot;:&quot;classic&quot;,&quot;jet_parallax_layout_list&quot;:[]}\">\n\t\t\t\t<div class=\"elementor-element elementor-element-39fb12a elementor-grid-2 elementor-widget__width-inherit elementor-grid-tablet-2 elementor-grid-mobile-1 elementor-widget elementor-widget-loop-grid\" data-id=\"39fb12a\" data-element_type=\"widget\" data-e-type=\"widget\" data-settings=\"{&quot;template_id&quot;:813,&quot;columns&quot;:2,&quot;row_gap&quot;:{&quot;unit&quot;:&quot;px&quot;,&quot;size&quot;:0,&quot;sizes&quot;:[]},&quot;_skin&quot;:&quot;post&quot;,&quot;columns_tablet&quot;:&quot;2&quot;,&quot;columns_mobile&quot;:&quot;1&quot;,&quot;edit_handle_selector&quot;:&quot;[data-elementor-type=\\&quot;loop-item\\&quot;]&quot;,&quot;row_gap_tablet&quot;:{&quot;unit&quot;:&quot;px&quot;,&quot;size&quot;:&quot;&quot;,&quot;sizes&quot;:[]},&quot;row_gap_mobile&quot;:{&quot;unit&quot;:&quot;px&quot;,&quot;size&quot;:&quot;&quot;,&quot;sizes&quot;:[]}}\" data-widget_type=\"loop-grid.post\">\n\t\t\t\t<div class=\"elementor-widget-container\">\n\t\t\t\t\t\t\t<div class=\"elementor-loop-container elementor-grid\" role=\"list\">\n\t\t<style id=\"loop-813\">.elementor-813 .elementor-element.elementor-element-bf76e64{--display:flex;--min-height:50vh;--flex-direction:column;--container-widget-width:100%;--container-widget-height:initial;--container-widget-flex-grow:0;--container-widget-align-self:initial;--flex-wrap-mobile:wrap;--padding-top:30px;--padding-bottom:30px;--padding-left:30px;--padding-right:30px;}.elementor-813 .elementor-element.elementor-element-bf76e64:not(.elementor-motion-effects-element-type-background), .elementor-813 .elementor-element.elementor-element-bf76e64 > .elementor-motion-effects-container > .elementor-motion-effects-layer{background-color:var( --e-global-color-secondary );}.elementor-813 .elementor-element.elementor-element-bf76e64.e-con{--flex-grow:1;--flex-shrink:0;}.elementor-widget-heading .elementor-heading-title{font-family:var( --e-global-typography-primary-font-family ), Sans-serif;font-size:var( --e-global-typography-primary-font-size );font-weight:var( --e-global-typography-primary-font-weight );line-height:var( --e-global-typography-primary-line-height );color:var( --e-global-color-primary );}.elementor-813 .elementor-element.elementor-element-eb8a42d .elementor-heading-title{font-family:var( --e-global-typography-secondary-font-family ), Sans-serif;font-size:var( --e-global-typography-secondary-font-size );font-weight:var( --e-global-typography-secondary-font-weight );line-height:var( --e-global-typography-secondary-line-height );color:var( --e-global-color-primary );}.elementor-widget-text-editor{font-family:var( --e-global-typography-text-font-family ), Sans-serif;font-size:var( --e-global-typography-text-font-size );font-weight:var( --e-global-typography-text-font-weight );line-height:var( --e-global-typography-text-line-height );color:var( --e-global-color-text );}.elementor-widget-text-editor.elementor-drop-cap-view-stacked .elementor-drop-cap{background-color:var( --e-global-color-primary );}.elementor-widget-text-editor.elementor-drop-cap-view-framed .elementor-drop-cap, .elementor-widget-text-editor.elementor-drop-cap-view-default .elementor-drop-cap{color:var( --e-global-color-primary );border-color:var( --e-global-color-primary );}.elementor-813 .elementor-element.elementor-element-a7970fe{font-family:var( --e-global-typography-text-font-family ), Sans-serif;font-size:var( --e-global-typography-text-font-size );font-weight:var( --e-global-typography-text-font-weight );line-height:var( --e-global-typography-text-line-height );color:var( --e-global-color-primary );}.elementor-widget-button .elementor-button{font-family:var( --e-global-typography-accent-font-family ), Sans-serif;font-size:var( --e-global-typography-accent-font-size );font-weight:var( --e-global-typography-accent-font-weight );line-height:var( --e-global-typography-accent-line-height );background-color:var( --e-global-color-accent );}.elementor-813 .elementor-element.elementor-element-0bb2708 .elementor-button{font-family:var( --e-global-typography-accent-font-family ), Sans-serif;font-size:var( --e-global-typography-accent-font-size );font-weight:var( --e-global-typography-accent-font-weight );line-height:var( --e-global-typography-accent-line-height );fill:var( --e-global-color-primary );color:var( --e-global-color-primary );background-color:var( --e-global-color-secondary );border-style:solid;border-width:1px 1px 1px 1px;border-color:var( --e-global-color-primary );}.elementor-813 .elementor-element.elementor-element-0bb2708 .elementor-button:hover, .elementor-813 .elementor-element.elementor-element-0bb2708 .elementor-button:focus{color:var( --e-global-color-secondary );background-color:var( --e-global-color-primary );border-color:var( --e-global-color-primary );}.elementor-813 .elementor-element.elementor-element-0bb2708 .elementor-button:hover svg, .elementor-813 .elementor-element.elementor-element-0bb2708 .elementor-button:focus svg{fill:var( --e-global-color-secondary );}@media(max-width:1279px){.elementor-813 .elementor-element.elementor-element-bf76e64{--padding-top:30px;--padding-bottom:30px;--padding-left:20px;--padding-right:20px;}.elementor-widget-heading .elementor-heading-title{font-size:var( --e-global-typography-primary-font-size );line-height:var( --e-global-typography-primary-line-height );}.elementor-813 .elementor-element.elementor-element-eb8a42d .elementor-heading-title{font-size:var( --e-global-typography-secondary-font-size );line-height:var( --e-global-typography-secondary-line-height );}.elementor-widget-text-editor{font-size:var( --e-global-typography-text-font-size );line-height:var( --e-global-typography-text-line-height );}.elementor-813 .elementor-element.elementor-element-a7970fe{font-size:var( --e-global-typography-text-font-size );line-height:var( --e-global-typography-text-line-height );}.elementor-widget-button .elementor-button{font-size:var( --e-global-typography-accent-font-size );line-height:var( --e-global-typography-accent-line-height );}.elementor-813 .elementor-element.elementor-element-0bb2708 .elementor-button{font-size:var( --e-global-typography-accent-font-size );line-height:var( --e-global-typography-accent-line-height );}}@media(max-width:767px){.elementor-813 .elementor-element.elementor-element-bf76e64{--padding-top:35px;--padding-bottom:35px;--padding-left:10px;--padding-right:10px;}.elementor-widget-heading .elementor-heading-title{font-size:var( --e-global-typography-primary-font-size );line-height:var( --e-global-typography-primary-line-height );}.elementor-813 .elementor-element.elementor-element-eb8a42d .elementor-heading-title{font-size:var( --e-global-typography-secondary-font-size );line-height:var( --e-global-typography-secondary-line-height );}.elementor-widget-text-editor{font-size:var( --e-global-typography-text-font-size );line-height:var( --e-global-typography-text-line-height );}.elementor-813 .elementor-element.elementor-element-a7970fe{font-size:var( --e-global-typography-text-font-size );line-height:var( --e-global-typography-text-line-height );}.elementor-widget-button .elementor-button{font-size:var( --e-global-typography-accent-font-size );line-height:var( --e-global-typography-accent-line-height );}.elementor-813 .elementor-element.elementor-element-0bb2708 .elementor-button{font-size:var( --e-global-typography-accent-font-size );line-height:var( --e-global-typography-accent-line-height );}}<\/style>\t\t<div data-elementor-type=\"loop-item\" data-elementor-id=\"813\" class=\"elementor elementor-813 elementor-401 elementor-401 e-loop-item e-loop-item-835 post-835 vacancy type-vacancy status-publish hentry\" data-elementor-post-type=\"elementor_library\" data-custom-edit-handle=\"1\">\n\t\t\t<div class=\"elementor-element elementor-element-bf76e64 e-flex e-con-boxed e-con e-parent\" data-id=\"bf76e64\" data-element_type=\"container\" data-e-type=\"container\" data-settings=\"{&quot;background_background&quot;:&quot;classic&quot;,&quot;jet_parallax_layout_list&quot;:[]}\">\n\t\t\t\t\t<div class=\"e-con-inner\">\n\t\t\t\t<div class=\"elementor-element elementor-element-eb8a42d elementor-widget elementor-widget-heading\" data-id=\"eb8a42d\" data-element_type=\"widget\" data-e-type=\"widget\" data-widget_type=\"heading.default\">\n\t\t\t\t\t<h3 class=\"elementor-heading-title elementor-size-default\">Chef de projet Ventes 100% Absatzmarkt Deutschland<\/h3>\t\t\t\t<\/div>\n\t\t\t\t<div class=\"elementor-element elementor-element-a7970fe elementor-widget elementor-widget-text-editor\" data-id=\"a7970fe\" data-element_type=\"widget\" data-e-type=\"widget\" data-widget_type=\"text-editor.default\">\n\t\t\t\t\t\t\t\t\tDevenez un h\u00e9ros du contenu pour le march\u00e9 allemand ! Entamez un nouveau chapitre avec nous, inspirez les clients allemands et \u00e9laborez des campagnes convaincantes. Commencez votre carri\u00e8re commerciale d\u00e8s maintenant ! \t\t\t\t\t\t\t\t<\/div>\n\t\t\t\t<div class=\"elementor-element elementor-element-0bb2708 elementor-align-left elementor-mobile-align-left hover-shrink top-auto elementor-widget elementor-widget-button\" data-id=\"0bb2708\" data-element_type=\"widget\" data-e-type=\"widget\" data-widget_type=\"button.default\">\n\t\t\t\t\t\t\t\t\t\t<a class=\"elementor-button elementor-button-link elementor-size-sm\" href=\"https:\/\/smartmediaagency.teamtailor.com\/jobs\/5173961-project-manager-sales-100-absatzmarkt-deutschland\" target=\"_blank\">\n\t\t\t\t\t\t<span class=\"elementor-button-content-wrapper\">\n\t\t\t\t\t\t\t\t\t<span class=\"elementor-button-text\">En savoir plus<\/span>\n\t\t\t\t\t<\/span>\n\t\t\t\t\t<\/a>\n\t\t\t\t\t\t\t\t<\/div>\n\t\t\t\t\t<\/div>\n\t\t\t\t<\/div>\n\t\t\t\t<\/div>\n\t\t\t\t<div data-elementor-type=\"loop-item\" data-elementor-id=\"813\" class=\"elementor elementor-813 elementor-401 elementor-401 e-loop-item e-loop-item-790 post-790 vacancy type-vacancy status-publish hentry\" data-elementor-post-type=\"elementor_library\" data-custom-edit-handle=\"1\">\n\t\t\t<div class=\"elementor-element elementor-element-bf76e64 e-flex e-con-boxed e-con e-parent\" data-id=\"bf76e64\" data-element_type=\"container\" data-e-type=\"container\" data-settings=\"{&quot;background_background&quot;:&quot;classic&quot;,&quot;jet_parallax_layout_list&quot;:[]}\">\n\t\t\t\t\t<div class=\"e-con-inner\">\n\t\t\t\t<div class=\"elementor-element elementor-element-eb8a42d elementor-widget elementor-widget-heading\" data-id=\"eb8a42d\" data-element_type=\"widget\" data-e-type=\"widget\" data-widget_type=\"heading.default\">\n\t\t\t\t\t<h3 class=\"elementor-heading-title elementor-size-default\">Chef de projet Ventes 100% (m\/f\/d) Zurich<\/h3>\t\t\t\t<\/div>\n\t\t\t\t<div class=\"elementor-element elementor-element-a7970fe elementor-widget elementor-widget-text-editor\" data-id=\"a7970fe\" data-element_type=\"widget\" data-e-type=\"widget\" data-widget_type=\"text-editor.default\">\n\t\t\t\t\t\t\t\t\tVous \u00eates \u00e0 la recherche d&rsquo;un d\u00e9fi dans un environnement de travail professionnel o\u00f9 vous pourrez mettre \u00e0 profit vos comp\u00e9tences en gestion de projet et devenir en m\u00eame temps un vendeur de premier ordre ? Alors devenez un Content Hero \u00e0 Zurich ! \t\t\t\t\t\t\t\t<\/div>\n\t\t\t\t<div class=\"elementor-element elementor-element-0bb2708 elementor-align-left elementor-mobile-align-left hover-shrink top-auto elementor-widget elementor-widget-button\" data-id=\"0bb2708\" data-element_type=\"widget\" data-e-type=\"widget\" data-widget_type=\"button.default\">\n\t\t\t\t\t\t\t\t\t\t<a class=\"elementor-button elementor-button-link elementor-size-sm\" href=\"https:\/\/smartmediaagency.teamtailor.com\/jobs\/193252-project-manager-sales-100\" target=\"_blank\">\n\t\t\t\t\t\t<span class=\"elementor-button-content-wrapper\">\n\t\t\t\t\t\t\t\t\t<span class=\"elementor-button-text\">En savoir plus<\/span>\n\t\t\t\t\t<\/span>\n\t\t\t\t\t<\/a>\n\t\t\t\t\t\t\t\t<\/div>\n\t\t\t\t\t<\/div>\n\t\t\t\t<\/div>\n\t\t\t\t<\/div>\n\t\t\t\t<div data-elementor-type=\"loop-item\" data-elementor-id=\"813\" class=\"elementor elementor-813 elementor-401 elementor-401 e-loop-item e-loop-item-789 post-789 vacancy type-vacancy status-publish hentry\" data-elementor-post-type=\"elementor_library\" data-custom-edit-handle=\"1\">\n\t\t\t<div class=\"elementor-element elementor-element-bf76e64 e-flex e-con-boxed e-con e-parent\" data-id=\"bf76e64\" data-element_type=\"container\" data-e-type=\"container\" data-settings=\"{&quot;background_background&quot;:&quot;classic&quot;,&quot;jet_parallax_layout_list&quot;:[]}\">\n\t\t\t\t\t<div class=\"e-con-inner\">\n\t\t\t\t<div class=\"elementor-element elementor-element-eb8a42d elementor-widget elementor-widget-heading\" data-id=\"eb8a42d\" data-element_type=\"widget\" data-e-type=\"widget\" data-widget_type=\"heading.default\">\n\t\t\t\t\t<h3 class=\"elementor-heading-title elementor-size-default\">Stage &#8211; Marketing de contenu &#8211; 100<\/h3>\t\t\t\t<\/div>\n\t\t\t\t<div class=\"elementor-element elementor-element-a7970fe elementor-widget elementor-widget-text-editor\" data-id=\"a7970fe\" data-element_type=\"widget\" data-e-type=\"widget\" data-widget_type=\"text-editor.default\">\n\t\t\t\t\t\t\t\t\tSmart Media est une entreprise jeune et dynamique, \u00e0 la hi\u00e9rarchie horizontale et \u00e0 l&rsquo;\u00e9nergie d\u00e9bordante, o\u00f9 l&rsquo;esprit d&rsquo;\u00e9quipe est une priorit\u00e9. Nous vous offrons la possibilit\u00e9 d&rsquo;acqu\u00e9rir une exp\u00e9rience pr\u00e9cieuse dans le journalisme et d&rsquo;assumer des responsabilit\u00e9s. Nos bureaux, situ\u00e9s \u00e0 deux pas de la Barf\u00fcsserplatz \u00e0 B\u00e2le, offrent un environnement de travail id\u00e9al.   \t\t\t\t\t\t\t\t<\/div>\n\t\t\t\t<div class=\"elementor-element elementor-element-0bb2708 elementor-align-left elementor-mobile-align-left hover-shrink top-auto elementor-widget elementor-widget-button\" data-id=\"0bb2708\" data-element_type=\"widget\" data-e-type=\"widget\" data-widget_type=\"button.default\">\n\t\t\t\t\t\t\t\t\t\t<a class=\"elementor-button elementor-button-link elementor-size-sm\" href=\"https:\/\/smartmediaagency.teamtailor.com\/jobs\/5499457-stage-marketing-de-contenu-100\" target=\"_blank\">\n\t\t\t\t\t\t<span class=\"elementor-button-content-wrapper\">\n\t\t\t\t\t\t\t\t\t<span class=\"elementor-button-text\">En savoir plus<\/span>\n\t\t\t\t\t<\/span>\n\t\t\t\t\t<\/a>\n\t\t\t\t\t\t\t\t<\/div>\n\t\t\t\t\t<\/div>\n\t\t\t\t<\/div>\n\t\t\t\t<\/div>\n\t\t\t\t<div data-elementor-type=\"loop-item\" data-elementor-id=\"813\" class=\"elementor elementor-813 elementor-401 elementor-401 e-loop-item e-loop-item-792 post-792 vacancy type-vacancy status-publish hentry\" data-elementor-post-type=\"elementor_library\" data-custom-edit-handle=\"1\">\n\t\t\t<div class=\"elementor-element elementor-element-bf76e64 e-flex e-con-boxed e-con e-parent\" data-id=\"bf76e64\" data-element_type=\"container\" data-e-type=\"container\" data-settings=\"{&quot;background_background&quot;:&quot;classic&quot;,&quot;jet_parallax_layout_list&quot;:[]}\">\n\t\t\t\t\t<div class=\"e-con-inner\">\n\t\t\t\t<div class=\"elementor-element elementor-element-eb8a42d elementor-widget elementor-widget-heading\" data-id=\"eb8a42d\" data-element_type=\"widget\" data-e-type=\"widget\" data-widget_type=\"heading.default\">\n\t\t\t\t\t<h3 class=\"elementor-heading-title elementor-size-default\">Chef de projet ventes et marketing de contenu<\/h3>\t\t\t\t<\/div>\n\t\t\t\t<div class=\"elementor-element elementor-element-a7970fe elementor-widget elementor-widget-text-editor\" data-id=\"a7970fe\" data-element_type=\"widget\" data-e-type=\"widget\" data-widget_type=\"text-editor.default\">\n\t\t\t\t\t\t\t\t\tEn tant que chef de projet avec responsabilit\u00e9 commerciale, votre mission est de mener \u00e0 bien un projet de la premi\u00e8re id\u00e9e au produit fini. Ce dernier sera ensuite int\u00e9gr\u00e9 dans les grands quotidiens suisses et fran\u00e7ais. Pendant un an, vous serez responsable du d\u00e9veloppement de six campagnes dans diff\u00e9rents domaines d&rsquo;activit\u00e9. Vous \u00eates responsable de la vente des espaces publicitaires et vous dirigez le processus de production depuis l&rsquo;acquisition des clients, de la vente du concept jusqu&rsquo;\u00e0 sa conclusion. Outre l&rsquo;insertion du contenu r\u00e9dactionnel, vous aurez l&rsquo;occasion de choisir les partenaires d&rsquo;interview, de travailler avec nos journalistes et de veiller \u00e0 ce que les images, les annonces et les textes soient id\u00e9alement plac\u00e9s. \t\t\t\t\t\t\t\t<\/div>\n\t\t\t\t<div class=\"elementor-element elementor-element-0bb2708 elementor-align-left elementor-mobile-align-left hover-shrink top-auto elementor-widget elementor-widget-button\" data-id=\"0bb2708\" data-element_type=\"widget\" data-e-type=\"widget\" data-widget_type=\"button.default\">\n\t\t\t\t\t\t\t\t\t\t<a class=\"elementor-button elementor-button-link elementor-size-sm\" href=\"https:\/\/smartmediaagency.teamtailor.com\/jobs\/2478781-chef-de-projet-sales-content-marketing\" target=\"_blank\">\n\t\t\t\t\t\t<span class=\"elementor-button-content-wrapper\">\n\t\t\t\t\t\t\t\t\t<span class=\"elementor-button-text\">En savoir plus<\/span>\n\t\t\t\t\t<\/span>\n\t\t\t\t\t<\/a>\n\t\t\t\t\t\t\t\t<\/div>\n\t\t\t\t\t<\/div>\n\t\t\t\t<\/div>\n\t\t\t\t<\/div>\n\t\t\t\t<div data-elementor-type=\"loop-item\" data-elementor-id=\"813\" class=\"elementor elementor-813 elementor-401 elementor-401 e-loop-item e-loop-item-786 post-786 vacancy type-vacancy status-publish hentry\" data-elementor-post-type=\"elementor_library\" data-custom-edit-handle=\"1\">\n\t\t\t<div class=\"elementor-element elementor-element-bf76e64 e-flex e-con-boxed e-con e-parent\" data-id=\"bf76e64\" data-element_type=\"container\" data-e-type=\"container\" data-settings=\"{&quot;background_background&quot;:&quot;classic&quot;,&quot;jet_parallax_layout_list&quot;:[]}\">\n\t\t\t\t\t<div class=\"e-con-inner\">\n\t\t\t\t<div class=\"elementor-element elementor-element-eb8a42d elementor-widget elementor-widget-heading\" data-id=\"eb8a42d\" data-element_type=\"widget\" data-e-type=\"widget\" data-widget_type=\"heading.default\">\n\t\t\t\t\t<h3 class=\"elementor-heading-title elementor-size-default\">Chef de projet Ventes 100% Absatzmarkt Deutschland<\/h3>\t\t\t\t<\/div>\n\t\t\t\t<div class=\"elementor-element elementor-element-a7970fe elementor-widget elementor-widget-text-editor\" data-id=\"a7970fe\" data-element_type=\"widget\" data-e-type=\"widget\" data-widget_type=\"text-editor.default\">\n\t\t\t\t\t\t\t\t\tDevenez un h\u00e9ros du contenu pour le march\u00e9 allemand ! Entamez un nouveau chapitre avec nous, inspirez les clients allemands et \u00e9laborez des campagnes convaincantes. Commencez votre carri\u00e8re commerciale d\u00e8s maintenant !   \t\t\t\t\t\t\t\t<\/div>\n\t\t\t\t<div class=\"elementor-element elementor-element-0bb2708 elementor-align-left elementor-mobile-align-left hover-shrink top-auto elementor-widget elementor-widget-button\" data-id=\"0bb2708\" data-element_type=\"widget\" data-e-type=\"widget\" data-widget_type=\"button.default\">\n\t\t\t\t\t\t\t\t\t\t<a class=\"elementor-button elementor-button-link elementor-size-sm\" href=\"https:\/\/smartmediaagency.teamtailor.com\/jobs\/5173961-project-manager-sales-100-absatzmarkt-deutschland\" target=\"_blank\">\n\t\t\t\t\t\t<span class=\"elementor-button-content-wrapper\">\n\t\t\t\t\t\t\t\t\t<span class=\"elementor-button-text\">En savoir plus<\/span>\n\t\t\t\t\t<\/span>\n\t\t\t\t\t<\/a>\n\t\t\t\t\t\t\t\t<\/div>\n\t\t\t\t\t<\/div>\n\t\t\t\t<\/div>\n\t\t\t\t<\/div>\n\t\t\t\t<\/div>\n\t\t\n\t\t\t\t\t\t<\/div>\n\t\t\t\t<\/div>\n\t\t\t\t<\/div>\n\t\t\t\t<\/div>\n\t\t","protected":false},"excerpt":{"rendered":"<p>Faites partie de notre \u00e9quipe ! Int\u00e9grez notre \u00e9quipe jeune et dynamique, sans hi\u00e9rarchie, et acqu\u00e9rez une exp\u00e9rience pr\u00e9cieuse dans le domaine du marketing de contenu. Nous nous r\u00e9jouissons de faire votre connaissance.<\/p>\n","protected":false},"author":2,"featured_media":0,"parent":0,"menu_order":0,"comment_status":"closed","ping_status":"closed","template":"elementor_header_footer","meta":{"_acf_changed":false,"footnotes":""},"class_list":["post-711","page","type-page","status-publish","hentry"],"acf":[],"_links":{"self":[{"href":"https:\/\/smartmediaagency.com\/fr\/wp-json\/wp\/v2\/pages\/711","targetHints":{"allow":["GET"]}}],"collection":[{"href":"https:\/\/smartmediaagency.com\/fr\/wp-json\/wp\/v2\/pages"}],"about":[{"href":"https:\/\/smartmediaagency.com\/fr\/wp-json\/wp\/v2\/types\/page"}],"author":[{"embeddable":true,"href":"https:\/\/smartmediaagency.com\/fr\/wp-json\/wp\/v2\/users\/2"}],"replies":[{"embeddable":true,"href":"https:\/\/smartmediaagency.com\/fr\/wp-json\/wp\/v2\/comments?post=711"}],"version-history":[{"count":0,"href":"https:\/\/smartmediaagency.com\/fr\/wp-json\/wp\/v2\/pages\/711\/revisions"}],"wp:attachment":[{"href":"https:\/\/smartmediaagency.com\/fr\/wp-json\/wp\/v2\/media?parent=711"}],"curies":[{"name":"wp","href":"https:\/\/api.w.org\/{rel}","templated":true}]}}