{"id":704,"date":"2025-11-12T09:01:57","date_gmt":"2025-11-12T09:01:57","guid":{"rendered":"https:\/\/smartmediaagency.com\/nos-solutions\/"},"modified":"2026-03-05T12:03:20","modified_gmt":"2026-03-05T12:03:20","slug":"nos-solutions","status":"publish","type":"page","link":"https:\/\/smartmediaagency.com\/fr\/nos-solutions\/","title":{"rendered":"Nos solutions"},"content":{"rendered":"\t\t<div data-elementor-type=\"wp-page\" data-elementor-id=\"704\" class=\"elementor elementor-704 elementor-37\" data-elementor-post-type=\"page\">\n\t\t\t\t<div class=\"elementor-element elementor-element-beda5d1 e-flex e-con-boxed e-con e-parent\" data-id=\"beda5d1\" data-element_type=\"container\" data-e-type=\"container\" data-settings=\"{&quot;background_background&quot;:&quot;classic&quot;,&quot;jet_parallax_layout_list&quot;:[]}\">\n\t\t\t\t\t<div class=\"e-con-inner\">\n\t\t\t\t<div class=\"elementor-element elementor-element-7fbbe30 elementor-widget elementor-widget-heading\" data-id=\"7fbbe30\" data-element_type=\"widget\" data-e-type=\"widget\" data-widget_type=\"heading.default\">\n\t\t\t\t\t<h1 class=\"elementor-heading-title elementor-size-default\">Des solutions pour des contenus smart<br><br>\n<\/h1>\t\t\t\t<\/div>\n\t\t\t\t<div class=\"elementor-element elementor-element-4b72bb1 elementor-widget elementor-widget-text-editor\" data-id=\"4b72bb1\" data-element_type=\"widget\" data-e-type=\"widget\" data-widget_type=\"text-editor.default\">\n\t\t\t\t\t\t\t\t\t<p>en appliquant des m\u00e9thodes \u00e9ditoriales et des histoires vraies qui captivent le public<\/p>\t\t\t\t\t\t\t\t<\/div>\n\t\t\t\t\t<\/div>\n\t\t\t\t<\/div>\n\t\t<div class=\"elementor-element elementor-element-61a169b e-con-full desktop-heigh-section e-flex e-con e-parent\" data-id=\"61a169b\" data-element_type=\"container\" data-e-type=\"container\" data-settings=\"{&quot;jet_parallax_layout_list&quot;:[]}\">\n\t\t<div class=\"elementor-element elementor-element-3afce9f e-con-full e-flex e-con e-child\" data-id=\"3afce9f\" data-element_type=\"container\" data-e-type=\"container\" data-settings=\"{&quot;background_background&quot;:&quot;classic&quot;,&quot;jet_parallax_layout_list&quot;:[]}\">\n\t\t\t\t<div class=\"elementor-element elementor-element-339c483 elementor-widget elementor-widget-heading\" data-id=\"339c483\" data-element_type=\"widget\" data-e-type=\"widget\" data-widget_type=\"heading.default\">\n\t\t\t\t\t<h2 class=\"elementor-heading-title elementor-size-default\">Qu'est-ce que le marketing de contenu\u00a0?<\/h2>\t\t\t\t<\/div>\n\t\t\t\t<div class=\"elementor-element elementor-element-2dc6b85 elementor-widget elementor-widget-text-editor\" data-id=\"2dc6b85\" data-element_type=\"widget\" data-e-type=\"widget\" data-widget_type=\"text-editor.default\">\n\t\t\t\t\t\t\t\t\t<p>Le marketing de contenu est une approche marketing strat\u00e9gique qui consiste \u00e0 cr\u00e9er et \u00e0 diffuser un contenu pertinent, utile et coh\u00e9rent afin d&rsquo;attirer et de fid\u00e9liser une audience clairement d\u00e9finie, de construire la confiance et, en fin de compte, de g\u00e9n\u00e9rer des actions clients rentables.<\/p><p><strong>Quel est l&rsquo;impact du marketing de contenu sur votre entreprise\u00a0?<\/strong><\/p><p>&#8211; Guider les clients tout au long du processus d&rsquo;achat<br \/>&#8211; Fid\u00e9liser la client\u00e8le<br \/>&#8211; Accro\u00eetre la notori\u00e9t\u00e9 de la marque<br \/>&#8211; Booster les ventes<br \/>&#8211; G\u00e9n\u00e9rer des prospects<br \/>&#8211; Positionner votre marque comme experte<br \/>&#8211; Partager des connaissances<br \/>&#8211; Attirer les talents<\/p>\t\t\t\t\t\t\t\t<\/div>\n\t\t\t\t<\/div>\n\t\t<div class=\"elementor-element elementor-element-82e276f e-con-full e-flex e-con e-child\" data-id=\"82e276f\" data-element_type=\"container\" data-e-type=\"container\" data-settings=\"{&quot;background_background&quot;:&quot;classic&quot;,&quot;jet_parallax_layout_list&quot;:[]}\">\n\t\t\t\t<div class=\"elementor-element elementor-element-cfc022f elementor-widget elementor-widget-heading\" data-id=\"cfc022f\" data-element_type=\"widget\" data-e-type=\"widget\" data-widget_type=\"heading.default\">\n\t\t\t\t\t<h2 class=\"elementor-heading-title elementor-size-default\">Imprimer<\/h2>\t\t\t\t<\/div>\n\t\t\t\t<div class=\"elementor-element elementor-element-b483373 elementor-widget elementor-widget-text-editor\" data-id=\"b483373\" data-element_type=\"widget\" data-e-type=\"widget\" data-widget_type=\"text-editor.default\">\n\t\t\t\t\t\t\t\t\t<p>Une publicit\u00e9 imprim\u00e9e m\u00e9morable cr\u00e9e une exp\u00e9rience inoubliable qui transforme votre public en clients. \u00c0 l&rsquo;\u00e8re du num\u00e9rique, capter l&rsquo;attention de son audience est crucial. L&rsquo;imprim\u00e9 est un m\u00e9dia strat\u00e9gique qui donne vie aux histoires. Il touche, influence, transforme et, surtout, laisse une impression durable.<\/p><p>Notre expertise r\u00e9side dans le marketing de contenu et les m\u00e9dias imprim\u00e9s, o\u00f9 nous partageons des histoires pertinentes et de grande valeur.<\/p><p><strong>Avantages des m\u00e9dias imprim\u00e9s\u00a0:<\/strong><\/p><p>&#8211; Confiance (56\u00a0% des consommateurs font davantage confiance \u00e0 l&rsquo;imprim\u00e9 qu&rsquo;\u00e0 tout autre support publicitaire)<br \/>&#8211; Exp\u00e9rience de lecture agr\u00e9able et de qualit\u00e9<br \/>&#8211; Exp\u00e9rience tangible et multidimensionnelle<br \/>&#8211; Absorption plus rapide de l&rsquo;information<br \/>&#8211; Produit final et immuable<br \/>&#8211; Impact \u00e9motionnel<\/p>\t\t\t\t\t\t\t\t<\/div>\n\t\t\t\t<\/div>\n\t\t\t\t<\/div>\n\t\t<div class=\"elementor-element elementor-element-45a9372 e-con-full desktop-heigh-section e-flex e-con e-parent\" data-id=\"45a9372\" data-element_type=\"container\" data-e-type=\"container\" data-settings=\"{&quot;jet_parallax_layout_list&quot;:[]}\">\n\t\t<div class=\"elementor-element elementor-element-ca0269e e-con-full e-flex e-con e-child\" data-id=\"ca0269e\" data-element_type=\"container\" data-e-type=\"container\" data-settings=\"{&quot;background_background&quot;:&quot;classic&quot;,&quot;jet_parallax_layout_list&quot;:[]}\">\n\t\t\t\t<div class=\"elementor-element elementor-element-eede511 elementor-widget elementor-widget-heading\" data-id=\"eede511\" data-element_type=\"widget\" data-e-type=\"widget\" data-widget_type=\"heading.default\">\n\t\t\t\t\t<h2 class=\"elementor-heading-title elementor-size-default\">Journal<\/h2>\t\t\t\t<\/div>\n\t\t\t\t<div class=\"elementor-element elementor-element-9481d56 elementor-widget elementor-widget-text-editor\" data-id=\"9481d56\" data-element_type=\"widget\" data-e-type=\"widget\" data-widget_type=\"text-editor.default\">\n\t\t\t\t\t\t\t\t\t<p data-slate-node=\"element\">Nos partenaires de distribution s&rsquo;int\u00e9ressent aux offres sp\u00e9ciales B2B et B2C. Gr\u00e2ce \u00e0 leur forte diffusion, nous touchons \u00e0 la fois nos cibles principales et leurs influenceurs. Id\u00e9al pour les sujets li\u00e9s aux affaires, au style de vie et aux questions sociales.<\/p>\t\t\t\t\t\t\t\t<\/div>\n\t\t\t\t<\/div>\n\t\t<div class=\"elementor-element elementor-element-bc7df66 e-con-full e-flex e-con e-child\" data-id=\"bc7df66\" data-element_type=\"container\" data-e-type=\"container\" data-settings=\"{&quot;jet_parallax_layout_list&quot;:[]}\">\n\t\t\t\t<div class=\"elementor-element elementor-element-d60b119 elementor-widget__width-inherit side-img desktop-high-img elementor-widget elementor-widget-image\" data-id=\"d60b119\" data-element_type=\"widget\" data-e-type=\"widget\" data-widget_type=\"image.default\">\n\t\t\t\t\t\t\t\t\t\t\t\t\t\t\t<img fetchpriority=\"high\" decoding=\"async\" width=\"800\" height=\"846\" src=\"https:\/\/smartmediaagency.com\/wp-content\/uploads\/2026\/02\/Mockup_Startseite-968x1024.jpg\" class=\"attachment-large size-large wp-image-2332\" alt=\"\" srcset=\"https:\/\/smartmediaagency.com\/wp-content\/uploads\/2026\/02\/Mockup_Startseite-968x1024.jpg 968w, https:\/\/smartmediaagency.com\/wp-content\/uploads\/2026\/02\/Mockup_Startseite-283x300.jpg 283w, https:\/\/smartmediaagency.com\/wp-content\/uploads\/2026\/02\/Mockup_Startseite-768x813.jpg 768w, https:\/\/smartmediaagency.com\/wp-content\/uploads\/2026\/02\/Mockup_Startseite-1451x1536.jpg 1451w, https:\/\/smartmediaagency.com\/wp-content\/uploads\/2026\/02\/Mockup_Startseite.jpg 1785w\" sizes=\"(max-width: 800px) 100vw, 800px\" \/>\t\t\t\t\t\t\t\t\t\t\t\t\t\t\t<\/div>\n\t\t\t\t<\/div>\n\t\t\t\t<\/div>\n\t\t<div class=\"elementor-element elementor-element-d028fa3 e-con-full desktop-heigh-section e-flex e-con e-parent\" data-id=\"d028fa3\" data-element_type=\"container\" data-e-type=\"container\" data-settings=\"{&quot;jet_parallax_layout_list&quot;:[]}\">\n\t\t<div class=\"elementor-element elementor-element-b19591b e-con-full e-flex e-con e-child\" data-id=\"b19591b\" data-element_type=\"container\" data-e-type=\"container\" data-settings=\"{&quot;jet_parallax_layout_list&quot;:[]}\">\n\t\t\t\t<div class=\"elementor-element elementor-element-52dcdac elementor-widget__width-inherit side-img desktop-high-img elementor-widget elementor-widget-image\" data-id=\"52dcdac\" data-element_type=\"widget\" data-e-type=\"widget\" data-widget_type=\"image.default\">\n\t\t\t\t\t\t\t\t\t\t\t\t\t\t\t<img decoding=\"async\" src=\"https:\/\/smartmediaagency.com\/wp-content\/uploads\/2026\/03\/Mockup_Magazin-1-1.jpg\" title=\"\" alt=\"\" loading=\"lazy\" \/>\t\t\t\t\t\t\t\t\t\t\t\t\t\t\t<\/div>\n\t\t\t\t<\/div>\n\t\t<div class=\"elementor-element elementor-element-e41557f e-con-full e-flex e-con e-child\" data-id=\"e41557f\" data-element_type=\"container\" data-e-type=\"container\" data-settings=\"{&quot;background_background&quot;:&quot;classic&quot;,&quot;jet_parallax_layout_list&quot;:[]}\">\n\t\t\t\t<div class=\"elementor-element elementor-element-68939b7 elementor-widget elementor-widget-heading\" data-id=\"68939b7\" data-element_type=\"widget\" data-e-type=\"widget\" data-widget_type=\"heading.default\">\n\t\t\t\t\t<h2 class=\"elementor-heading-title elementor-size-default\">Revue<\/h2>\t\t\t\t<\/div>\n\t\t\t\t<div class=\"elementor-element elementor-element-c9e7109 elementor-widget elementor-widget-text-editor\" data-id=\"c9e7109\" data-element_type=\"widget\" data-e-type=\"widget\" data-widget_type=\"text-editor.default\">\n\t\t\t\t\t\t\t\t\t<p>Nos \u00e9ditions B2B incarnent le leadership d&rsquo;opinion \u00e0 l&rsquo;\u00e9tat pur. Elles constituent le point de r\u00e9f\u00e9rence des d\u00e9cideurs d&rsquo;aujourd&rsquo;hui et de demain. Qu&rsquo;il s&rsquo;agisse de commerce, d&rsquo;innovation, de technologie ou de sant\u00e9, nous proposons un contenu percutant. Tendances sectorielles, interviews exclusives, un magazine professionnel \u00e0 l&rsquo;audience nationale.<\/p><p><strong>O\u00f9 pourriez-vous mieux positionner votre marque\u00a0?<\/strong><\/p>\t\t\t\t\t\t\t\t<\/div>\n\t\t\t\t<\/div>\n\t\t\t\t<\/div>\n\t\t<div class=\"elementor-element elementor-element-cccf028 e-con-full desktop-heigh-section e-flex e-con e-parent\" data-id=\"cccf028\" data-element_type=\"container\" data-e-type=\"container\" data-settings=\"{&quot;jet_parallax_layout_list&quot;:[]}\">\n\t\t<div class=\"elementor-element elementor-element-0883ef1 e-con-full e-flex e-con e-child\" data-id=\"0883ef1\" data-element_type=\"container\" data-e-type=\"container\" data-settings=\"{&quot;background_background&quot;:&quot;classic&quot;,&quot;jet_parallax_layout_list&quot;:[]}\">\n\t\t\t\t<div class=\"elementor-element elementor-element-3c75b40 elementor-widget elementor-widget-heading\" data-id=\"3c75b40\" data-element_type=\"widget\" data-e-type=\"widget\" data-widget_type=\"heading.default\">\n\t\t\t\t\t<h2 class=\"elementor-heading-title elementor-size-default\">Crossmedia \u2013 Online<\/h2>\t\t\t\t<\/div>\n\t\t\t\t<div class=\"elementor-element elementor-element-2525902 elementor-widget elementor-widget-text-editor\" data-id=\"2525902\" data-element_type=\"widget\" data-e-type=\"widget\" data-widget_type=\"text-editor.default\">\n\t\t\t\t\t\t\t\t\t<p>Le contenu \u00e9ditorial est publi\u00e9 sur notre site web (fokus.swiss \/ focus.swiss \/ smartemployer.ch) avec une optimisation SEO. Cela nous permet de toucher un large public cible et d&rsquo;int\u00e9grer diff\u00e9rents types de m\u00e9dias tels que des vid\u00e9os, des images et des graphiques.<\/p><p>Notre site web enregistre plus de 662\u00a0000 visites par an.<\/p><p>*Chiffres \u00e0 partir de 2025<\/p>\t\t\t\t\t\t\t\t<\/div>\n\t\t\t\t<\/div>\n\t\t<div class=\"elementor-element elementor-element-10a76d8 e-con-full e-flex e-con e-child\" data-id=\"10a76d8\" data-element_type=\"container\" data-e-type=\"container\" data-settings=\"{&quot;background_background&quot;:&quot;classic&quot;,&quot;jet_parallax_layout_list&quot;:[]}\">\n\t\t\t\t<div class=\"elementor-element elementor-element-68d2350 elementor-widget elementor-widget-heading\" data-id=\"68d2350\" data-element_type=\"widget\" data-e-type=\"widget\" data-widget_type=\"heading.default\">\n\t\t\t\t\t<h2 class=\"elementor-heading-title elementor-size-default\">Crossmedia \u2013 M\u00e9dias sociaux<\/h2>\t\t\t\t<\/div>\n\t\t\t\t<div class=\"elementor-element elementor-element-309f8a2 elementor-widget elementor-widget-text-editor\" data-id=\"309f8a2\" data-element_type=\"widget\" data-e-type=\"widget\" data-widget_type=\"text-editor.default\">\n\t\t\t\t\t\t\t\t\t<p data-slate-node=\"element\">Les pages d&rsquo;accueil de nos sites web sont \u00e9galement promues sur les r\u00e9seaux sociaux afin d&rsquo;accro\u00eetre leur visibilit\u00e9 et d&rsquo;offrir une meilleure notori\u00e9t\u00e9 en ligne. Les r\u00e9seaux sociaux nous permettent aussi de cibler pr\u00e9cis\u00e9ment notre audience et d&rsquo;adresser notre message \u00e0 des segments de clients tr\u00e8s sp\u00e9cifiques. Simple, mais efficace.<\/p>\t\t\t\t\t\t\t\t<\/div>\n\t\t\t\t<\/div>\n\t\t\t\t<\/div>\n\t\t\t\t<\/div>\n\t\t","protected":false},"excerpt":{"rendered":"<p>Des solutions pour des contenus smart en appliquant des m\u00e9thodes \u00e9ditoriales et des histoires vraies qui captivent le public Qu&rsquo;est-ce que le marketing de contenu\u00a0? Le marketing de contenu est une approche marketing strat\u00e9gique qui consiste \u00e0 cr\u00e9er et \u00e0 diffuser un contenu pertinent, utile et coh\u00e9rent afin d&rsquo;attirer et de fid\u00e9liser une audience clairement [&hellip;]<\/p>\n","protected":false},"author":2,"featured_media":0,"parent":0,"menu_order":0,"comment_status":"closed","ping_status":"closed","template":"elementor_header_footer","meta":{"_acf_changed":false,"footnotes":""},"class_list":["post-704","page","type-page","status-publish","hentry"],"acf":[],"_links":{"self":[{"href":"https:\/\/smartmediaagency.com\/fr\/wp-json\/wp\/v2\/pages\/704","targetHints":{"allow":["GET"]}}],"collection":[{"href":"https:\/\/smartmediaagency.com\/fr\/wp-json\/wp\/v2\/pages"}],"about":[{"href":"https:\/\/smartmediaagency.com\/fr\/wp-json\/wp\/v2\/types\/page"}],"author":[{"embeddable":true,"href":"https:\/\/smartmediaagency.com\/fr\/wp-json\/wp\/v2\/users\/2"}],"replies":[{"embeddable":true,"href":"https:\/\/smartmediaagency.com\/fr\/wp-json\/wp\/v2\/comments?post=704"}],"version-history":[{"count":7,"href":"https:\/\/smartmediaagency.com\/fr\/wp-json\/wp\/v2\/pages\/704\/revisions"}],"predecessor-version":[{"id":2375,"href":"https:\/\/smartmediaagency.com\/fr\/wp-json\/wp\/v2\/pages\/704\/revisions\/2375"}],"wp:attachment":[{"href":"https:\/\/smartmediaagency.com\/fr\/wp-json\/wp\/v2\/media?parent=704"}],"curies":[{"name":"wp","href":"https:\/\/api.w.org\/{rel}","templated":true}]}}