{"id":1253,"date":"2025-11-27T10:21:35","date_gmt":"2025-11-27T10:21:35","guid":{"rendered":"https:\/\/smartmediaagency.com\/cgu\/"},"modified":"2025-11-27T13:33:36","modified_gmt":"2025-11-27T13:33:36","slug":"cgu","status":"publish","type":"page","link":"https:\/\/smartmediaagency.com\/fr\/cgu\/","title":{"rendered":"CGU"},"content":{"rendered":"\t\t<div data-elementor-type=\"wp-page\" data-elementor-id=\"1253\" class=\"elementor elementor-1253 elementor-1203\" data-elementor-post-type=\"page\">\n\t\t\t\t<div class=\"elementor-element elementor-element-85baa33 e-con-full side-paddings e-flex e-con e-parent\" data-id=\"85baa33\" data-element_type=\"container\" data-e-type=\"container\" data-settings=\"{&quot;jet_parallax_layout_list&quot;:[]}\">\n\t\t\t\t<div class=\"elementor-element elementor-element-798fddf elementor-widget elementor-widget-heading\" data-id=\"798fddf\" data-element_type=\"widget\" data-e-type=\"widget\" data-widget_type=\"heading.default\">\n\t\t\t\t\t<h2 class=\"elementor-heading-title elementor-size-default\">Conditions d'utilisation (CGU)<br>\n<\/h2>\t\t\t\t<\/div>\n\t\t\t\t<div class=\"elementor-element elementor-element-028ad1f elementor-widget elementor-widget-text-editor\" data-id=\"028ad1f\" data-element_type=\"widget\" data-e-type=\"widget\" data-widget_type=\"text-editor.default\">\n\t\t\t\t\t\t\t\t\t<p><strong>1. Champ d\u2019application<\/strong><br>Les pr\u00e9sentes conditions d\u2019utilisation s\u2019appliquent \u00e0 tous les visiteurs et utilisateurs du site web www.smartmediaagency.com<\/p><p><strong>2. Contenu du site<\/strong><br>Tous les contenus sont \u00e9labor\u00e9s avec le plus grand soin possible. Nous ne pouvons toutefois pas garantir l\u2019exactitude, l\u2019exhaustivit\u00e9 et l\u2019actualit\u00e9 de ces informations. <\/p><p><strong>3. Utilisation<\/strong><br>L\u2019utilisation de ce site web se fait aux risques et p\u00e9rils de l\u2019utilisateur.<br>Il est interdit d\u2019utiliser le site web de mani\u00e8re abusive (par exemple par piratage, spam ou contenu ill\u00e9gal).<\/p><p><strong>4. Droit d\u2019auteur<\/strong><br>Tous les contenus (textes, images, logos) sont prot\u00e9g\u00e9s par le droit d\u2019auteur et ne peuvent \u00eatre utilis\u00e9s sans autorisation \u00e9crite.<\/p><p><strong>5. Clause de non-responsabilit\u00e9<\/strong><br>Nous d\u00e9clinons toute responsabilit\u00e9 pour les dommages r\u00e9sultant de l\u2019utilisation de ce site web.<\/p><p><strong>6. Liens externes<\/strong><br>Ce site web peut contenir des liens vers des sites web externes. Nous n\u2019assumons aucune responsabilit\u00e9 quant \u00e0 leur contenu. <\/p><p><strong>7. Juridiction et droit applicable<\/strong><br>Le droit suisse est applicable. Le tribunal comp\u00e9tent est Zurich. <\/p>\t\t\t\t\t\t\t\t<\/div>\n\t\t\t\t<\/div>\n\t\t\t\t<\/div>\n\t\t","protected":false},"excerpt":{"rendered":"<p>Conditions d&rsquo;utilisation (CGU) 1. Champ d\u2019applicationLes pr\u00e9sentes conditions d\u2019utilisation s\u2019appliquent \u00e0 tous les visiteurs et utilisateurs du site web www.smartmediaagency.com 2. Contenu du siteTous les contenus sont \u00e9labor\u00e9s avec le plus grand soin possible. Nous ne pouvons toutefois pas garantir l\u2019exactitude, l\u2019exhaustivit\u00e9 et l\u2019actualit\u00e9 de ces informations. 3. UtilisationL\u2019utilisation de ce site web se fait [&hellip;]<\/p>\n","protected":false},"author":2,"featured_media":0,"parent":0,"menu_order":0,"comment_status":"closed","ping_status":"closed","template":"elementor_header_footer","meta":{"_acf_changed":false,"footnotes":""},"class_list":["post-1253","page","type-page","status-publish","hentry"],"acf":[],"_links":{"self":[{"href":"https:\/\/smartmediaagency.com\/fr\/wp-json\/wp\/v2\/pages\/1253","targetHints":{"allow":["GET"]}}],"collection":[{"href":"https:\/\/smartmediaagency.com\/fr\/wp-json\/wp\/v2\/pages"}],"about":[{"href":"https:\/\/smartmediaagency.com\/fr\/wp-json\/wp\/v2\/types\/page"}],"author":[{"embeddable":true,"href":"https:\/\/smartmediaagency.com\/fr\/wp-json\/wp\/v2\/users\/2"}],"replies":[{"embeddable":true,"href":"https:\/\/smartmediaagency.com\/fr\/wp-json\/wp\/v2\/comments?post=1253"}],"version-history":[{"count":0,"href":"https:\/\/smartmediaagency.com\/fr\/wp-json\/wp\/v2\/pages\/1253\/revisions"}],"wp:attachment":[{"href":"https:\/\/smartmediaagency.com\/fr\/wp-json\/wp\/v2\/media?parent=1253"}],"curies":[{"name":"wp","href":"https:\/\/api.w.org\/{rel}","templated":true}]}}