{"id":1245,"date":"2025-11-27T10:21:50","date_gmt":"2025-11-27T10:21:50","guid":{"rendered":"https:\/\/smartmediaagency.com\/mentions-legales\/"},"modified":"2026-03-10T07:03:30","modified_gmt":"2026-03-10T07:03:30","slug":"mentions-legales","status":"publish","type":"page","link":"https:\/\/smartmediaagency.com\/fr\/mentions-legales\/","title":{"rendered":"Mentions l\u00e9gales"},"content":{"rendered":"\t\t<div data-elementor-type=\"wp-page\" data-elementor-id=\"1245\" class=\"elementor elementor-1245 elementor-1205\" data-elementor-post-type=\"page\">\n\t\t\t\t<div class=\"elementor-element elementor-element-b7a2639 e-con-full side-paddings e-flex e-con e-parent\" data-id=\"b7a2639\" data-element_type=\"container\" data-e-type=\"container\" data-settings=\"{&quot;jet_parallax_layout_list&quot;:[]}\">\n\t\t\t\t<div class=\"elementor-element elementor-element-21ead27 elementor-widget elementor-widget-heading\" data-id=\"21ead27\" data-element_type=\"widget\" data-e-type=\"widget\" data-widget_type=\"heading.default\">\n\t\t\t\t\t<h2 class=\"elementor-heading-title elementor-size-default\">Mentions l\u00e9gales (Allemagne)\n<\/h2>\t\t\t\t<\/div>\n\t\t\t\t<div class=\"elementor-element elementor-element-0fdeab3 elementor-widget elementor-widget-text-editor\" data-id=\"0fdeab3\" data-element_type=\"widget\" data-e-type=\"widget\" data-widget_type=\"text-editor.default\">\n\t\t\t\t\t\t\t\t\t<p><strong>Soci\u00e9t\u00e9\/op\u00e9rateur du site web<\/strong><\/p><p>Smart Media Agency GmbH<br \/>c\/o WKGT<br \/>Rechtsanwaltsgesellschaft mbH<br \/>Ganghoferstrasse 31<br \/>80339 Munich<\/p><p><strong>Contact<\/strong><br \/>T\u00e9l\u00e9phone : <a href=\"tel:044%20258%2086%2000\">044 258 86 00<\/a><br \/>E-mail : <a href=\"mailto:info@smartmediaagency.ch\">info@smartmediaagency.ch<\/a><\/p><p><strong>Personne habilit\u00e9e \u00e0 repr\u00e9senter l\u2019entreprise<\/strong><br \/>Pascal Buck, CEO<\/p><p><strong>Inscription au registre du commerce<\/strong><br \/>Inscrit au registre du commerce du canton de Zurich<br \/>Num\u00e9ro de registre du commerce : CH-020.4.039.698-3<br \/>UID : CHE-114.760.756<\/p><p>Video: Calinah Kiener<\/p>\t\t\t\t\t\t\t\t<\/div>\n\t\t\t\t<\/div>\n\t\t\t\t<\/div>\n\t\t","protected":false},"excerpt":{"rendered":"<p>Mentions l\u00e9gales (Allemagne) Soci\u00e9t\u00e9\/op\u00e9rateur du site web Smart Media Agency GmbHc\/o WKGTRechtsanwaltsgesellschaft mbHGanghoferstrasse 3180339 Munich ContactT\u00e9l\u00e9phone : 044 258 86 00E-mail : info@smartmediaagency.ch Personne habilit\u00e9e \u00e0 repr\u00e9senter l\u2019entreprisePascal Buck, CEO Inscription au registre du commerceInscrit au registre du commerce du canton de ZurichNum\u00e9ro de registre du commerce : CH-020.4.039.698-3UID : CHE-114.760.756 Video: Calinah Kiener<\/p>\n","protected":false},"author":2,"featured_media":0,"parent":0,"menu_order":0,"comment_status":"closed","ping_status":"closed","template":"","meta":{"_acf_changed":false,"footnotes":""},"class_list":["post-1245","page","type-page","status-publish","hentry"],"acf":[],"_links":{"self":[{"href":"https:\/\/smartmediaagency.com\/fr\/wp-json\/wp\/v2\/pages\/1245","targetHints":{"allow":["GET"]}}],"collection":[{"href":"https:\/\/smartmediaagency.com\/fr\/wp-json\/wp\/v2\/pages"}],"about":[{"href":"https:\/\/smartmediaagency.com\/fr\/wp-json\/wp\/v2\/types\/page"}],"author":[{"embeddable":true,"href":"https:\/\/smartmediaagency.com\/fr\/wp-json\/wp\/v2\/users\/2"}],"replies":[{"embeddable":true,"href":"https:\/\/smartmediaagency.com\/fr\/wp-json\/wp\/v2\/comments?post=1245"}],"version-history":[{"count":3,"href":"https:\/\/smartmediaagency.com\/fr\/wp-json\/wp\/v2\/pages\/1245\/revisions"}],"predecessor-version":[{"id":2403,"href":"https:\/\/smartmediaagency.com\/fr\/wp-json\/wp\/v2\/pages\/1245\/revisions\/2403"}],"wp:attachment":[{"href":"https:\/\/smartmediaagency.com\/fr\/wp-json\/wp\/v2\/media?parent=1245"}],"curies":[{"name":"wp","href":"https:\/\/api.w.org\/{rel}","templated":true}]}}