{"id":1115,"date":"2025-11-27T07:41:18","date_gmt":"2025-11-27T07:41:18","guid":{"rendered":"https:\/\/smartmediaagency.com\/nos-solutions\/enjeux-societaux\/"},"modified":"2025-11-27T09:52:15","modified_gmt":"2025-11-27T09:52:15","slug":"enjeux-societaux","status":"publish","type":"page","link":"https:\/\/smartmediaagency.com\/fr\/nos-solutions\/enjeux-societaux\/","title":{"rendered":"Enjeux soci\u00e9taux"},"content":{"rendered":"\t\t<div data-elementor-type=\"wp-page\" data-elementor-id=\"1115\" class=\"elementor elementor-1115 elementor-1101\" data-elementor-post-type=\"page\">\n\t\t\t\t<div class=\"elementor-element elementor-element-dd0d3ee e-flex e-con-boxed e-con e-parent\" data-id=\"dd0d3ee\" data-element_type=\"container\" data-e-type=\"container\" data-settings=\"{&quot;background_background&quot;:&quot;classic&quot;,&quot;jet_parallax_layout_list&quot;:[]}\">\n\t\t\t\t\t<div class=\"e-con-inner\">\n\t\t\t\t<div class=\"elementor-element elementor-element-5632028 elementor-widget elementor-widget-heading\" data-id=\"5632028\" data-element_type=\"widget\" data-e-type=\"widget\" data-widget_type=\"heading.default\">\n\t\t\t\t\t<h1 class=\"elementor-heading-title elementor-size-default\">Enjeux soci\u00e9taux<br><\/h1>\t\t\t\t<\/div>\n\t\t\t\t\t<\/div>\n\t\t\t\t<\/div>\n\t\t<div class=\"elementor-element elementor-element-6566183 e-con-full e-flex e-con e-parent\" data-id=\"6566183\" data-element_type=\"container\" data-e-type=\"container\" data-settings=\"{&quot;jet_parallax_layout_list&quot;:[]}\">\n\t\t<div class=\"elementor-element elementor-element-51d15a3 e-con-full e-flex e-con e-child\" data-id=\"51d15a3\" data-element_type=\"container\" data-e-type=\"container\" data-settings=\"{&quot;background_background&quot;:&quot;classic&quot;,&quot;jet_parallax_layout_list&quot;:[]}\">\n\t\t\t\t<div class=\"elementor-element elementor-element-3504a20 elementor-widget elementor-widget-heading\" data-id=\"3504a20\" data-element_type=\"widget\" data-e-type=\"widget\" data-widget_type=\"heading.default\">\n\t\t\t\t\t<h2 class=\"elementor-heading-title elementor-size-default\">Graines de bonheur\n<\/h2>\t\t\t\t<\/div>\n\t\t\t\t<div class=\"elementor-element elementor-element-0fd162d elementor-widget elementor-widget-text-editor\" data-id=\"0fd162d\" data-element_type=\"widget\" data-e-type=\"widget\" data-widget_type=\"text-editor.default\">\n\t\t\t\t\t\t\t\t\t<p>Nous sommes arriv\u00e9s au point o\u00f9 nous pouvons dire que Smart Media est une r\u00e9ussite. <br><br> Nous disposons d\u2019une tr\u00e8s grande plateforme et d\u2019un r\u00e9seau influent que nous utilisons pour partager un grand nombre de contenus dans le monde o\u00f9 nous mettons en lumi\u00e8re des sujets importants tels que l\u2019inclusion, la durabilit\u00e9 et la diversit\u00e9.<\/p><p>Maintenant, il est temps de commencer \u00e0 mettre en pratique ce que nous pr\u00eachons. Au lieu de nous contenter de publier du contenu pour inspirer les gens, nous voulons utiliser notre plateforme et notre r\u00e9seau pour commencer \u00e0 aider les gens et avoir un impact positif sur notre communaut\u00e9.<\/p>\t\t\t\t\t\t\t\t<\/div>\n\t\t\t\t<div class=\"elementor-element elementor-element-2c5ce67 elementor-widget elementor-widget-button\" data-id=\"2c5ce67\" data-element_type=\"widget\" data-e-type=\"widget\" data-widget_type=\"button.default\">\n\t\t\t\t\t\t\t\t\t\t<a class=\"elementor-button elementor-button-link elementor-size-sm\" href=\"https:\/\/seedsofhappiness.be\/\" target=\"_blank\">\n\t\t\t\t\t\t<span class=\"elementor-button-content-wrapper\">\n\t\t\t\t\t\t\t\t\t<span class=\"elementor-button-text\">Visitez seedsofhappiness.be<\/span>\n\t\t\t\t\t<\/span>\n\t\t\t\t\t<\/a>\n\t\t\t\t\t\t\t\t<\/div>\n\t\t\t\t<\/div>\n\t\t<div class=\"elementor-element elementor-element-24a5cc3 e-con-full e-flex e-con e-child\" data-id=\"24a5cc3\" data-element_type=\"container\" data-e-type=\"container\" data-settings=\"{&quot;jet_parallax_layout_list&quot;:[]}\">\n\t\t\t\t<div class=\"elementor-element elementor-element-f599adb elementor-widget__width-inherit side-img elementor-widget elementor-widget-image\" data-id=\"f599adb\" data-element_type=\"widget\" data-e-type=\"widget\" data-widget_type=\"image.default\">\n\t\t\t\t\t\t\t\t\t\t\t\t\t\t\t<img fetchpriority=\"high\" decoding=\"async\" width=\"800\" height=\"450\" src=\"https:\/\/smartmediaagency.com\/wp-content\/uploads\/2025\/11\/SOH_BG-3D-004-1024x576.jpg\" class=\"attachment-large size-large wp-image-1111\" alt=\"\" srcset=\"https:\/\/smartmediaagency.com\/wp-content\/uploads\/2025\/11\/SOH_BG-3D-004-1024x576.jpg 1024w, https:\/\/smartmediaagency.com\/wp-content\/uploads\/2025\/11\/SOH_BG-3D-004-300x169.jpg 300w, https:\/\/smartmediaagency.com\/wp-content\/uploads\/2025\/11\/SOH_BG-3D-004-768x432.jpg 768w, https:\/\/smartmediaagency.com\/wp-content\/uploads\/2025\/11\/SOH_BG-3D-004-1536x864.jpg 1536w, https:\/\/smartmediaagency.com\/wp-content\/uploads\/2025\/11\/SOH_BG-3D-004.jpg 2048w\" sizes=\"(max-width: 800px) 100vw, 800px\" \/>\t\t\t\t\t\t\t\t\t\t\t\t\t\t\t<\/div>\n\t\t\t\t<\/div>\n\t\t\t\t<\/div>\n\t\t<div class=\"elementor-element elementor-element-2258bb6 e-con-full e-flex e-con e-parent\" data-id=\"2258bb6\" data-element_type=\"container\" data-e-type=\"container\" data-settings=\"{&quot;jet_parallax_layout_list&quot;:[]}\">\n\t\t<div class=\"elementor-element elementor-element-7d5e367 e-con-full e-flex e-con e-child\" data-id=\"7d5e367\" data-element_type=\"container\" data-e-type=\"container\" data-settings=\"{&quot;jet_parallax_layout_list&quot;:[]}\">\n\t\t\t\t<div class=\"elementor-element elementor-element-d442f71 elementor-widget__width-inherit side-img elementor-widget elementor-widget-image\" data-id=\"d442f71\" data-element_type=\"widget\" data-e-type=\"widget\" data-widget_type=\"image.default\">\n\t\t\t\t\t\t\t\t\t\t\t\t\t\t\t<img decoding=\"async\" width=\"800\" height=\"450\" src=\"https:\/\/smartmediaagency.com\/wp-content\/uploads\/2025\/11\/SOH_BG-3D-003-1024x576.jpg\" class=\"attachment-large size-large wp-image-1112\" alt=\"\" srcset=\"https:\/\/smartmediaagency.com\/wp-content\/uploads\/2025\/11\/SOH_BG-3D-003-1024x576.jpg 1024w, https:\/\/smartmediaagency.com\/wp-content\/uploads\/2025\/11\/SOH_BG-3D-003-300x169.jpg 300w, https:\/\/smartmediaagency.com\/wp-content\/uploads\/2025\/11\/SOH_BG-3D-003-768x432.jpg 768w, https:\/\/smartmediaagency.com\/wp-content\/uploads\/2025\/11\/SOH_BG-3D-003-1536x864.jpg 1536w, https:\/\/smartmediaagency.com\/wp-content\/uploads\/2025\/11\/SOH_BG-3D-003.jpg 2048w\" sizes=\"(max-width: 800px) 100vw, 800px\" \/>\t\t\t\t\t\t\t\t\t\t\t\t\t\t\t<\/div>\n\t\t\t\t<\/div>\n\t\t<div class=\"elementor-element elementor-element-2c79f50 e-con-full e-flex e-con e-child\" data-id=\"2c79f50\" data-element_type=\"container\" data-e-type=\"container\" data-settings=\"{&quot;background_background&quot;:&quot;classic&quot;,&quot;jet_parallax_layout_list&quot;:[]}\">\n\t\t\t\t<div class=\"elementor-element elementor-element-5234f75 elementor-widget elementor-widget-heading\" data-id=\"5234f75\" data-element_type=\"widget\" data-e-type=\"widget\" data-widget_type=\"heading.default\">\n\t\t\t\t\t<h2 class=\"elementor-heading-title elementor-size-default\">Vision<\/h2>\t\t\t\t<\/div>\n\t\t\t\t<div class=\"elementor-element elementor-element-e4ead13 elementor-widget elementor-widget-text-editor\" data-id=\"e4ead13\" data-element_type=\"widget\" data-e-type=\"widget\" data-widget_type=\"text-editor.default\">\n\t\t\t\t\t\t\t\t\t<p>En cr\u00e9ant des collaborations entre l\u2019\u00e9quipe de Seeds Of Happiness et nos partenaires, qui sont des entreprises influentes dans diff\u00e9rents secteurs d\u2019activit\u00e9, nous voulons cr\u00e9er des projets et des \u00e9v\u00e9nements o\u00f9 nous unissons nos forces pour aider des personnes de diff\u00e9rents horizons Nous utiliserons notre capacit\u00e9 \u00e0 raconter des histoires et les produits et services de nos partenaires pour cr\u00e9er un changement positif et donner le sourire aux gens.<\/p><p>Tout le monde m\u00e9rite un peu plus d\u2019attention, d\u2019\u00eatre entendu et de se sentir valoris\u00e9. Chez Graines de bonheur et Smart Media Agency en g\u00e9n\u00e9ral, nous voulons leur offrir un havre de paix et une communaut\u00e9. Mais surtout, nous voulons qu\u2019ils se sentent \u00e9cout\u00e9s.<\/p>\t\t\t\t\t\t\t\t<\/div>\n\t\t\t\t<div class=\"elementor-element elementor-element-1353adb elementor-widget elementor-widget-button\" data-id=\"1353adb\" data-element_type=\"widget\" data-e-type=\"widget\" data-widget_type=\"button.default\">\n\t\t\t\t\t\t\t\t\t\t<a class=\"elementor-button elementor-button-link elementor-size-sm\" href=\"https:\/\/smartmediaagency.com\/fr\/contact\/\" target=\"_blank\">\n\t\t\t\t\t\t<span class=\"elementor-button-content-wrapper\">\n\t\t\t\t\t\t\t\t\t<span class=\"elementor-button-text\">Restez connect\u00e9<\/span>\n\t\t\t\t\t<\/span>\n\t\t\t\t\t<\/a>\n\t\t\t\t\t\t\t\t<\/div>\n\t\t\t\t<\/div>\n\t\t\t\t<\/div>\n\t\t<div class=\"elementor-element elementor-element-bf198d4 e-con-full e-flex e-con e-parent\" data-id=\"bf198d4\" data-element_type=\"container\" data-e-type=\"container\" data-settings=\"{&quot;jet_parallax_layout_list&quot;:[]}\">\n\t\t<div class=\"elementor-element elementor-element-bd876a0 e-con-full e-flex e-con e-child\" data-id=\"bd876a0\" data-element_type=\"container\" data-e-type=\"container\" data-settings=\"{&quot;jet_parallax_layout_list&quot;:[]}\">\n\t\t\t\t<div class=\"elementor-element elementor-element-546564a elementor-widget__width-inherit side-img elementor-widget elementor-widget-image\" data-id=\"546564a\" data-element_type=\"widget\" data-e-type=\"widget\" data-widget_type=\"image.default\">\n\t\t\t\t\t\t\t\t\t\t\t\t\t\t\t<img decoding=\"async\" width=\"800\" height=\"534\" src=\"https:\/\/smartmediaagency.com\/wp-content\/uploads\/2025\/11\/AdobeStock_435500539-2-1024x683.jpg\" class=\"attachment-large size-large wp-image-930\" alt=\"\" srcset=\"https:\/\/smartmediaagency.com\/wp-content\/uploads\/2025\/11\/AdobeStock_435500539-2-1024x683.jpg 1024w, https:\/\/smartmediaagency.com\/wp-content\/uploads\/2025\/11\/AdobeStock_435500539-2-300x200.jpg 300w, https:\/\/smartmediaagency.com\/wp-content\/uploads\/2025\/11\/AdobeStock_435500539-2-768x512.jpg 768w, https:\/\/smartmediaagency.com\/wp-content\/uploads\/2025\/11\/AdobeStock_435500539-2-1536x1025.jpg 1536w, https:\/\/smartmediaagency.com\/wp-content\/uploads\/2025\/11\/AdobeStock_435500539-2.jpg 2048w\" sizes=\"(max-width: 800px) 100vw, 800px\" \/>\t\t\t\t\t\t\t\t\t\t\t\t\t\t\t<\/div>\n\t\t\t\t<\/div>\n\t\t<div class=\"elementor-element elementor-element-ef4bf00 e-con-full e-flex e-con e-child\" data-id=\"ef4bf00\" data-element_type=\"container\" data-e-type=\"container\" data-settings=\"{&quot;background_background&quot;:&quot;classic&quot;,&quot;jet_parallax_layout_list&quot;:[]}\">\n\t\t\t\t<div class=\"elementor-element elementor-element-d86b3cc elementor-widget__width-inherit elementor-widget elementor-widget-shortcode\" data-id=\"d86b3cc\" data-element_type=\"widget\" data-e-type=\"widget\" data-widget_type=\"shortcode.default\">\n\t\t\t\t\t\t\t<div class=\"elementor-shortcode\"><style id=\"wpforms-css-vars-574\">\n\t\t\t\t#wpforms-574 {\n\t\t\t\t--wpforms-field-size-input-height: 43px;\n--wpforms-field-size-input-spacing: 15px;\n--wpforms-field-size-font-size: 16px;\n--wpforms-field-size-line-height: 19px;\n--wpforms-field-size-padding-h: 14px;\n--wpforms-field-size-checkbox-size: 16px;\n--wpforms-field-size-sublabel-spacing: 5px;\n--wpforms-field-size-icon-size: 1;\n--wpforms-label-size-font-size: 16px;\n--wpforms-label-size-line-height: 19px;\n--wpforms-label-size-sublabel-font-size: 14px;\n--wpforms-label-size-sublabel-line-height: 17px;\n--wpforms-button-size-font-size: 17px;\n--wpforms-button-size-height: 41px;\n--wpforms-button-size-padding-h: 15px;\n--wpforms-button-size-margin-top: 10px;\n--wpforms-container-shadow-size-box-shadow: none;\n\t\t\t}\n\t\t\t<\/style><div class=\"wpforms-container wpforms-container-full wpforms-render-modern\" id=\"wpforms-574\"><form id=\"wpforms-form-574\" class=\"wpforms-validate wpforms-form wpforms-ajax-form\" data-formid=\"574\" method=\"post\" enctype=\"multipart\/form-data\" action=\"\/fr\/wp-json\/wp\/v2\/pages\/1115\" data-token=\"b1ad5f8afa87461a9f35ce2962cbd7e6\" data-token-time=\"1776656720\"><noscript class=\"wpforms-error-noscript\">Veuillez activer JavaScript dans votre navigateur pour remplir ce formulaire.<\/noscript><div id=\"wpforms-error-noscript\" style=\"display: none;\">Veuillez activer JavaScript dans votre navigateur pour remplir ce formulaire.<\/div><div class=\"wpforms-field-container\"><div id=\"wpforms-574-field_1-container\" class=\"wpforms-field wpforms-field-text\" data-field-id=\"1\"><label class=\"wpforms-field-label\" for=\"wpforms-574-field_1\">Nom <span class=\"wpforms-required-label\" aria-hidden=\"true\">*<\/span><\/label><input type=\"text\" id=\"wpforms-574-field_1\" class=\"wpforms-field-large wpforms-field-required\" name=\"wpforms[fields][1]\" aria-errormessage=\"wpforms-574-field_1-error\" required><\/div><div id=\"wpforms-574-field_2-container\" class=\"wpforms-field wpforms-field-email\" data-field-id=\"2\"><label class=\"wpforms-field-label\" for=\"wpforms-574-field_2\">Email <span class=\"wpforms-required-label\" aria-hidden=\"true\">*<\/span><\/label><input type=\"email\" id=\"wpforms-574-field_2\" class=\"wpforms-field-large wpforms-field-required\" name=\"wpforms[fields][2]\" spellcheck=\"false\" aria-errormessage=\"wpforms-574-field_2-error\" required><\/div><div id=\"wpforms-574-field_6-container\" class=\"wpforms-field wpforms-field-text\" data-field-id=\"6\"><label class=\"wpforms-field-label\" for=\"wpforms-574-field_6\">Num\u00e9ro de t\u00e9l\u00e9phone <\/label><input type=\"text\" id=\"wpforms-574-field_6\" class=\"wpforms-field-large\" name=\"wpforms[fields][6]\" aria-errormessage=\"wpforms-574-field_6-error\" ><\/div><div id=\"wpforms-574-field_7-container\" class=\"wpforms-field wpforms-field-textarea\" data-field-id=\"7\"><label class=\"wpforms-field-label\" for=\"wpforms-574-field_7\">Message <span class=\"wpforms-required-label\" aria-hidden=\"true\">*<\/span><\/label><textarea id=\"wpforms-574-field_7\" class=\"wpforms-field-medium wpforms-field-required\" name=\"wpforms[fields][7]\" aria-errormessage=\"wpforms-574-field_7-error\" required><\/textarea><\/div><div id=\"wpforms-574-field_9-container\" class=\"wpforms-field wpforms-field-checkbox terms-conditions\" data-field-id=\"9\"><fieldset><legend class=\"wpforms-field-label wpforms-label-hide\" aria-hidden=\"false\"> <span class=\"wpforms-required-label\" aria-hidden=\"true\">*<\/span><\/legend><ul id=\"wpforms-574-field_9\" class=\"wpforms-field-required\"><li class=\"choice-1 depth-1\"><input type=\"checkbox\" id=\"wpforms-574-field_9_1\" name=\"wpforms[fields][9][]\" value=\"J&#039;accepte les conditions g\u00e9n\u00e9rales.\" aria-errormessage=\"wpforms-574-field_9_1-error\" required ><label class=\"wpforms-field-label-inline\" for=\"wpforms-574-field_9_1\">J'accepte les conditions g\u00e9n\u00e9rales.<\/label><\/li><\/ul><\/fieldset><\/div><div id=\"wpforms-574-field_10-container\" class=\"wpforms-field wpforms-field-checkbox subscribe-newsletter\" data-field-id=\"10\"><fieldset><legend class=\"wpforms-field-label wpforms-label-hide\" aria-hidden=\"false\"><\/legend><ul id=\"wpforms-574-field_10\"><li class=\"choice-1 depth-1\"><input type=\"checkbox\" id=\"wpforms-574-field_10_1\" name=\"wpforms[fields][10][]\" value=\"Je souhaite m&#039;abonner \u00e0 la newsletter mensuelle.\" aria-errormessage=\"wpforms-574-field_10_1-error\"  ><label class=\"wpforms-field-label-inline\" for=\"wpforms-574-field_10_1\">Je souhaite m'abonner \u00e0 la newsletter mensuelle.<\/label><\/li><\/ul><\/fieldset><\/div><\/div><!-- .wpforms-field-container --><div class=\"wpforms-submit-container\" ><input type=\"hidden\" name=\"wpforms[id]\" value=\"574\"><input type=\"hidden\" name=\"page_title\" value=\"\"><input type=\"hidden\" name=\"page_url\" value=\"https:\/\/smartmediaagency.com\/fr\/wp-json\/wp\/v2\/pages\/1115\"><input type=\"hidden\" name=\"url_referer\" value=\"\"><button type=\"submit\" name=\"wpforms[submit]\" id=\"wpforms-submit-574\" class=\"wpforms-submit\" data-alt-text=\"Envoi...\" data-submit-text=\"Envoyer \" aria-live=\"assertive\" value=\"wpforms-submit\">Envoyer <\/button><img loading=\"lazy\" decoding=\"async\" src=\"https:\/\/smartmediaagency.com\/wp-content\/plugins\/wpforms\/assets\/images\/submit-spin.svg\" class=\"wpforms-submit-spinner\" style=\"display: none;\" width=\"26\" height=\"26\" alt=\"Chargement en cours\"><\/div><\/form><\/div>  <!-- .wpforms-container --><\/div>\n\t\t\t\t\t\t<\/div>\n\t\t\t\t<\/div>\n\t\t\t\t<\/div>\n\t\t\t\t<\/div>\n\t\t","protected":false},"excerpt":{"rendered":"<p>Enjeux soci\u00e9taux Graines de bonheur Nous sommes arriv\u00e9s au point o\u00f9 nous pouvons dire que Smart Media est une r\u00e9ussite. Nous disposons d\u2019une tr\u00e8s grande plateforme et d\u2019un r\u00e9seau influent que nous utilisons pour partager un grand nombre de contenus dans le monde o\u00f9 nous mettons en lumi\u00e8re des sujets importants tels que l\u2019inclusion, la [&hellip;]<\/p>\n","protected":false},"author":2,"featured_media":0,"parent":704,"menu_order":0,"comment_status":"closed","ping_status":"closed","template":"elementor_header_footer","meta":{"_acf_changed":false,"footnotes":""},"class_list":["post-1115","page","type-page","status-publish","hentry"],"acf":[],"_links":{"self":[{"href":"https:\/\/smartmediaagency.com\/fr\/wp-json\/wp\/v2\/pages\/1115","targetHints":{"allow":["GET"]}}],"collection":[{"href":"https:\/\/smartmediaagency.com\/fr\/wp-json\/wp\/v2\/pages"}],"about":[{"href":"https:\/\/smartmediaagency.com\/fr\/wp-json\/wp\/v2\/types\/page"}],"author":[{"embeddable":true,"href":"https:\/\/smartmediaagency.com\/fr\/wp-json\/wp\/v2\/users\/2"}],"replies":[{"embeddable":true,"href":"https:\/\/smartmediaagency.com\/fr\/wp-json\/wp\/v2\/comments?post=1115"}],"version-history":[{"count":0,"href":"https:\/\/smartmediaagency.com\/fr\/wp-json\/wp\/v2\/pages\/1115\/revisions"}],"up":[{"embeddable":true,"href":"https:\/\/smartmediaagency.com\/fr\/wp-json\/wp\/v2\/pages\/704"}],"wp:attachment":[{"href":"https:\/\/smartmediaagency.com\/fr\/wp-json\/wp\/v2\/media?parent=1115"}],"curies":[{"name":"wp","href":"https:\/\/api.w.org\/{rel}","templated":true}]}}