{"id":1068,"date":"2025-11-26T15:57:30","date_gmt":"2025-11-26T15:57:30","guid":{"rendered":"https:\/\/smartmediaagency.com\/conseils-en-medias\/"},"modified":"2025-11-27T07:26:28","modified_gmt":"2025-11-27T07:26:28","slug":"conseils-en-medias","status":"publish","type":"page","link":"https:\/\/smartmediaagency.com\/fr\/conseils-en-medias\/","title":{"rendered":"Conseils en m\u00e9dias"},"content":{"rendered":"\t\t<div data-elementor-type=\"wp-page\" data-elementor-id=\"1068\" class=\"elementor elementor-1068 elementor-1050\" data-elementor-post-type=\"page\">\n\t\t\t\t<div class=\"elementor-element elementor-element-7d83b78 e-flex e-con-boxed e-con e-parent\" data-id=\"7d83b78\" data-element_type=\"container\" data-e-type=\"container\" data-settings=\"{&quot;background_background&quot;:&quot;classic&quot;,&quot;jet_parallax_layout_list&quot;:[]}\">\n\t\t\t\t\t<div class=\"e-con-inner\">\n\t\t\t\t<div class=\"elementor-element elementor-element-1de8179 elementor-widget elementor-widget-heading\" data-id=\"1de8179\" data-element_type=\"widget\" data-e-type=\"widget\" data-widget_type=\"heading.default\">\n\t\t\t\t\t<h1 class=\"elementor-heading-title elementor-size-default\">Conseils en m\u00e9dias<\/h1>\t\t\t\t<\/div>\n\t\t\t\t<div class=\"elementor-element elementor-element-d608170 elementor-widget elementor-widget-button\" data-id=\"d608170\" data-element_type=\"widget\" data-e-type=\"widget\" data-widget_type=\"button.default\">\n\t\t\t\t\t\t\t\t\t\t<a class=\"elementor-button elementor-button-link elementor-size-sm\" href=\"mailto:meerinfo@smartmediaagency.be\">\n\t\t\t\t\t\t<span class=\"elementor-button-content-wrapper\">\n\t\t\t\t\t\t\t\t\t<span class=\"elementor-button-text\">Let's talk business<\/span>\n\t\t\t\t\t<\/span>\n\t\t\t\t\t<\/a>\n\t\t\t\t\t\t\t\t<\/div>\n\t\t\t\t\t<\/div>\n\t\t\t\t<\/div>\n\t\t<div class=\"elementor-element elementor-element-c03236b e-con-full e-flex e-con e-parent\" data-id=\"c03236b\" data-element_type=\"container\" data-e-type=\"container\" data-settings=\"{&quot;jet_parallax_layout_list&quot;:[]}\">\n\t\t<div class=\"elementor-element elementor-element-9d1246d e-con-full e-flex e-con e-child\" data-id=\"9d1246d\" data-element_type=\"container\" data-e-type=\"container\" data-settings=\"{&quot;jet_parallax_layout_list&quot;:[]}\">\n\t\t\t\t<div class=\"elementor-element elementor-element-c52fc93 elementor-widget__width-inherit side-img elementor-widget elementor-widget-image\" data-id=\"c52fc93\" data-element_type=\"widget\" data-e-type=\"widget\" data-widget_type=\"image.default\">\n\t\t\t\t\t\t\t\t\t\t\t\t\t\t\t<img fetchpriority=\"high\" decoding=\"async\" width=\"800\" height=\"448\" src=\"https:\/\/smartmediaagency.com\/wp-content\/uploads\/2025\/11\/Consult-005-1-1024x574.jpg\" class=\"attachment-large size-large wp-image-1055\" alt=\"\" srcset=\"https:\/\/smartmediaagency.com\/wp-content\/uploads\/2025\/11\/Consult-005-1-1024x574.jpg 1024w, https:\/\/smartmediaagency.com\/wp-content\/uploads\/2025\/11\/Consult-005-1-300x168.jpg 300w, https:\/\/smartmediaagency.com\/wp-content\/uploads\/2025\/11\/Consult-005-1-768x430.jpg 768w, https:\/\/smartmediaagency.com\/wp-content\/uploads\/2025\/11\/Consult-005-1.jpg 1456w\" sizes=\"(max-width: 800px) 100vw, 800px\" \/>\t\t\t\t\t\t\t\t\t\t\t\t\t\t\t<\/div>\n\t\t\t\t<\/div>\n\t\t<div class=\"elementor-element elementor-element-d80e050 e-con-full e-flex e-con e-child\" data-id=\"d80e050\" data-element_type=\"container\" data-e-type=\"container\" data-settings=\"{&quot;background_background&quot;:&quot;classic&quot;,&quot;jet_parallax_layout_list&quot;:[]}\">\n\t\t\t\t<div class=\"elementor-element elementor-element-42da96b elementor-widget elementor-widget-heading\" data-id=\"42da96b\" data-element_type=\"widget\" data-e-type=\"widget\" data-widget_type=\"heading.default\">\n\t\t\t\t\t<h2 class=\"elementor-heading-title elementor-size-default\">Strat\u00e9gie m\u00e9diatique<br><\/h2>\t\t\t\t<\/div>\n\t\t\t\t<div class=\"elementor-element elementor-element-49c38fa elementor-widget elementor-widget-text-editor\" data-id=\"49c38fa\" data-element_type=\"widget\" data-e-type=\"widget\" data-widget_type=\"text-editor.default\">\n\t\t\t\t\t\t\t\t\t<p>Nous <a href=\"https:\/\/smartmediaagency.com\/de\/unternehmen\/\">ne sommes pas une agence de publicit\u00e9 ordinaire<\/a>. Nous allions notre flexibilit\u00e9, nos connaissances et notre approche ax\u00e9e sur le marketing de contenu pour nous assurer la r\u00e9alisation de vos buts et objectifs. C\u2019est l\u2019essence m\u00eame de notre m\u00e9thode de travail et de notre identit\u00e9.  <\/p><p>Le monde de la publicit\u00e9 est en constante \u00e9volution. Ce qui est d\u2019actualit\u00e9 aujourd\u2019hui ne le sera plus demain. Notre \u00e9quipe d\u00e9di\u00e9e a toujours un coup d\u2019avance et suit toutes les tendances.  <\/p>\t\t\t\t\t\t\t\t<\/div>\n\t\t\t\t<\/div>\n\t\t\t\t<\/div>\n\t\t<div class=\"elementor-element elementor-element-7f11e61 e-con-full e-flex e-con e-parent\" data-id=\"7f11e61\" data-element_type=\"container\" data-e-type=\"container\" data-settings=\"{&quot;jet_parallax_layout_list&quot;:[]}\">\n\t\t<div class=\"elementor-element elementor-element-7f0929b e-con-full e-flex e-con e-child\" data-id=\"7f0929b\" data-element_type=\"container\" data-e-type=\"container\" data-settings=\"{&quot;background_background&quot;:&quot;classic&quot;,&quot;jet_parallax_layout_list&quot;:[]}\">\n\t\t\t\t<div class=\"elementor-element elementor-element-4e22309 elementor-widget elementor-widget-heading\" data-id=\"4e22309\" data-element_type=\"widget\" data-e-type=\"widget\" data-widget_type=\"heading.default\">\n\t\t\t\t\t<h2 class=\"elementor-heading-title elementor-size-default\">Planification et achat de m\u00e9dias<br>\n<\/h2>\t\t\t\t<\/div>\n\t\t\t\t<div class=\"elementor-element elementor-element-d6e475c elementor-widget elementor-widget-text-editor\" data-id=\"d6e475c\" data-element_type=\"widget\" data-e-type=\"widget\" data-widget_type=\"text-editor.default\">\n\t\t\t\t\t\t\t\t\t<p>Vous ne pouvez pas avoir de strat\u00e9gie m\u00e9diatique sans une planification concr\u00e8te. Avec notre \u00e9quipe de consultants, nous mettons en place un plan concret. O\u00f9 acheter ? Quels sont les co\u00fbts? Quel est le retour sur investissement esp\u00e9r\u00e9? Parlons affaires.<br>  <\/p>\t\t\t\t\t\t\t\t<\/div>\n\t\t\t\t<\/div>\n\t\t<div class=\"elementor-element elementor-element-4bf1cda e-con-full e-flex e-con e-child\" data-id=\"4bf1cda\" data-element_type=\"container\" data-e-type=\"container\" data-settings=\"{&quot;background_background&quot;:&quot;classic&quot;,&quot;jet_parallax_layout_list&quot;:[]}\">\n\t\t\t\t<div class=\"elementor-element elementor-element-6500c3f elementor-widget elementor-widget-text-editor\" data-id=\"6500c3f\" data-element_type=\"widget\" data-e-type=\"widget\" data-widget_type=\"text-editor.default\">\n\t\t\t\t\t\t\t\t\t<p>La meilleure strat\u00e9gie de marketing<br>: les soins<\/p>\t\t\t\t\t\t\t\t<\/div>\n\t\t\t\t<div class=\"elementor-element elementor-element-aa6cbd0 elementor-widget elementor-widget-text-editor\" data-id=\"aa6cbd0\" data-element_type=\"widget\" data-e-type=\"widget\" data-widget_type=\"text-editor.default\">\n\t\t\t\t\t\t\t\t\t<ul><li>Gary Vaynerchuk<\/li><\/ul>\t\t\t\t\t\t\t\t<\/div>\n\t\t\t\t<div class=\"elementor-element elementor-element-0742393 elementor-widget elementor-widget-text-editor\" data-id=\"0742393\" data-element_type=\"widget\" data-e-type=\"widget\" data-widget_type=\"text-editor.default\">\n\t\t\t\t\t\t\t\t\t<p>Entrepreneur, conf\u00e9rencier et expert en marketing<br><\/p>\t\t\t\t\t\t\t\t<\/div>\n\t\t\t\t<\/div>\n\t\t\t\t<\/div>\n\t\t<div class=\"elementor-element elementor-element-7d56d53 e-con-full e-flex e-con e-parent\" data-id=\"7d56d53\" data-element_type=\"container\" data-e-type=\"container\" data-settings=\"{&quot;jet_parallax_layout_list&quot;:[]}\">\n\t\t<div class=\"elementor-element elementor-element-339fee0 e-con-full e-flex e-con e-child\" data-id=\"339fee0\" data-element_type=\"container\" data-e-type=\"container\" data-settings=\"{&quot;jet_parallax_layout_list&quot;:[]}\">\n\t\t\t\t<div class=\"elementor-element elementor-element-dbd0171 elementor-widget__width-inherit side-img elementor-widget elementor-widget-image\" data-id=\"dbd0171\" data-element_type=\"widget\" data-e-type=\"widget\" data-widget_type=\"image.default\">\n\t\t\t\t\t\t\t\t\t\t\t\t\t\t\t<img fetchpriority=\"high\" decoding=\"async\" width=\"800\" height=\"448\" src=\"https:\/\/smartmediaagency.com\/wp-content\/uploads\/2025\/11\/Consult-005-1-1024x574.jpg\" class=\"attachment-large size-large wp-image-1055\" alt=\"\" srcset=\"https:\/\/smartmediaagency.com\/wp-content\/uploads\/2025\/11\/Consult-005-1-1024x574.jpg 1024w, https:\/\/smartmediaagency.com\/wp-content\/uploads\/2025\/11\/Consult-005-1-300x168.jpg 300w, https:\/\/smartmediaagency.com\/wp-content\/uploads\/2025\/11\/Consult-005-1-768x430.jpg 768w, https:\/\/smartmediaagency.com\/wp-content\/uploads\/2025\/11\/Consult-005-1.jpg 1456w\" sizes=\"(max-width: 800px) 100vw, 800px\" \/>\t\t\t\t\t\t\t\t\t\t\t\t\t\t\t<\/div>\n\t\t\t\t<\/div>\n\t\t<div class=\"elementor-element elementor-element-33693fb e-con-full e-flex e-con e-child\" data-id=\"33693fb\" data-element_type=\"container\" data-e-type=\"container\" data-settings=\"{&quot;background_background&quot;:&quot;classic&quot;,&quot;jet_parallax_layout_list&quot;:[]}\">\n\t\t\t\t<div class=\"elementor-element elementor-element-5374c43 elementor-widget elementor-widget-heading\" data-id=\"5374c43\" data-element_type=\"widget\" data-e-type=\"widget\" data-widget_type=\"heading.default\">\n\t\t\t\t\t<h2 class=\"elementor-heading-title elementor-size-default\">OOH<\/h2>\t\t\t\t<\/div>\n\t\t\t\t<div class=\"elementor-element elementor-element-63ad100 elementor-widget elementor-widget-text-editor\" data-id=\"63ad100\" data-element_type=\"widget\" data-e-type=\"widget\" data-widget_type=\"text-editor.default\">\n\t\t\t\t\t\t\t\t\t<p>La publicit\u00e9 \u00ab Out of Home \u00bb (OOH) est une forme de publicit\u00e9 en dehors du domicile du consommateur. Il s\u2019agit traditionnellement de panneaux d\u2019affichage, d\u2019abribus, de bancs, etc. <\/p><p>Il s\u2019agit certainement du meilleur moment pour occuper l\u2019espace publicitaire Out of Home. La demande en campagnes OOH est rest\u00e9e constante au cours des pr\u00e9c\u00e9dentes ann\u00e9es. Nous avons pu constater un regain d\u2019int\u00e9r\u00eat au cours de la p\u00e9riode de COVID-19. L\u2019industrie est toujours fascin\u00e9e par ce qui va arriver.   <\/p>\t\t\t\t\t\t\t\t<\/div>\n\t\t\t\t<\/div>\n\t\t\t\t<\/div>\n\t\t<div class=\"elementor-element elementor-element-3f762f1 e-con-full e-flex e-con e-parent\" data-id=\"3f762f1\" data-element_type=\"container\" data-e-type=\"container\" data-settings=\"{&quot;jet_parallax_layout_list&quot;:[]}\">\n\t\t<div class=\"elementor-element elementor-element-bbe3233 e-con-full e-flex e-con e-child\" data-id=\"bbe3233\" data-element_type=\"container\" data-e-type=\"container\" data-settings=\"{&quot;background_background&quot;:&quot;classic&quot;,&quot;jet_parallax_layout_list&quot;:[]}\">\n\t\t\t\t<div class=\"elementor-element elementor-element-24c648c elementor-widget elementor-widget-heading\" data-id=\"24c648c\" data-element_type=\"widget\" data-e-type=\"widget\" data-widget_type=\"heading.default\">\n\t\t\t\t\t<h2 class=\"elementor-heading-title elementor-size-default\">Brand et communications<br>\n<\/h2>\t\t\t\t<\/div>\n\t\t\t\t<div class=\"elementor-element elementor-element-571b579 elementor-widget elementor-widget-text-editor\" data-id=\"571b579\" data-element_type=\"widget\" data-e-type=\"widget\" data-widget_type=\"text-editor.default\">\n\t\t\t\t\t\t\t\t\t<p>Une personne moyenne \u00e9coute la radio entre 4 et 5 heures par jour. \u00c9tonnamment, cela d\u00e9passe de loin la t\u00e9l\u00e9vision. Et, de plus, la radio ne permet pas de passer les publicit\u00e9s. Le pouvoir de la voix humaine est souvent sous-estim\u00e9 : selon une \u00e9tude, les publicit\u00e9s radio sont consid\u00e9r\u00e9es comme les moins intrusives. Enfin, la radio vous offre une tr\u00e8s large port\u00e9e.  <\/p>\t\t\t\t\t\t\t\t<\/div>\n\t\t\t\t<\/div>\n\t\t<div class=\"elementor-element elementor-element-d8a09b4 e-con-full e-flex e-con e-child\" data-id=\"d8a09b4\" data-element_type=\"container\" data-e-type=\"container\" data-settings=\"{&quot;jet_parallax_layout_list&quot;:[]}\">\n\t\t\t\t<div class=\"elementor-element elementor-element-f923d03 elementor-widget__width-inherit side-img elementor-widget elementor-widget-image\" data-id=\"f923d03\" data-element_type=\"widget\" data-e-type=\"widget\" data-widget_type=\"image.default\">\n\t\t\t\t\t\t\t\t\t\t\t\t\t\t\t<img fetchpriority=\"high\" decoding=\"async\" width=\"800\" height=\"448\" src=\"https:\/\/smartmediaagency.com\/wp-content\/uploads\/2025\/11\/Consult-005-1-1024x574.jpg\" class=\"attachment-large size-large wp-image-1055\" alt=\"\" srcset=\"https:\/\/smartmediaagency.com\/wp-content\/uploads\/2025\/11\/Consult-005-1-1024x574.jpg 1024w, https:\/\/smartmediaagency.com\/wp-content\/uploads\/2025\/11\/Consult-005-1-300x168.jpg 300w, https:\/\/smartmediaagency.com\/wp-content\/uploads\/2025\/11\/Consult-005-1-768x430.jpg 768w, https:\/\/smartmediaagency.com\/wp-content\/uploads\/2025\/11\/Consult-005-1.jpg 1456w\" sizes=\"(max-width: 800px) 100vw, 800px\" \/>\t\t\t\t\t\t\t\t\t\t\t\t\t\t\t<\/div>\n\t\t\t\t<\/div>\n\t\t\t\t<\/div>\n\t\t<div class=\"elementor-element elementor-element-c3a3762 e-con-full e-flex e-con e-parent\" data-id=\"c3a3762\" data-element_type=\"container\" data-e-type=\"container\" data-settings=\"{&quot;jet_parallax_layout_list&quot;:[]}\">\n\t\t<div class=\"elementor-element elementor-element-d14891b e-con-full e-flex e-con e-child\" data-id=\"d14891b\" data-element_type=\"container\" data-e-type=\"container\" data-settings=\"{&quot;background_background&quot;:&quot;classic&quot;,&quot;jet_parallax_layout_list&quot;:[]}\">\n\t\t\t\t<div class=\"elementor-element elementor-element-12aefb8 elementor-widget__width-inherit elementor-widget elementor-widget-shortcode\" data-id=\"12aefb8\" data-element_type=\"widget\" data-e-type=\"widget\" data-widget_type=\"shortcode.default\">\n\t\t\t\t\t\t\t<div class=\"elementor-shortcode\"><style id=\"wpforms-css-vars-572\">\n\t\t\t\t#wpforms-572 {\n\t\t\t\t--wpforms-field-size-input-height: 43px;\n--wpforms-field-size-input-spacing: 15px;\n--wpforms-field-size-font-size: 16px;\n--wpforms-field-size-line-height: 19px;\n--wpforms-field-size-padding-h: 14px;\n--wpforms-field-size-checkbox-size: 16px;\n--wpforms-field-size-sublabel-spacing: 5px;\n--wpforms-field-size-icon-size: 1;\n--wpforms-label-size-font-size: 16px;\n--wpforms-label-size-line-height: 19px;\n--wpforms-label-size-sublabel-font-size: 14px;\n--wpforms-label-size-sublabel-line-height: 17px;\n--wpforms-button-size-font-size: 17px;\n--wpforms-button-size-height: 41px;\n--wpforms-button-size-padding-h: 15px;\n--wpforms-button-size-margin-top: 10px;\n--wpforms-container-shadow-size-box-shadow: none;\n\t\t\t}\n\t\t\t<\/style><div class=\"wpforms-container wpforms-container-full wpforms-render-modern\" id=\"wpforms-572\"><form id=\"wpforms-form-572\" class=\"wpforms-validate wpforms-form wpforms-ajax-form\" data-formid=\"572\" method=\"post\" enctype=\"multipart\/form-data\" action=\"\/fr\/wp-json\/wp\/v2\/pages\/1068\" data-token=\"dbeac5432109341950c354fa1de59af9\" data-token-time=\"1777958045\"><noscript class=\"wpforms-error-noscript\">Veuillez activer JavaScript dans votre navigateur pour remplir ce formulaire.<\/noscript><div id=\"wpforms-error-noscript\" style=\"display: none;\">Veuillez activer JavaScript dans votre navigateur pour remplir ce formulaire.<\/div><div class=\"wpforms-field-container\"><div id=\"wpforms-572-field_1-container\" class=\"wpforms-field wpforms-field-text\" data-field-id=\"1\"><label class=\"wpforms-field-label\" for=\"wpforms-572-field_1\">Name <span class=\"wpforms-required-label\" aria-hidden=\"true\">*<\/span><\/label><input type=\"text\" id=\"wpforms-572-field_1\" class=\"wpforms-field-large wpforms-field-required\" name=\"wpforms[fields][1]\" aria-errormessage=\"wpforms-572-field_1-error\" required><\/div><div id=\"wpforms-572-field_2-container\" class=\"wpforms-field wpforms-field-email\" data-field-id=\"2\"><label class=\"wpforms-field-label\" for=\"wpforms-572-field_2\">E-Mail <span class=\"wpforms-required-label\" aria-hidden=\"true\">*<\/span><\/label><input type=\"email\" id=\"wpforms-572-field_2\" class=\"wpforms-field-large wpforms-field-required\" name=\"wpforms[fields][2]\" spellcheck=\"false\" aria-errormessage=\"wpforms-572-field_2-error\" required><\/div><div id=\"wpforms-572-field_6-container\" class=\"wpforms-field wpforms-field-text\" data-field-id=\"6\"><label class=\"wpforms-field-label\" for=\"wpforms-572-field_6\">Telefon<\/label><input type=\"text\" id=\"wpforms-572-field_6\" class=\"wpforms-field-large\" name=\"wpforms[fields][6]\" aria-errormessage=\"wpforms-572-field_6-error\" ><\/div><div id=\"wpforms-572-field_7-container\" class=\"wpforms-field wpforms-field-textarea\" data-field-id=\"7\"><label class=\"wpforms-field-label\" for=\"wpforms-572-field_7\">Nachricht <span class=\"wpforms-required-label\" aria-hidden=\"true\">*<\/span><\/label><textarea id=\"wpforms-572-field_7\" class=\"wpforms-field-medium wpforms-field-required\" name=\"wpforms[fields][7]\" aria-errormessage=\"wpforms-572-field_7-error\" required><\/textarea><\/div><div id=\"wpforms-572-field_9-container\" class=\"wpforms-field wpforms-field-checkbox terms-conditions\" data-field-id=\"9\"><fieldset><legend class=\"wpforms-field-label wpforms-label-hide\" aria-hidden=\"false\"> <span class=\"wpforms-required-label\" aria-hidden=\"true\">*<\/span><\/legend><ul id=\"wpforms-572-field_9\" class=\"wpforms-field-required\"><li class=\"choice-1 depth-1\"><input type=\"checkbox\" id=\"wpforms-572-field_9_1\" name=\"wpforms[fields][9][]\" value=\"Ich akzeptiere die Allgemeinen Gesch\u00e4ftsbedingungen\" aria-errormessage=\"wpforms-572-field_9_1-error\" required ><label class=\"wpforms-field-label-inline\" for=\"wpforms-572-field_9_1\">Ich akzeptiere die Allgemeinen Gesch\u00e4ftsbedingungen<\/label><\/li><\/ul><\/fieldset><\/div><div id=\"wpforms-572-field_10-container\" class=\"wpforms-field wpforms-field-checkbox subscribe-newsletter\" data-field-id=\"10\"><fieldset><legend class=\"wpforms-field-label wpforms-label-hide\" aria-hidden=\"false\"><\/legend><ul id=\"wpforms-572-field_10\"><li class=\"choice-1 depth-1\"><input type=\"checkbox\" id=\"wpforms-572-field_10_1\" name=\"wpforms[fields][10][]\" value=\"Ich m\u00f6chte den Newsletter abonnieren\" aria-errormessage=\"wpforms-572-field_10_1-error\"  ><label class=\"wpforms-field-label-inline\" for=\"wpforms-572-field_10_1\">Ich m\u00f6chte den Newsletter abonnieren<\/label><\/li><\/ul><\/fieldset><\/div><\/div><!-- .wpforms-field-container --><div class=\"wpforms-submit-container\" ><input type=\"hidden\" name=\"wpforms[id]\" value=\"572\"><input type=\"hidden\" name=\"page_title\" value=\"\"><input type=\"hidden\" name=\"page_url\" value=\"https:\/\/smartmediaagency.com\/fr\/wp-json\/wp\/v2\/pages\/1068\"><input type=\"hidden\" name=\"url_referer\" value=\"\"><button type=\"submit\" name=\"wpforms[submit]\" id=\"wpforms-submit-572\" class=\"wpforms-submit\" data-alt-text=\"Senden...\" data-submit-text=\"Senden\" aria-live=\"assertive\" value=\"wpforms-submit\">Senden<\/button><img decoding=\"async\" src=\"https:\/\/smartmediaagency.com\/wp-content\/plugins\/wpforms\/assets\/images\/submit-spin.svg\" class=\"wpforms-submit-spinner\" style=\"display: none;\" width=\"26\" height=\"26\" alt=\"Chargement en cours\"><\/div><\/form><\/div>  <!-- .wpforms-container --><\/div>\n\t\t\t\t\t\t<\/div>\n\t\t\t\t<\/div>\n\t\t<div class=\"elementor-element elementor-element-0d04b07 e-con-full e-flex e-con e-child\" data-id=\"0d04b07\" data-element_type=\"container\" data-e-type=\"container\" data-settings=\"{&quot;background_background&quot;:&quot;classic&quot;,&quot;jet_parallax_layout_list&quot;:[]}\">\n\t\t\t\t<div class=\"elementor-element elementor-element-205540f elementor-widget elementor-widget-heading\" data-id=\"205540f\" data-element_type=\"widget\" data-e-type=\"widget\" data-widget_type=\"heading.default\">\n\t\t\t\t\t<h2 class=\"elementor-heading-title elementor-size-default\">Vous souhaitez prendre un caf\u00e9 avec ?\nRacontez-nous votre histoire<br><\/h2>\t\t\t\t<\/div>\n\t\t\t\t<div class=\"elementor-element elementor-element-7c125c3 elementor-widget elementor-widget-text-editor\" data-id=\"7c125c3\" data-element_type=\"widget\" data-e-type=\"widget\" data-widget_type=\"text-editor.default\">\n\t\t\t\t\t\t\t\t\t<ul class=\"elementor-icon-list-items elementor-inline-items\"><li class=\"elementor-icon-list-item elementor-inline-item\"><span class=\"elementor-icon-list-text\">fokus.swiss<\/span><\/li><li class=\"elementor-icon-list-item elementor-inline-item\"><span class=\"elementor-icon-list-text\">fokus.swiss<\/span><\/li><li class=\"elementor-icon-list-item elementor-inline-item\"><span class=\"elementor-icon-list-text\">smartemployer.ch<\/span><\/li><\/ul>\t\t\t\t\t\t\t\t<\/div>\n\t\t\t\t<\/div>\n\t\t\t\t<\/div>\n\t\t\t\t<\/div>\n\t\t","protected":false},"excerpt":{"rendered":"<p>Conseils en m\u00e9dias Let&rsquo;s talk business Strat\u00e9gie m\u00e9diatique Nous ne sommes pas une agence de publicit\u00e9 ordinaire. Nous allions notre flexibilit\u00e9, nos connaissances et notre approche ax\u00e9e sur le marketing de contenu pour nous assurer la r\u00e9alisation de vos buts et objectifs. C\u2019est l\u2019essence m\u00eame de notre m\u00e9thode de travail et de notre identit\u00e9. Le [&hellip;]<\/p>\n","protected":false},"author":2,"featured_media":0,"parent":0,"menu_order":0,"comment_status":"closed","ping_status":"closed","template":"elementor_header_footer","meta":{"_acf_changed":false,"footnotes":""},"class_list":["post-1068","page","type-page","status-publish","hentry"],"acf":[],"_links":{"self":[{"href":"https:\/\/smartmediaagency.com\/fr\/wp-json\/wp\/v2\/pages\/1068","targetHints":{"allow":["GET"]}}],"collection":[{"href":"https:\/\/smartmediaagency.com\/fr\/wp-json\/wp\/v2\/pages"}],"about":[{"href":"https:\/\/smartmediaagency.com\/fr\/wp-json\/wp\/v2\/types\/page"}],"author":[{"embeddable":true,"href":"https:\/\/smartmediaagency.com\/fr\/wp-json\/wp\/v2\/users\/2"}],"replies":[{"embeddable":true,"href":"https:\/\/smartmediaagency.com\/fr\/wp-json\/wp\/v2\/comments?post=1068"}],"version-history":[{"count":0,"href":"https:\/\/smartmediaagency.com\/fr\/wp-json\/wp\/v2\/pages\/1068\/revisions"}],"wp:attachment":[{"href":"https:\/\/smartmediaagency.com\/fr\/wp-json\/wp\/v2\/media?parent=1068"}],"curies":[{"name":"wp","href":"https:\/\/api.w.org\/{rel}","templated":true}]}}