{"id":919,"date":"2025-11-26T11:49:36","date_gmt":"2025-11-26T11:49:36","guid":{"rendered":"https:\/\/smartmediaagency.com\/print\/"},"modified":"2026-02-23T08:51:22","modified_gmt":"2026-02-23T08:51:22","slug":"print","status":"publish","type":"page","link":"https:\/\/smartmediaagency.com\/en\/solutions\/print\/","title":{"rendered":"Print"},"content":{"rendered":"\t\t<div data-elementor-type=\"wp-page\" data-elementor-id=\"919\" class=\"elementor elementor-919 elementor-836\" data-elementor-post-type=\"page\">\n\t\t\t\t<div class=\"elementor-element elementor-element-3a97a8e e-flex e-con-boxed e-con e-parent\" data-id=\"3a97a8e\" data-element_type=\"container\" data-e-type=\"container\" data-settings=\"{&quot;background_background&quot;:&quot;classic&quot;,&quot;jet_parallax_layout_list&quot;:[]}\">\n\t\t\t\t\t<div class=\"e-con-inner\">\n\t\t\t\t<div class=\"elementor-element elementor-element-717054f elementor-widget elementor-widget-heading\" data-id=\"717054f\" data-element_type=\"widget\" data-e-type=\"widget\" data-widget_type=\"heading.default\">\n\t\t\t\t\t<h1 class=\"elementor-heading-title elementor-size-default\">Print<\/h1>\t\t\t\t<\/div>\n\t\t\t\t\t<\/div>\n\t\t\t\t<\/div>\n\t\t<div class=\"elementor-element elementor-element-5ca2e1c e-con-full desktop-heigh-section e-flex e-con e-parent\" data-id=\"5ca2e1c\" data-element_type=\"container\" data-e-type=\"container\" data-settings=\"{&quot;jet_parallax_layout_list&quot;:[]}\">\n\t\t<div class=\"elementor-element elementor-element-6d83ce7 e-con-full e-flex e-con e-child\" data-id=\"6d83ce7\" data-element_type=\"container\" data-e-type=\"container\" data-settings=\"{&quot;background_background&quot;:&quot;classic&quot;,&quot;jet_parallax_layout_list&quot;:[]}\">\n\t\t<div class=\"elementor-element elementor-element-cb0044d e-con-full e-flex e-con e-child\" data-id=\"cb0044d\" data-element_type=\"container\" data-e-type=\"container\" data-settings=\"{&quot;jet_parallax_layout_list&quot;:[]}\">\n\t\t\t\t<div class=\"elementor-element elementor-element-e792ff2 elementor-widget elementor-widget-image\" data-id=\"e792ff2\" data-element_type=\"widget\" data-e-type=\"widget\" data-widget_type=\"image.default\">\n\t\t\t\t\t\t\t\t\t\t\t\t\t\t\t<img fetchpriority=\"high\" decoding=\"async\" width=\"512\" height=\"121\" src=\"https:\/\/smartmediaagency.com\/wp-content\/uploads\/2025\/11\/fokus_black.svg\" class=\"attachment-large size-large wp-image-243\" alt=\"\" \/>\t\t\t\t\t\t\t\t\t\t\t\t\t\t\t<\/div>\n\t\t\t\t<div class=\"elementor-element elementor-element-d42b9fd elementor-widget elementor-widget-image\" data-id=\"d42b9fd\" data-element_type=\"widget\" data-e-type=\"widget\" data-widget_type=\"image.default\">\n\t\t\t\t\t\t\t\t\t\t\t\t\t\t\t<img decoding=\"async\" width=\"512\" height=\"121\" src=\"https:\/\/smartmediaagency.com\/wp-content\/uploads\/2025\/11\/focus_black.svg\" class=\"attachment-large size-large wp-image-244\" alt=\"\" \/>\t\t\t\t\t\t\t\t\t\t\t\t\t\t\t<\/div>\n\t\t\t\t<div class=\"elementor-element elementor-element-ee8ccf4 elementor-widget elementor-widget-image\" data-id=\"ee8ccf4\" data-element_type=\"widget\" data-e-type=\"widget\" data-widget_type=\"image.default\">\n\t\t\t\t\t\t\t\t\t\t\t\t\t\t\t<img decoding=\"async\" width=\"1\" height=\"1\" src=\"https:\/\/smartmediaagency.com\/wp-content\/uploads\/2025\/11\/smart_black.svg\" class=\"attachment-large size-large wp-image-915\" alt=\"\" \/>\t\t\t\t\t\t\t\t\t\t\t\t\t\t\t<\/div>\n\t\t\t\t<\/div>\n\t\t\t\t<div class=\"elementor-element elementor-element-1caf735 elementor-widget elementor-widget-text-editor\" data-id=\"1caf735\" data-element_type=\"widget\" data-e-type=\"widget\" data-widget_type=\"text-editor.default\">\n\t\t\t\t\t\t\t\t\t<p>A memorable print ad creates a memorable experience which will turn your audience into customers. In this digital age, grabbing the attention of your audience is key. Print is a strategic craft that sets stories in ink. It reaches out, touches, changes and not least of all, sticks around. Our focus is content marketing and through print media, we also share valuable and relevant stories.     <\/p>\t\t\t\t\t\t\t\t<\/div>\n\t\t\t\t<div class=\"elementor-element elementor-element-c3e661c elementor-widget elementor-widget-text-editor\" data-id=\"c3e661c\" data-element_type=\"widget\" data-e-type=\"widget\" data-widget_type=\"text-editor.default\">\n\t\t\t\t\t\t\t\t\t<p><strong>Benefits of print media<\/strong><\/p><ul><li>Trust \u2013 56% of all consumers trust print marketing more than any other advertising method<\/li><li>Relaxing quality experience when reading<\/li><li>Tangible experience \u2013 multi dimensional<\/li><li>Slows down time<\/li><li>Absorb information faster<\/li><li>Unedited, final product<\/li><li>Emotional impression<\/li><\/ul>\t\t\t\t\t\t\t\t<\/div>\n\t\t\t\t<div class=\"elementor-element elementor-element-6757b6d hover-shrink  top-auto elementor-align-left elementor-mobile-align-left elementor-widget elementor-widget-button\" data-id=\"6757b6d\" data-element_type=\"widget\" data-e-type=\"widget\" data-widget_type=\"button.default\">\n\t\t\t\t\t\t\t\t\t\t<a class=\"elementor-button elementor-button-link elementor-size-sm\" href=\"https:\/\/smartmediaagency.com\/en\/contact\/\">\n\t\t\t\t\t\t<span class=\"elementor-button-content-wrapper\">\n\t\t\t\t\t\t\t\t\t<span class=\"elementor-button-text\">Contact<\/span>\n\t\t\t\t\t<\/span>\n\t\t\t\t\t<\/a>\n\t\t\t\t\t\t\t\t<\/div>\n\t\t\t\t<\/div>\n\t\t<div class=\"elementor-element elementor-element-5d333ee e-con-full e-flex e-con e-child\" data-id=\"5d333ee\" data-element_type=\"container\" data-e-type=\"container\" data-settings=\"{&quot;background_background&quot;:&quot;classic&quot;,&quot;jet_parallax_layout_list&quot;:[]}\">\n\t\t\t\t<div class=\"elementor-element elementor-element-6b05a00 elementor-widget__width-inherit elementor-widget elementor-widget-heading\" data-id=\"6b05a00\" data-element_type=\"widget\" data-e-type=\"widget\" data-widget_type=\"heading.default\">\n\t\t\t\t\t<h2 class=\"elementor-heading-title elementor-size-default\">How can we work together in print?<br>\n\n<\/h2>\t\t\t\t<\/div>\n\t\t\t\t<div class=\"elementor-element elementor-element-cad5991 elementor-widget__width-inherit elementor-widget elementor-widget-text-editor\" data-id=\"cad5991\" data-element_type=\"widget\" data-e-type=\"widget\" data-widget_type=\"text-editor.default\">\n\t\t\t\t\t\t\t\t\t<p>Our editorial team has decades of experience on Europe\u2019s biggest media channels. Leverage the power of a great editor to ensure that your content achieves a high level of editorial excellence. Use our custom services to ensure your content is always on-brand, on-voice, optimised, and meeting a high level of editorial excellence.<br \/>Unser Redaktionsteam verf\u00fcgt \u00fcber jahrzehntelange Erfahrung bei den gr\u00f6\u00dften europ\u00e4ischen Medienkan\u00e4len. Nutzen Sie die Leistung eines hervorragenden Redakteurs, um sicherzustellen, dass Ihre Inhalte ein hohes Niveau an redaktioneller Qualit\u00e4t erreichen. Nutzen Sie unsere ma\u00dfgeschneiderten Dienste, um sicherzustellen, dass Ihre Inhalte stets markengerecht, stimmig und optimiert sind und ein hohes redaktionelles Niveau erf\u00fcllen.<\/p>\t\t\t\t\t\t\t\t<\/div>\n\t\t\t\t<div class=\"elementor-element elementor-element-bd9d002 hover-shrink  top-auto elementor-align-left elementor-mobile-align-left elementor-widget elementor-widget-button\" data-id=\"bd9d002\" data-element_type=\"widget\" data-e-type=\"widget\" data-widget_type=\"button.default\">\n\t\t\t\t\t\t\t\t\t\t<a class=\"elementor-button elementor-button-link elementor-size-sm\" href=\"https:\/\/smartmediaagency.com\/en\/contact\/\">\n\t\t\t\t\t\t<span class=\"elementor-button-content-wrapper\">\n\t\t\t\t\t\t\t\t\t<span class=\"elementor-button-text\">Contact Us<\/span>\n\t\t\t\t\t<\/span>\n\t\t\t\t\t<\/a>\n\t\t\t\t\t\t\t\t<\/div>\n\t\t\t\t<\/div>\n\t\t\t\t<\/div>\n\t\t<div class=\"elementor-element elementor-element-fa78890 e-con-full e-flex e-con e-parent\" data-id=\"fa78890\" data-element_type=\"container\" data-e-type=\"container\" data-settings=\"{&quot;jet_parallax_layout_list&quot;:[]}\">\n\t\t<div class=\"elementor-element elementor-element-37fdca0 e-con-full e-flex e-con e-child\" data-id=\"37fdca0\" data-element_type=\"container\" data-e-type=\"container\" data-settings=\"{&quot;background_background&quot;:&quot;classic&quot;,&quot;jet_parallax_layout_list&quot;:[]}\">\n\t\t\t\t<div class=\"elementor-element elementor-element-07cdcf9 elementor-widget__width-inherit elementor-widget elementor-widget-heading\" data-id=\"07cdcf9\" data-element_type=\"widget\" data-e-type=\"widget\" data-widget_type=\"heading.default\">\n\t\t\t\t\t<h2 class=\"elementor-heading-title elementor-size-default\">B2B<\/h2>\t\t\t\t<\/div>\n\t\t\t\t<div class=\"elementor-element elementor-element-c1c043e elementor-widget elementor-widget-text-editor\" data-id=\"c1c043e\" data-element_type=\"widget\" data-e-type=\"widget\" data-widget_type=\"text-editor.default\">\n\t\t\t\t\t\t\t\t\t<p>Our B2B editions are the purest form of thought leadership. The comfort zone of contemporary and future decision makers. Whether its business, innovation, tech or health, we provide content that sticks. Sector trends, exclusive interviews, a specialty magazine with the reach of national media. Where better to position your brand?<br>    <\/p><p> <\/p>\t\t\t\t\t\t\t\t<\/div>\n\t\t\t\t<\/div>\n\t\t<div class=\"elementor-element elementor-element-c013eef e-con-full e-flex e-con e-child\" data-id=\"c013eef\" data-element_type=\"container\" data-e-type=\"container\" data-settings=\"{&quot;jet_parallax_layout_list&quot;:[]}\">\n\t\t\t\t<div class=\"elementor-element elementor-element-43f94ff elementor-widget__width-inherit side-img elementor-widget elementor-widget-image\" data-id=\"43f94ff\" data-element_type=\"widget\" data-e-type=\"widget\" data-widget_type=\"image.default\">\n\t\t\t\t\t\t\t\t\t\t\t\t\t\t\t<img loading=\"lazy\" decoding=\"async\" width=\"800\" height=\"640\" src=\"https:\/\/smartmediaagency.com\/wp-content\/uploads\/2025\/11\/Mockup_B2B-scaled-min-1024x819.jpg\" class=\"attachment-large size-large wp-image-916\" alt=\"\" srcset=\"https:\/\/smartmediaagency.com\/wp-content\/uploads\/2025\/11\/Mockup_B2B-scaled-min-1024x819.jpg 1024w, https:\/\/smartmediaagency.com\/wp-content\/uploads\/2025\/11\/Mockup_B2B-scaled-min-300x240.jpg 300w, https:\/\/smartmediaagency.com\/wp-content\/uploads\/2025\/11\/Mockup_B2B-scaled-min-768x614.jpg 768w, https:\/\/smartmediaagency.com\/wp-content\/uploads\/2025\/11\/Mockup_B2B-scaled-min-1536x1229.jpg 1536w, https:\/\/smartmediaagency.com\/wp-content\/uploads\/2025\/11\/Mockup_B2B-scaled-min-2048x1638.jpg 2048w\" sizes=\"(max-width: 800px) 100vw, 800px\" \/>\t\t\t\t\t\t\t\t\t\t\t\t\t\t\t<\/div>\n\t\t\t\t<\/div>\n\t\t\t\t<\/div>\n\t\t<div class=\"elementor-element elementor-element-e8fb6ba e-con-full e-flex e-con e-parent\" data-id=\"e8fb6ba\" data-element_type=\"container\" data-e-type=\"container\" data-settings=\"{&quot;jet_parallax_layout_list&quot;:[]}\">\n\t\t<div class=\"elementor-element elementor-element-39ba38f e-con-full e-flex e-con e-child\" data-id=\"39ba38f\" data-element_type=\"container\" data-e-type=\"container\" data-settings=\"{&quot;jet_parallax_layout_list&quot;:[]}\">\n\t\t\t\t<div class=\"elementor-element elementor-element-86048bf elementor-widget__width-inherit side-img elementor-widget elementor-widget-image\" data-id=\"86048bf\" data-element_type=\"widget\" data-e-type=\"widget\" data-widget_type=\"image.default\">\n\t\t\t\t\t\t\t\t\t\t\t\t\t\t\t<img loading=\"lazy\" decoding=\"async\" width=\"800\" height=\"640\" src=\"https:\/\/smartmediaagency.com\/wp-content\/uploads\/2025\/11\/Mockup_B2C-scaled-min-1024x819.jpg\" class=\"attachment-large size-large wp-image-917\" alt=\"\" srcset=\"https:\/\/smartmediaagency.com\/wp-content\/uploads\/2025\/11\/Mockup_B2C-scaled-min-1024x819.jpg 1024w, https:\/\/smartmediaagency.com\/wp-content\/uploads\/2025\/11\/Mockup_B2C-scaled-min-300x240.jpg 300w, https:\/\/smartmediaagency.com\/wp-content\/uploads\/2025\/11\/Mockup_B2C-scaled-min-768x614.jpg 768w, https:\/\/smartmediaagency.com\/wp-content\/uploads\/2025\/11\/Mockup_B2C-scaled-min-1536x1229.jpg 1536w, https:\/\/smartmediaagency.com\/wp-content\/uploads\/2025\/11\/Mockup_B2C-scaled-min-2048x1638.jpg 2048w\" sizes=\"(max-width: 800px) 100vw, 800px\" \/>\t\t\t\t\t\t\t\t\t\t\t\t\t\t\t<\/div>\n\t\t\t\t<\/div>\n\t\t<div class=\"elementor-element elementor-element-91c0f29 e-con-full e-flex e-con e-child\" data-id=\"91c0f29\" data-element_type=\"container\" data-e-type=\"container\" data-settings=\"{&quot;background_background&quot;:&quot;classic&quot;,&quot;jet_parallax_layout_list&quot;:[]}\">\n\t\t\t\t<div class=\"elementor-element elementor-element-06dd30f elementor-widget elementor-widget-heading\" data-id=\"06dd30f\" data-element_type=\"widget\" data-e-type=\"widget\" data-widget_type=\"heading.default\">\n\t\t\t\t\t<h2 class=\"elementor-heading-title elementor-size-default\">B2C<\/h2>\t\t\t\t<\/div>\n\t\t\t\t<div class=\"elementor-element elementor-element-4508eba elementor-widget elementor-widget-text-editor\" data-id=\"4508eba\" data-element_type=\"widget\" data-e-type=\"widget\" data-widget_type=\"text-editor.default\">\n\t\t\t\t\t\t\t\t\tImagine engaging with hundreds of thousands consumers in the right place, at the right time, in the right context. Undisturbed, with full focus. Can you feel the power of such a moment? This is what we do with our B2C publications. We connect brands with people, in the least intrusive way possible: by giving them content they want to read.    \t\t\t\t\t\t\t\t<\/div>\n\t\t\t\t<\/div>\n\t\t\t\t<\/div>\n\t\t<div class=\"elementor-element elementor-element-a5c729f e-con-full e-flex e-con e-parent\" data-id=\"a5c729f\" data-element_type=\"container\" data-e-type=\"container\" data-settings=\"{&quot;jet_parallax_layout_list&quot;:[]}\">\n\t\t<div class=\"elementor-element elementor-element-dfd4b47 e-con-full e-flex e-con e-child\" data-id=\"dfd4b47\" data-element_type=\"container\" data-e-type=\"container\" data-settings=\"{&quot;background_background&quot;:&quot;classic&quot;,&quot;jet_parallax_layout_list&quot;:[]}\">\n\t\t\t\t<div class=\"elementor-element elementor-element-9e67524 elementor-widget__width-inherit elementor-widget elementor-widget-shortcode\" data-id=\"9e67524\" data-element_type=\"widget\" data-e-type=\"widget\" data-widget_type=\"shortcode.default\">\n\t\t\t\t\t\t\t<div class=\"elementor-shortcode\"><style id=\"wpforms-css-vars-580\">\n\t\t\t\t#wpforms-580 {\n\t\t\t\t--wpforms-field-size-input-height: 43px;\n--wpforms-field-size-input-spacing: 15px;\n--wpforms-field-size-font-size: 16px;\n--wpforms-field-size-line-height: 19px;\n--wpforms-field-size-padding-h: 14px;\n--wpforms-field-size-checkbox-size: 16px;\n--wpforms-field-size-sublabel-spacing: 5px;\n--wpforms-field-size-icon-size: 1;\n--wpforms-label-size-font-size: 16px;\n--wpforms-label-size-line-height: 19px;\n--wpforms-label-size-sublabel-font-size: 14px;\n--wpforms-label-size-sublabel-line-height: 17px;\n--wpforms-button-size-font-size: 17px;\n--wpforms-button-size-height: 41px;\n--wpforms-button-size-padding-h: 15px;\n--wpforms-button-size-margin-top: 10px;\n--wpforms-container-shadow-size-box-shadow: none;\n\t\t\t}\n\t\t\t<\/style><div class=\"wpforms-container wpforms-container-full wpforms-render-modern\" id=\"wpforms-580\"><form id=\"wpforms-form-580\" class=\"wpforms-validate wpforms-form wpforms-ajax-form\" data-formid=\"580\" method=\"post\" enctype=\"multipart\/form-data\" action=\"\/en\/wp-json\/wp\/v2\/pages\/919\" data-token=\"e2462ecbb71a7b98638f9466042d1604\" data-token-time=\"1778918875\"><noscript class=\"wpforms-error-noscript\">Please enable JavaScript in your browser to complete this form.<\/noscript><div id=\"wpforms-error-noscript\" style=\"display: none;\">Please enable JavaScript in your browser to complete this form.<\/div><div class=\"wpforms-field-container\"><div id=\"wpforms-580-field_1-container\" class=\"wpforms-field wpforms-field-text\" data-field-id=\"1\"><label class=\"wpforms-field-label\" for=\"wpforms-580-field_1\">Name <span class=\"wpforms-required-label\" aria-hidden=\"true\">*<\/span><\/label><input type=\"text\" id=\"wpforms-580-field_1\" class=\"wpforms-field-large wpforms-field-required\" name=\"wpforms[fields][1]\" aria-errormessage=\"wpforms-580-field_1-error\" required><\/div><div id=\"wpforms-580-field_2-container\" class=\"wpforms-field wpforms-field-email\" data-field-id=\"2\"><label class=\"wpforms-field-label\" for=\"wpforms-580-field_2\">Email <span class=\"wpforms-required-label\" aria-hidden=\"true\">*<\/span><\/label><input type=\"email\" id=\"wpforms-580-field_2\" class=\"wpforms-field-large wpforms-field-required\" name=\"wpforms[fields][2]\" spellcheck=\"false\" aria-errormessage=\"wpforms-580-field_2-error\" required><\/div><div id=\"wpforms-580-field_6-container\" class=\"wpforms-field wpforms-field-text\" data-field-id=\"6\"><label class=\"wpforms-field-label\" for=\"wpforms-580-field_6\">Phone<\/label><input type=\"text\" id=\"wpforms-580-field_6\" class=\"wpforms-field-large\" name=\"wpforms[fields][6]\" aria-errormessage=\"wpforms-580-field_6-error\" ><\/div><div id=\"wpforms-580-field_7-container\" class=\"wpforms-field wpforms-field-textarea\" data-field-id=\"7\"><label class=\"wpforms-field-label\" for=\"wpforms-580-field_7\">Message <span class=\"wpforms-required-label\" aria-hidden=\"true\">*<\/span><\/label><textarea id=\"wpforms-580-field_7\" class=\"wpforms-field-medium wpforms-field-required\" name=\"wpforms[fields][7]\" aria-errormessage=\"wpforms-580-field_7-error\" required><\/textarea><\/div><div id=\"wpforms-580-field_9-container\" class=\"wpforms-field wpforms-field-checkbox terms-conditions\" data-field-id=\"9\"><fieldset><legend class=\"wpforms-field-label wpforms-label-hide\" aria-hidden=\"false\"> <span class=\"wpforms-required-label\" aria-hidden=\"true\">*<\/span><\/legend><ul id=\"wpforms-580-field_9\" class=\"wpforms-field-required\"><li class=\"choice-1 depth-1\"><input type=\"checkbox\" id=\"wpforms-580-field_9_1\" name=\"wpforms[fields][9][]\" value=\"I accept the Terms &amp; Conditions.\" aria-errormessage=\"wpforms-580-field_9_1-error\" required ><label class=\"wpforms-field-label-inline\" for=\"wpforms-580-field_9_1\">I accept the Terms &amp; Conditions.<\/label><\/li><\/ul><\/fieldset><\/div><div id=\"wpforms-580-field_10-container\" class=\"wpforms-field wpforms-field-checkbox subscribe-newsletter\" data-field-id=\"10\"><fieldset><legend class=\"wpforms-field-label wpforms-label-hide\" aria-hidden=\"false\"><\/legend><ul id=\"wpforms-580-field_10\"><li class=\"choice-1 depth-1\"><input type=\"checkbox\" id=\"wpforms-580-field_10_1\" name=\"wpforms[fields][10][]\" value=\"I would like to subscribe to the monthly newsletter.\" aria-errormessage=\"wpforms-580-field_10_1-error\"  ><label class=\"wpforms-field-label-inline\" for=\"wpforms-580-field_10_1\">I would like to subscribe to the monthly newsletter.<\/label><\/li><\/ul><\/fieldset><\/div><\/div><!-- .wpforms-field-container --><div class=\"wpforms-submit-container\" ><input type=\"hidden\" name=\"wpforms[id]\" value=\"580\"><input type=\"hidden\" name=\"page_title\" value=\"\"><input type=\"hidden\" name=\"page_url\" value=\"https:\/\/smartmediaagency.com\/en\/wp-json\/wp\/v2\/pages\/919\"><input type=\"hidden\" name=\"url_referer\" value=\"\"><button type=\"submit\" name=\"wpforms[submit]\" id=\"wpforms-submit-580\" class=\"wpforms-submit\" data-alt-text=\"Sending...\" data-submit-text=\"Send\" aria-live=\"assertive\" value=\"wpforms-submit\">Send<\/button><img loading=\"lazy\" decoding=\"async\" src=\"https:\/\/smartmediaagency.com\/wp-content\/plugins\/wpforms\/assets\/images\/submit-spin.svg\" class=\"wpforms-submit-spinner\" style=\"display: none;\" width=\"26\" height=\"26\" alt=\"Loading\"><\/div><\/form><\/div>  <!-- .wpforms-container --><\/div>\n\t\t\t\t\t\t<\/div>\n\t\t\t\t<\/div>\n\t\t<div class=\"elementor-element elementor-element-5466d4e e-con-full e-flex e-con e-child\" data-id=\"5466d4e\" data-element_type=\"container\" data-e-type=\"container\" data-settings=\"{&quot;jet_parallax_layout_list&quot;:[]}\">\n\t\t\t\t<div class=\"elementor-element elementor-element-e0c827d elementor-widget__width-inherit side-img elementor-widget elementor-widget-image\" data-id=\"e0c827d\" data-element_type=\"widget\" data-e-type=\"widget\" data-widget_type=\"image.default\">\n\t\t\t\t\t\t\t\t\t\t\t\t\t\t\t<img loading=\"lazy\" decoding=\"async\" width=\"800\" height=\"534\" src=\"https:\/\/smartmediaagency.com\/wp-content\/uploads\/2025\/11\/AdobeStock_435500539-2-1024x683.jpg\" class=\"attachment-large size-large wp-image-918\" alt=\"\" srcset=\"https:\/\/smartmediaagency.com\/wp-content\/uploads\/2025\/11\/AdobeStock_435500539-2-1024x683.jpg 1024w, https:\/\/smartmediaagency.com\/wp-content\/uploads\/2025\/11\/AdobeStock_435500539-2-300x200.jpg 300w, https:\/\/smartmediaagency.com\/wp-content\/uploads\/2025\/11\/AdobeStock_435500539-2-768x512.jpg 768w, https:\/\/smartmediaagency.com\/wp-content\/uploads\/2025\/11\/AdobeStock_435500539-2-1536x1025.jpg 1536w, https:\/\/smartmediaagency.com\/wp-content\/uploads\/2025\/11\/AdobeStock_435500539-2.jpg 2048w\" sizes=\"(max-width: 800px) 100vw, 800px\" \/>\t\t\t\t\t\t\t\t\t\t\t\t\t\t\t<\/div>\n\t\t\t\t<\/div>\n\t\t\t\t<\/div>\n\t\t\t\t<\/div>\n\t\t","protected":false},"excerpt":{"rendered":"<p>Print A memorable print ad creates a memorable experience which will turn your audience into customers. In this digital age, grabbing the attention of your audience is key. Print is a strategic craft that sets stories in ink. It reaches out, touches, changes and not least of all, sticks around. Our focus is content marketing [&hellip;]<\/p>\n","protected":false},"author":2,"featured_media":0,"parent":698,"menu_order":0,"comment_status":"closed","ping_status":"closed","template":"elementor_header_footer","meta":{"_acf_changed":false,"footnotes":""},"class_list":["post-919","page","type-page","status-publish","hentry"],"acf":[],"_links":{"self":[{"href":"https:\/\/smartmediaagency.com\/en\/wp-json\/wp\/v2\/pages\/919","targetHints":{"allow":["GET"]}}],"collection":[{"href":"https:\/\/smartmediaagency.com\/en\/wp-json\/wp\/v2\/pages"}],"about":[{"href":"https:\/\/smartmediaagency.com\/en\/wp-json\/wp\/v2\/types\/page"}],"author":[{"embeddable":true,"href":"https:\/\/smartmediaagency.com\/en\/wp-json\/wp\/v2\/users\/2"}],"replies":[{"embeddable":true,"href":"https:\/\/smartmediaagency.com\/en\/wp-json\/wp\/v2\/comments?post=919"}],"version-history":[{"count":0,"href":"https:\/\/smartmediaagency.com\/en\/wp-json\/wp\/v2\/pages\/919\/revisions"}],"up":[{"embeddable":true,"href":"https:\/\/smartmediaagency.com\/en\/wp-json\/wp\/v2\/pages\/698"}],"wp:attachment":[{"href":"https:\/\/smartmediaagency.com\/en\/wp-json\/wp\/v2\/media?parent=919"}],"curies":[{"name":"wp","href":"https:\/\/api.w.org\/{rel}","templated":true}]}}